{"id":16190,"date":"2025-07-15T10:59:27","date_gmt":"2025-07-15T08:59:27","guid":{"rendered":"https:\/\/foxit-technology.com\/proizvod\/gorionik-za-pelet-easy-pell-smb\/"},"modified":"2025-07-15T10:59:28","modified_gmt":"2025-07-15T08:59:28","slug":"gorionik-za-pelet-easy-pell-smb","status":"publish","type":"product","link":"https:\/\/hidroterm.dmcsrbija.com\/ru\/proizvod\/gorionik-za-pelet-easy-pell-smb\/","title":{"rendered":"Gorionik za pelet Easy pell SMB"},"content":{"rendered":"<p>Gorionik Mareli Easy Pell SMB snage od 35 &#8211; 200 kW,<\/p>\n<p>gorionik na pelet sa potpuno automatizovanim radom, pored svih standardnih funkcija poseduje sistem mehani\u010dkog samo-\u010di\u0161\u0107enja(osim 35kw). Svaki gorionik poseduje nepovratniu klapnu protiv povracaja plamena i dva pu\u017ea koji omogu\u0107uju transport peleta u gorionik. Ovo konstruktivno re\u0161enje omogu\u0107uje upotrebu peleta lo\u0161ijeg kvaliteta. Postoji mogucnost koriscenja kostica od tresnje i visnje.&nbsp; Moze cak i od sljive, ali sa tim vec nije tako ekonomican rad kao sa predhodnim navedenim.&nbsp; Mogu\u0107nost pode\u0161avanja snage gorionika, povezivanje sobnog termostata. Displej na srpskom jeziku, na kom u svakom momentu vidite u kojoj fazi se nalazi gorionik, zadatu temperaturu, dostugnutu temperaturu i jo\u0161 mnogo toga. Zbog toga se Easy Pell name\u0107e kao sigurno i pouzdano re\u0161enje po pristupa\u010dnoj ceni.<\/p>\n<p><img decoding=\"async\" src=\"images\/SMB_tabla_cb3a6.png\" alt=\"SMB tabla.png\" \/><\/p>\n<p>&nbsp;<\/p>\n<p><img fetchpriority=\"high\" decoding=\"async\" src=\"images\/SMB_slika_06465.png\" alt=\"SMB slika.png\" width=\"1226\" height=\"858\" \/><\/p>\n<p>&nbsp;<\/p>\n<p>&nbsp;<\/p>\n<p>&nbsp;<\/p>","protected":false},"excerpt":{"rendered":"<p>Gorionik Mareli Easy Pell SMB snage od 35 &#8211; 200 kW, gorionik na pelet sa potpuno automatizovanim radom, pored svih standardnih funkcija poseduje sistem mehani\u010dkog samo-\u010di\u0161\u0107enja(osim 35kw). Svaki gorionik poseduje nepovratniu klapnu protiv povracaja plamena i dva pu\u017ea koji omogu\u0107uju transport peleta u gorionik. Ovo konstruktivno re\u0161enje omogu\u0107uje upotrebu peleta lo\u0161ijeg kvaliteta. Postoji mogucnost koriscenja [&hellip;]<\/p>\n","protected":false},"featured_media":16191,"template":"","meta":[],"product_brand":[],"product_cat":[4218,4214],"product_tag":[],"class_list":{"0":"post-16190","1":"product","2":"type-product","3":"status-publish","4":"has-post-thumbnail","6":"product_cat-gorionici","7":"product_cat-gorionici-za-pelet","9":"first","10":"instock","11":"purchasable","12":"product-type-simple"},"_links":{"self":[{"href":"https:\/\/hidroterm.dmcsrbija.com\/ru\/wp-json\/wp\/v2\/product\/16190","targetHints":{"allow":["GET"]}}],"collection":[{"href":"https:\/\/hidroterm.dmcsrbija.com\/ru\/wp-json\/wp\/v2\/product"}],"about":[{"href":"https:\/\/hidroterm.dmcsrbija.com\/ru\/wp-json\/wp\/v2\/types\/product"}],"wp:featuredmedia":[{"embeddable":true,"href":"https:\/\/hidroterm.dmcsrbija.com\/ru\/wp-json\/wp\/v2\/media\/16191"}],"wp:attachment":[{"href":"https:\/\/hidroterm.dmcsrbija.com\/ru\/wp-json\/wp\/v2\/media?parent=16190"}],"wp:term":[{"taxonomy":"product_brand","embeddable":true,"href":"https:\/\/hidroterm.dmcsrbija.com\/ru\/wp-json\/wp\/v2\/product_brand?post=16190"},{"taxonomy":"product_cat","embeddable":true,"href":"https:\/\/hidroterm.dmcsrbija.com\/ru\/wp-json\/wp\/v2\/product_cat?post=16190"},{"taxonomy":"product_tag","embeddable":true,"href":"https:\/\/hidroterm.dmcsrbija.com\/ru\/wp-json\/wp\/v2\/product_tag?post=16190"}],"curies":[{"name":"wp","href":"https:\/\/api.w.org\/{rel}","templated":true}]}}