{"id":16188,"date":"2025-07-15T10:59:27","date_gmt":"2025-07-15T08:59:27","guid":{"rendered":"https:\/\/foxit-technology.com\/proizvod\/gorionik-za-pelet-bosch-brenn-341kw\/"},"modified":"2025-07-15T10:59:28","modified_gmt":"2025-07-15T08:59:28","slug":"gorionik-za-pelet-bosch-brenn-341kw","status":"publish","type":"product","link":"https:\/\/hidroterm.dmcsrbija.com\/ru\/proizvod\/gorionik-za-pelet-bosch-brenn-341kw\/","title":{"rendered":"Gorionik za pelet Bosch Brenn 34,1kW"},"content":{"rendered":"<p>U ponudi su dva gorionika, snage do 34 kW, odnosno 55 kW. Na gorionike PELET BRENN se mo\u017ee povezati sobni termostat, \u010dime obezbe\u0111ujete da u sobama imate konstantnu temperaturu. Kada se dostigne \u017eeljena temperatura, gorionik se gasi, a kada se spusti, ponovo se pali. Na ovaj na\u010din se \u0161tedi gorivo, a korisnici kona\u010dno imaju pravi komfor grejanja.<\/p>","protected":false},"excerpt":{"rendered":"<p>U ponudi su dva gorionika, snage do 34 kW, odnosno 55 kW. Na gorionike PELET BRENN se mo\u017ee povezati sobni termostat, \u010dime obezbe\u0111ujete da u sobama imate konstantnu temperaturu. Kada se dostigne \u017eeljena temperatura, gorionik se gasi, a kada se spusti, ponovo se pali. Na ovaj na\u010din se \u0161tedi gorivo, a korisnici kona\u010dno imaju pravi [&hellip;]<\/p>\n","protected":false},"featured_media":16189,"template":"","meta":[],"product_brand":[4210],"product_cat":[4218,4214],"product_tag":[],"class_list":{"0":"post-16188","1":"product","2":"type-product","3":"status-publish","4":"has-post-thumbnail","6":"product_brand-bosch","7":"product_cat-gorionici","8":"product_cat-gorionici-za-pelet","10":"first","11":"instock","12":"purchasable","13":"product-type-simple"},"_links":{"self":[{"href":"https:\/\/hidroterm.dmcsrbija.com\/ru\/wp-json\/wp\/v2\/product\/16188","targetHints":{"allow":["GET"]}}],"collection":[{"href":"https:\/\/hidroterm.dmcsrbija.com\/ru\/wp-json\/wp\/v2\/product"}],"about":[{"href":"https:\/\/hidroterm.dmcsrbija.com\/ru\/wp-json\/wp\/v2\/types\/product"}],"wp:featuredmedia":[{"embeddable":true,"href":"https:\/\/hidroterm.dmcsrbija.com\/ru\/wp-json\/wp\/v2\/media\/16189"}],"wp:attachment":[{"href":"https:\/\/hidroterm.dmcsrbija.com\/ru\/wp-json\/wp\/v2\/media?parent=16188"}],"wp:term":[{"taxonomy":"product_brand","embeddable":true,"href":"https:\/\/hidroterm.dmcsrbija.com\/ru\/wp-json\/wp\/v2\/product_brand?post=16188"},{"taxonomy":"product_cat","embeddable":true,"href":"https:\/\/hidroterm.dmcsrbija.com\/ru\/wp-json\/wp\/v2\/product_cat?post=16188"},{"taxonomy":"product_tag","embeddable":true,"href":"https:\/\/hidroterm.dmcsrbija.com\/ru\/wp-json\/wp\/v2\/product_tag?post=16188"}],"curies":[{"name":"wp","href":"https:\/\/api.w.org\/{rel}","templated":true}]}}