{"id":16186,"date":"2025-07-15T10:59:27","date_gmt":"2025-07-15T08:59:27","guid":{"rendered":"https:\/\/foxit-technology.com\/proizvod\/gorionik-za-pelet-b-max\/"},"modified":"2025-07-15T10:59:27","modified_gmt":"2025-07-15T08:59:27","slug":"gorionik-za-pelet-b-max","status":"publish","type":"product","link":"https:\/\/hidroterm.dmcsrbija.com\/ru\/proizvod\/gorionik-za-pelet-b-max\/","title":{"rendered":"Gorionik za pelet B-max"},"content":{"rendered":"<p>Gorionici B max su konstruisani u Italiji i u ponudi su dva modela pelet gorionika, B-Max Home snage 12-30 kW i B-Max Essential snage 34-50 kW sa mogu\u0107no\u0161\u0107u modulacije snage, gorionici su tehnolo\u0161ki pouzdani i imaju ugra\u0111enu sigurnosnu za\u0161titu i potpuno autmatizovan rad. Gorionici su konstruisani tako da u sebi imaju interni transporter peleta koji dozira pelet u re\u0161etku za sagorevanje. Ovakva konstrukcija garantuje za\u0161titu od povratnog plamena, tako\u0111e interni transporter preciznije dozira pelet u re\u0161etku za sagorevanje.<\/p>","protected":false},"excerpt":{"rendered":"<p>Gorionici B max su konstruisani u Italiji i u ponudi su dva modela pelet gorionika, B-Max Home snage 12-30 kW i B-Max Essential snage 34-50 kW sa mogu\u0107no\u0161\u0107u modulacije snage, gorionici su tehnolo\u0161ki pouzdani i imaju ugra\u0111enu sigurnosnu za\u0161titu i potpuno autmatizovan rad. Gorionici su konstruisani tako da u sebi imaju interni transporter peleta koji [&hellip;]<\/p>\n","protected":false},"featured_media":16187,"template":"","meta":[],"product_brand":[4219],"product_cat":[4218,4214],"product_tag":[],"class_list":{"0":"post-16186","1":"product","2":"type-product","3":"status-publish","4":"has-post-thumbnail","6":"product_brand-b-max","7":"product_cat-gorionici","8":"product_cat-gorionici-za-pelet","10":"first","11":"instock","12":"purchasable","13":"product-type-simple"},"_links":{"self":[{"href":"https:\/\/hidroterm.dmcsrbija.com\/ru\/wp-json\/wp\/v2\/product\/16186","targetHints":{"allow":["GET"]}}],"collection":[{"href":"https:\/\/hidroterm.dmcsrbija.com\/ru\/wp-json\/wp\/v2\/product"}],"about":[{"href":"https:\/\/hidroterm.dmcsrbija.com\/ru\/wp-json\/wp\/v2\/types\/product"}],"wp:featuredmedia":[{"embeddable":true,"href":"https:\/\/hidroterm.dmcsrbija.com\/ru\/wp-json\/wp\/v2\/media\/16187"}],"wp:attachment":[{"href":"https:\/\/hidroterm.dmcsrbija.com\/ru\/wp-json\/wp\/v2\/media?parent=16186"}],"wp:term":[{"taxonomy":"product_brand","embeddable":true,"href":"https:\/\/hidroterm.dmcsrbija.com\/ru\/wp-json\/wp\/v2\/product_brand?post=16186"},{"taxonomy":"product_cat","embeddable":true,"href":"https:\/\/hidroterm.dmcsrbija.com\/ru\/wp-json\/wp\/v2\/product_cat?post=16186"},{"taxonomy":"product_tag","embeddable":true,"href":"https:\/\/hidroterm.dmcsrbija.com\/ru\/wp-json\/wp\/v2\/product_tag?post=16186"}],"curies":[{"name":"wp","href":"https:\/\/api.w.org\/{rel}","templated":true}]}}