{"id":16184,"date":"2025-07-15T10:59:15","date_gmt":"2025-07-15T08:59:15","guid":{"rendered":"https:\/\/foxit-technology.com\/proizvod\/gorionik-za-pelet-ferroli\/"},"modified":"2025-07-15T10:59:25","modified_gmt":"2025-07-15T08:59:25","slug":"gorionik-za-pelet-ferroli","status":"publish","type":"product","link":"https:\/\/hidroterm.dmcsrbija.com\/ru\/proizvod\/gorionik-za-pelet-ferroli\/","title":{"rendered":"Gorionik za pelet Ferroli"},"content":{"rendered":"<p>Gorionik Ferroli Sun P7 i P12 karakteri\u0161u se potpuno druga\u010dijim dizajnom i ve\u0107im LCD displejom \u010diji je polo\u017eaj prilagodjen potrebama korisnika. Automatika je istovremeno ima mogu\u0107nost upravljanja pumpom, me\u0161nim ventilom, kao i pripremom tople vode u bojleru.<\/p>","protected":false},"excerpt":{"rendered":"<p>Gorionik Ferroli Sun P7 i P12 karakteri\u0161u se potpuno druga\u010dijim dizajnom i ve\u0107im LCD displejom \u010diji je polo\u017eaj prilagodjen potrebama korisnika. Automatika je istovremeno ima mogu\u0107nost upravljanja pumpom, me\u0161nim ventilom, kao i pripremom tople vode u bojleru.<\/p>","protected":false},"featured_media":16185,"template":"","meta":[],"product_brand":[4191],"product_cat":[4218,4214],"product_tag":[],"class_list":{"0":"post-16184","1":"product","2":"type-product","3":"status-publish","4":"has-post-thumbnail","6":"product_brand-ferroli","7":"product_cat-gorionici","8":"product_cat-gorionici-za-pelet","10":"first","11":"instock","12":"purchasable","13":"product-type-simple"},"_links":{"self":[{"href":"https:\/\/hidroterm.dmcsrbija.com\/ru\/wp-json\/wp\/v2\/product\/16184","targetHints":{"allow":["GET"]}}],"collection":[{"href":"https:\/\/hidroterm.dmcsrbija.com\/ru\/wp-json\/wp\/v2\/product"}],"about":[{"href":"https:\/\/hidroterm.dmcsrbija.com\/ru\/wp-json\/wp\/v2\/types\/product"}],"wp:featuredmedia":[{"embeddable":true,"href":"https:\/\/hidroterm.dmcsrbija.com\/ru\/wp-json\/wp\/v2\/media\/16185"}],"wp:attachment":[{"href":"https:\/\/hidroterm.dmcsrbija.com\/ru\/wp-json\/wp\/v2\/media?parent=16184"}],"wp:term":[{"taxonomy":"product_brand","embeddable":true,"href":"https:\/\/hidroterm.dmcsrbija.com\/ru\/wp-json\/wp\/v2\/product_brand?post=16184"},{"taxonomy":"product_cat","embeddable":true,"href":"https:\/\/hidroterm.dmcsrbija.com\/ru\/wp-json\/wp\/v2\/product_cat?post=16184"},{"taxonomy":"product_tag","embeddable":true,"href":"https:\/\/hidroterm.dmcsrbija.com\/ru\/wp-json\/wp\/v2\/product_tag?post=16184"}],"curies":[{"name":"wp","href":"https:\/\/api.w.org\/{rel}","templated":true}]}}