{"id":16182,"date":"2025-07-15T10:59:15","date_gmt":"2025-07-15T08:59:15","guid":{"rendered":"https:\/\/foxit-technology.com\/proizvod\/usisivac-za-pelet-raider\/"},"modified":"2025-07-15T10:59:24","modified_gmt":"2025-07-15T08:59:24","slug":"usisivac-za-pelet-raider","status":"publish","type":"product","link":"https:\/\/hidroterm.dmcsrbija.com\/ru\/proizvod\/usisivac-za-pelet-raider\/","title":{"rendered":"Usisiva\u010d za pelet Raider"},"content":{"rendered":"<p>Usisiva\u010di za pelet namenjeni su usisavanju peletne pra\u0161ine i ostataka koji nastaju sagorevanjem peleta.&nbsp;<\/p>\n<p>Snaga 1000w, zapremina 18l.<\/p>","protected":false},"excerpt":{"rendered":"<p>Usisiva\u010di za pelet namenjeni su usisavanju peletne pra\u0161ine i ostataka koji nastaju sagorevanjem peleta.&nbsp; Snaga 1000w, zapremina 18l.<\/p>","protected":false},"featured_media":16183,"template":"","meta":[],"product_brand":[],"product_cat":[4205,4217],"product_tag":[],"class_list":{"0":"post-16182","1":"product","2":"type-product","3":"status-publish","4":"has-post-thumbnail","6":"product_cat-kotlovi-i-kamini-na-pelet","7":"product_cat-oprema-za-odrzavanje-kotlova-na-pelet","9":"first","10":"instock","11":"purchasable","12":"product-type-simple"},"_links":{"self":[{"href":"https:\/\/hidroterm.dmcsrbija.com\/ru\/wp-json\/wp\/v2\/product\/16182","targetHints":{"allow":["GET"]}}],"collection":[{"href":"https:\/\/hidroterm.dmcsrbija.com\/ru\/wp-json\/wp\/v2\/product"}],"about":[{"href":"https:\/\/hidroterm.dmcsrbija.com\/ru\/wp-json\/wp\/v2\/types\/product"}],"wp:featuredmedia":[{"embeddable":true,"href":"https:\/\/hidroterm.dmcsrbija.com\/ru\/wp-json\/wp\/v2\/media\/16183"}],"wp:attachment":[{"href":"https:\/\/hidroterm.dmcsrbija.com\/ru\/wp-json\/wp\/v2\/media?parent=16182"}],"wp:term":[{"taxonomy":"product_brand","embeddable":true,"href":"https:\/\/hidroterm.dmcsrbija.com\/ru\/wp-json\/wp\/v2\/product_brand?post=16182"},{"taxonomy":"product_cat","embeddable":true,"href":"https:\/\/hidroterm.dmcsrbija.com\/ru\/wp-json\/wp\/v2\/product_cat?post=16182"},{"taxonomy":"product_tag","embeddable":true,"href":"https:\/\/hidroterm.dmcsrbija.com\/ru\/wp-json\/wp\/v2\/product_tag?post=16182"}],"curies":[{"name":"wp","href":"https:\/\/api.w.org\/{rel}","templated":true}]}}