{"id":16176,"date":"2025-07-15T10:59:15","date_gmt":"2025-07-15T08:59:15","guid":{"rendered":"https:\/\/foxit-technology.com\/proizvod\/rezervoar-za-pelet-140-l\/"},"modified":"2026-03-18T14:33:54","modified_gmt":"2026-03-18T13:33:54","slug":"rezervoar-za-pelet-140-l","status":"publish","type":"product","link":"https:\/\/hidroterm.dmcsrbija.com\/ru\/proizvod\/rezervoar-za-pelet-140-l\/","title":{"rendered":"Rezervoar za pelet 140 L"},"content":{"rendered":"<p>Spremnici za pelet namenjeni su skladi\u0161tenju peleta u funkciji omogu\u0107avanja kori\u0161\u0107enja peleta prilikom rada pelet setova.<\/p>","protected":false},"excerpt":{"rendered":"<p>Spremnici za pelet namenjeni su skladi\u0161tenju peleta u funkciji omogu\u0107avanja kori\u0161\u0107enja peleta prilikom rada pelet setova.<\/p>","protected":false},"featured_media":16177,"template":"","meta":[],"product_brand":[],"product_cat":[4214,4216],"product_tag":[],"class_list":{"0":"post-16176","1":"product","2":"type-product","3":"status-publish","4":"has-post-thumbnail","6":"product_cat-gorionici-za-pelet","7":"product_cat-rezervoari-za-pelet","9":"first","10":"instock","11":"purchasable","12":"product-type-simple"},"_links":{"self":[{"href":"https:\/\/hidroterm.dmcsrbija.com\/ru\/wp-json\/wp\/v2\/product\/16176","targetHints":{"allow":["GET"]}}],"collection":[{"href":"https:\/\/hidroterm.dmcsrbija.com\/ru\/wp-json\/wp\/v2\/product"}],"about":[{"href":"https:\/\/hidroterm.dmcsrbija.com\/ru\/wp-json\/wp\/v2\/types\/product"}],"wp:featuredmedia":[{"embeddable":true,"href":"https:\/\/hidroterm.dmcsrbija.com\/ru\/wp-json\/wp\/v2\/media\/16177"}],"wp:attachment":[{"href":"https:\/\/hidroterm.dmcsrbija.com\/ru\/wp-json\/wp\/v2\/media?parent=16176"}],"wp:term":[{"taxonomy":"product_brand","embeddable":true,"href":"https:\/\/hidroterm.dmcsrbija.com\/ru\/wp-json\/wp\/v2\/product_brand?post=16176"},{"taxonomy":"product_cat","embeddable":true,"href":"https:\/\/hidroterm.dmcsrbija.com\/ru\/wp-json\/wp\/v2\/product_cat?post=16176"},{"taxonomy":"product_tag","embeddable":true,"href":"https:\/\/hidroterm.dmcsrbija.com\/ru\/wp-json\/wp\/v2\/product_tag?post=16176"}],"curies":[{"name":"wp","href":"https:\/\/api.w.org\/{rel}","templated":true}]}}