{"id":16174,"date":"2025-07-15T10:59:15","date_gmt":"2025-07-15T08:59:15","guid":{"rendered":"https:\/\/foxit-technology.com\/proizvod\/vrata-za-gorionik\/"},"modified":"2025-07-15T10:59:21","modified_gmt":"2025-07-15T08:59:21","slug":"vrata-za-gorionik","status":"publish","type":"product","link":"https:\/\/hidroterm.dmcsrbija.com\/ru\/proizvod\/vrata-za-gorionik\/","title":{"rendered":"Vrata za gorionik"},"content":{"rendered":"<p>Vrata za gorionik namenjena su monta\u017ei na kotao (razli\u010dita vrata za svaki kotao) kako bi se lak\u0161e montirao gorionik na pelet.<\/p>","protected":false},"excerpt":{"rendered":"<p>Vrata za gorionik namenjena su monta\u017ei na kotao (razli\u010dita vrata za svaki kotao) kako bi se lak\u0161e montirao gorionik na pelet.<\/p>","protected":false},"featured_media":16175,"template":"","meta":[],"product_brand":[],"product_cat":[4214,4215],"product_tag":[],"class_list":{"0":"post-16174","1":"product","2":"type-product","3":"status-publish","4":"has-post-thumbnail","6":"product_cat-gorionici-za-pelet","7":"product_cat-rezervni-delovi-za-gorionike","9":"first","10":"instock","11":"purchasable","12":"product-type-simple"},"_links":{"self":[{"href":"https:\/\/hidroterm.dmcsrbija.com\/ru\/wp-json\/wp\/v2\/product\/16174","targetHints":{"allow":["GET"]}}],"collection":[{"href":"https:\/\/hidroterm.dmcsrbija.com\/ru\/wp-json\/wp\/v2\/product"}],"about":[{"href":"https:\/\/hidroterm.dmcsrbija.com\/ru\/wp-json\/wp\/v2\/types\/product"}],"wp:featuredmedia":[{"embeddable":true,"href":"https:\/\/hidroterm.dmcsrbija.com\/ru\/wp-json\/wp\/v2\/media\/16175"}],"wp:attachment":[{"href":"https:\/\/hidroterm.dmcsrbija.com\/ru\/wp-json\/wp\/v2\/media?parent=16174"}],"wp:term":[{"taxonomy":"product_brand","embeddable":true,"href":"https:\/\/hidroterm.dmcsrbija.com\/ru\/wp-json\/wp\/v2\/product_brand?post=16174"},{"taxonomy":"product_cat","embeddable":true,"href":"https:\/\/hidroterm.dmcsrbija.com\/ru\/wp-json\/wp\/v2\/product_cat?post=16174"},{"taxonomy":"product_tag","embeddable":true,"href":"https:\/\/hidroterm.dmcsrbija.com\/ru\/wp-json\/wp\/v2\/product_tag?post=16174"}],"curies":[{"name":"wp","href":"https:\/\/api.w.org\/{rel}","templated":true}]}}