{"id":16128,"date":"2025-07-15T10:59:04","date_gmt":"2025-07-15T08:59:04","guid":{"rendered":"https:\/\/foxit-technology.com\/proizvod\/kotao-defro-duo-uni\/"},"modified":"2025-07-15T10:59:08","modified_gmt":"2025-07-15T08:59:08","slug":"kotao-defro-duo-uni","status":"publish","type":"product","link":"https:\/\/hidroterm.dmcsrbija.com\/ru\/proizvod\/kotao-defro-duo-uni\/","title":{"rendered":"Kotao Defro Duo Uni"},"content":{"rendered":"<p>Defro kotlovi su kotlovi poljske proizvodnje namenjeni za kombinovano kori\u0161\u0107enje ogreva &#8211; uglja granulacije 5-25mm, separisane ugljene pra\u0161ine, me\u0161avine \u017eitarica, peleta ali i drva i uglja. Garancija na kotao je&nbsp;10 godina a njegove osnovne karakteristike su potpuna automatizacija i visoka energetska efikasnost. Model bez upalja\u010da<\/p>","protected":false},"excerpt":{"rendered":"<p>Defro kotlovi su kotlovi poljske proizvodnje namenjeni za kombinovano kori\u0161\u0107enje ogreva &#8211; uglja granulacije 5-25mm, separisane ugljene pra\u0161ine, me\u0161avine \u017eitarica, peleta ali i drva i uglja. Garancija na kotao je&nbsp;10 godina a njegove osnovne karakteristike su potpuna automatizacija i visoka energetska efikasnost. Model bez upalja\u010da<\/p>","protected":false},"featured_media":16129,"template":"","meta":[],"product_brand":[4203],"product_cat":[4206,4205,4207],"product_tag":[],"class_list":{"0":"post-16128","1":"product","2":"type-product","3":"status-publish","4":"has-post-thumbnail","6":"product_brand-defro","7":"product_cat-kombinovani-kotlovi-cvrsto","8":"product_cat-kotlovi-i-kamini-na-pelet","9":"product_cat-pelet","11":"first","12":"instock","13":"purchasable","14":"product-type-simple"},"_links":{"self":[{"href":"https:\/\/hidroterm.dmcsrbija.com\/ru\/wp-json\/wp\/v2\/product\/16128","targetHints":{"allow":["GET"]}}],"collection":[{"href":"https:\/\/hidroterm.dmcsrbija.com\/ru\/wp-json\/wp\/v2\/product"}],"about":[{"href":"https:\/\/hidroterm.dmcsrbija.com\/ru\/wp-json\/wp\/v2\/types\/product"}],"wp:featuredmedia":[{"embeddable":true,"href":"https:\/\/hidroterm.dmcsrbija.com\/ru\/wp-json\/wp\/v2\/media\/16129"}],"wp:attachment":[{"href":"https:\/\/hidroterm.dmcsrbija.com\/ru\/wp-json\/wp\/v2\/media?parent=16128"}],"wp:term":[{"taxonomy":"product_brand","embeddable":true,"href":"https:\/\/hidroterm.dmcsrbija.com\/ru\/wp-json\/wp\/v2\/product_brand?post=16128"},{"taxonomy":"product_cat","embeddable":true,"href":"https:\/\/hidroterm.dmcsrbija.com\/ru\/wp-json\/wp\/v2\/product_cat?post=16128"},{"taxonomy":"product_tag","embeddable":true,"href":"https:\/\/hidroterm.dmcsrbija.com\/ru\/wp-json\/wp\/v2\/product_tag?post=16128"}],"curies":[{"name":"wp","href":"https:\/\/api.w.org\/{rel}","templated":true}]}}