{"id":16126,"date":"2025-07-15T10:59:04","date_gmt":"2025-07-15T08:59:04","guid":{"rendered":"https:\/\/foxit-technology.com\/proizvod\/kotao-na-pelet-mbs\/"},"modified":"2025-10-11T08:53:35","modified_gmt":"2025-10-11T06:53:35","slug":"kotao-na-pelet-mbs","status":"publish","type":"product","link":"https:\/\/hidroterm.dmcsrbija.com\/ru\/proizvod\/kotao-na-pelet-mbs\/","title":{"rendered":"Kotao na pelet MBS"},"content":{"rendered":"<p>MBS Thermo Pellet kotao proizvodi se u dve ja\u010dine: 25 kW i 35 kW. Ekonomi\u010dan i funkcionalan a programiranje rada mogu\u0107e je do sedam dana unapred uz daljinsko upravljanje. Pe\u0107 ima motor ventilatora izduvnih gasova snage 54W, motor dodava\u010da peleta snage 45W, upalja\u010d snage 350W i cirkulacionu pumpu snage 60W.<\/p>","protected":false},"excerpt":{"rendered":"<p>MBS Thermo Pellet kotao proizvodi se u dve ja\u010dine: 25 kW i 35 kW. Ekonomi\u010dan i funkcionalan a programiranje rada mogu\u0107e je do sedam dana unapred uz daljinsko upravljanje. Pe\u0107 ima motor ventilatora izduvnih gasova snage 54W, motor dodava\u010da peleta snage 45W, upalja\u010d snage 350W i cirkulacionu pumpu snage 60W.<\/p>","protected":false},"featured_media":16127,"template":"","meta":[],"product_brand":[4211],"product_cat":[4205,4917],"product_tag":[],"class_list":{"0":"post-16126","1":"product","2":"type-product","3":"status-publish","4":"has-post-thumbnail","6":"product_brand-milan-blagojevic-smederevo","7":"product_cat-kotlovi-i-kamini-na-pelet","8":"product_cat-kotlovi-na-pelet","10":"first","11":"instock","12":"purchasable","13":"product-type-simple"},"_links":{"self":[{"href":"https:\/\/hidroterm.dmcsrbija.com\/ru\/wp-json\/wp\/v2\/product\/16126","targetHints":{"allow":["GET"]}}],"collection":[{"href":"https:\/\/hidroterm.dmcsrbija.com\/ru\/wp-json\/wp\/v2\/product"}],"about":[{"href":"https:\/\/hidroterm.dmcsrbija.com\/ru\/wp-json\/wp\/v2\/types\/product"}],"wp:featuredmedia":[{"embeddable":true,"href":"https:\/\/hidroterm.dmcsrbija.com\/ru\/wp-json\/wp\/v2\/media\/16127"}],"wp:attachment":[{"href":"https:\/\/hidroterm.dmcsrbija.com\/ru\/wp-json\/wp\/v2\/media?parent=16126"}],"wp:term":[{"taxonomy":"product_brand","embeddable":true,"href":"https:\/\/hidroterm.dmcsrbija.com\/ru\/wp-json\/wp\/v2\/product_brand?post=16126"},{"taxonomy":"product_cat","embeddable":true,"href":"https:\/\/hidroterm.dmcsrbija.com\/ru\/wp-json\/wp\/v2\/product_cat?post=16126"},{"taxonomy":"product_tag","embeddable":true,"href":"https:\/\/hidroterm.dmcsrbija.com\/ru\/wp-json\/wp\/v2\/product_tag?post=16126"}],"curies":[{"name":"wp","href":"https:\/\/api.w.org\/{rel}","templated":true}]}}