{"id":16124,"date":"2025-07-15T10:59:04","date_gmt":"2025-07-15T08:59:04","guid":{"rendered":"https:\/\/foxit-technology.com\/proizvod\/kamin-na-pelet-mbs-termo-pelet\/"},"modified":"2025-07-17T11:59:45","modified_gmt":"2025-07-17T09:59:45","slug":"kamin-na-pelet-mbs-termo-pelet","status":"publish","type":"product","link":"https:\/\/hidroterm.dmcsrbija.com\/ru\/proizvod\/kamin-na-pelet-mbs-termo-pelet\/","title":{"rendered":"Kamin na pelet MBS Termo pelet"},"content":{"rendered":"<p>Kamini za eta\u017eno grejanje (Thermo Pellet) dostupni su u snazi od 12kw (8+4) i 18kw (14+4) namenjeni za grejanje povr\u0161ine od 60 do 110m2. Posebna prednost ogleda se u mogu\u0107nosti programiranja na nedeljnom nivou a visok stepen iskori\u0161\u0107enja (90%) omogu\u0107ava potpuni u\u017eitak u toplini doma. Sobni kamin snage 25kw omogu\u0107ava posebno u\u017eivanje u toplini doma kada je re\u010d o stanovima i ku\u0107ama ve\u0107e kvadrature (do 160m2). Tako\u0111e, raspolo\u017eiva je i kotlovska varijanta snage 35 kw.<\/p>\n<p>*Uz&nbsp;kamin se dobija pumpa i ekspanziona posuda. U sastav kamina ulazi displej za pode\u0161avanje temperature, spremnik za pelet i pepeljara za pepeo, kao i senzori temperature vazduha prostorije i senzor temperature kotlovske vode. Pe\u0107 ima svoj sat i mogu\u0107e je programiranje na dnevnom i nedeljnom nivou.<\/p>\n<p>*Sastavni deo kamina je kompjuterska jedinica koja upravlja elementima &#8211; dozatorom, pu\u017eem, elektri\u010dnim greja\u010dem, ventilatorom.<\/p>\n<p>*Sa prednje strane kamina nalazi se termootporno staklo koje daje potporu grejanju zra\u010denjem.<\/p>","protected":false},"excerpt":{"rendered":"<p>Kamini za eta\u017eno grejanje (Thermo Pellet) dostupni su u snazi od 12kw (8+4) i 18kw (14+4) namenjeni za grejanje povr\u0161ine od 60 do 110m2. Posebna prednost ogleda se u mogu\u0107nosti programiranja na nedeljnom nivou a visok stepen iskori\u0161\u0107enja (90%) omogu\u0107ava potpuni u\u017eitak u toplini doma. Sobni kamin snage 25kw omogu\u0107ava posebno u\u017eivanje u toplini doma [&hellip;]<\/p>\n","protected":false},"featured_media":16125,"template":"","meta":[],"product_brand":[4211],"product_cat":[4208,4205],"product_tag":[],"class_list":{"0":"post-16124","1":"product","2":"type-product","3":"status-publish","4":"has-post-thumbnail","6":"product_brand-milan-blagojevic-smederevo","7":"product_cat-kotlovi-i-kamini-na-pelet-kotlovi-i-kamini-na-pelet","8":"product_cat-kotlovi-i-kamini-na-pelet","10":"first","11":"instock","12":"purchasable","13":"product-type-simple"},"_links":{"self":[{"href":"https:\/\/hidroterm.dmcsrbija.com\/ru\/wp-json\/wp\/v2\/product\/16124","targetHints":{"allow":["GET"]}}],"collection":[{"href":"https:\/\/hidroterm.dmcsrbija.com\/ru\/wp-json\/wp\/v2\/product"}],"about":[{"href":"https:\/\/hidroterm.dmcsrbija.com\/ru\/wp-json\/wp\/v2\/types\/product"}],"wp:featuredmedia":[{"embeddable":true,"href":"https:\/\/hidroterm.dmcsrbija.com\/ru\/wp-json\/wp\/v2\/media\/16125"}],"wp:attachment":[{"href":"https:\/\/hidroterm.dmcsrbija.com\/ru\/wp-json\/wp\/v2\/media?parent=16124"}],"wp:term":[{"taxonomy":"product_brand","embeddable":true,"href":"https:\/\/hidroterm.dmcsrbija.com\/ru\/wp-json\/wp\/v2\/product_brand?post=16124"},{"taxonomy":"product_cat","embeddable":true,"href":"https:\/\/hidroterm.dmcsrbija.com\/ru\/wp-json\/wp\/v2\/product_cat?post=16124"},{"taxonomy":"product_tag","embeddable":true,"href":"https:\/\/hidroterm.dmcsrbija.com\/ru\/wp-json\/wp\/v2\/product_tag?post=16124"}],"curies":[{"name":"wp","href":"https:\/\/api.w.org\/{rel}","templated":true}]}}