{"id":16120,"date":"2025-07-15T10:59:04","date_gmt":"2025-07-15T08:59:04","guid":{"rendered":"https:\/\/foxit-technology.com\/proizvod\/kombinovani-kotao-termomont-tku3-duo\/"},"modified":"2025-07-15T10:59:07","modified_gmt":"2025-07-15T08:59:07","slug":"kombinovani-kotao-termomont-tku3-duo","status":"publish","type":"product","link":"https:\/\/hidroterm.dmcsrbija.com\/ru\/proizvod\/kombinovani-kotao-termomont-tku3-duo\/","title":{"rendered":"Kombinovani kotao Termomont TKU3 DUO"},"content":{"rendered":"<p>TKU3 DUO je kombinovani kotao namenjen za sagorevanje peleta i drveta. Po konstrukciji lo\u017ei\u0161ta, ovaj kotao je sli\u010dan modelu TKU3 i slu\u017ei za sme\u0161taj \u010dvrstog goriva dok donji deo kotla slu\u017ei za skladi\u0161tenje i sagorevanje drvenog peleta uz pomo\u0107 gorionika Biotermec. Kotao ne poseduje otvor za regulator promaje, ve\u0107 poseduje dodatni kotlovski ventilator na izlazu (koristi se i kad kotao sagoreva drvo). Inovacija je to \u0161to ovaj kotao prepoznaje kada se sagoreva drvo a kada pelet. Za prelaz sa jednog goriva na drugo nije neophodno da kotao bude uga\u0161en \u2013 ovaj prelaz je automatski i nije potrebna nikakva demonta\u017ea gorionika i dodavanja posebnih re\u0161etki. Kotao mo\u017ee da startuje sa peletom, zatim pelet raspali drvo, drvo posti\u017ee temperaturu i gasi pelet. Kada nestane drveta \u2013 pelet se ponovo automatski pali.<\/p>","protected":false},"excerpt":{"rendered":"<p>TKU3 DUO je kombinovani kotao namenjen za sagorevanje peleta i drveta. Po konstrukciji lo\u017ei\u0161ta, ovaj kotao je sli\u010dan modelu TKU3 i slu\u017ei za sme\u0161taj \u010dvrstog goriva dok donji deo kotla slu\u017ei za skladi\u0161tenje i sagorevanje drvenog peleta uz pomo\u0107 gorionika Biotermec. Kotao ne poseduje otvor za regulator promaje, ve\u0107 poseduje dodatni kotlovski ventilator na izlazu [&hellip;]<\/p>\n","protected":false},"featured_media":16121,"template":"","meta":[],"product_brand":[4195],"product_cat":[4206,4205,4207],"product_tag":[],"class_list":{"0":"post-16120","1":"product","2":"type-product","3":"status-publish","4":"has-post-thumbnail","6":"product_brand-termomont","7":"product_cat-kombinovani-kotlovi-cvrsto","8":"product_cat-kotlovi-i-kamini-na-pelet","9":"product_cat-pelet","11":"first","12":"instock","13":"purchasable","14":"product-type-simple"},"_links":{"self":[{"href":"https:\/\/hidroterm.dmcsrbija.com\/ru\/wp-json\/wp\/v2\/product\/16120","targetHints":{"allow":["GET"]}}],"collection":[{"href":"https:\/\/hidroterm.dmcsrbija.com\/ru\/wp-json\/wp\/v2\/product"}],"about":[{"href":"https:\/\/hidroterm.dmcsrbija.com\/ru\/wp-json\/wp\/v2\/types\/product"}],"wp:featuredmedia":[{"embeddable":true,"href":"https:\/\/hidroterm.dmcsrbija.com\/ru\/wp-json\/wp\/v2\/media\/16121"}],"wp:attachment":[{"href":"https:\/\/hidroterm.dmcsrbija.com\/ru\/wp-json\/wp\/v2\/media?parent=16120"}],"wp:term":[{"taxonomy":"product_brand","embeddable":true,"href":"https:\/\/hidroterm.dmcsrbija.com\/ru\/wp-json\/wp\/v2\/product_brand?post=16120"},{"taxonomy":"product_cat","embeddable":true,"href":"https:\/\/hidroterm.dmcsrbija.com\/ru\/wp-json\/wp\/v2\/product_cat?post=16120"},{"taxonomy":"product_tag","embeddable":true,"href":"https:\/\/hidroterm.dmcsrbija.com\/ru\/wp-json\/wp\/v2\/product_tag?post=16120"}],"curies":[{"name":"wp","href":"https:\/\/api.w.org\/{rel}","templated":true}]}}