{"id":16118,"date":"2025-07-15T10:59:04","date_gmt":"2025-07-15T08:59:04","guid":{"rendered":"https:\/\/foxit-technology.com\/proizvod\/kotao-na-pelet-termomont-standard\/"},"modified":"2025-10-11T08:53:44","modified_gmt":"2025-10-11T06:53:44","slug":"kotao-na-pelet-termomont-standard","status":"publish","type":"product","link":"https:\/\/hidroterm.dmcsrbija.com\/ru\/proizvod\/kotao-na-pelet-termomont-standard\/","title":{"rendered":"Kotao na pelet Termomont Standard"},"content":{"rendered":"<p style=\"text-align: justify;\">Kotao Toby je namenjen sagorevanju drvenog peleta na principu potpritiska 20-30-50 KW. Dopadljivog izgleda i kompaktnih dimenzija sa spremnikom za pelet iznad samog kotla, kotao radi na principu potpritiska \u0161to omogu\u0107ava godi\u0161nje u\u0161tede goriva do 15%. Svi procesi rada su automatski (paljenje, sagorevanje, ga\u0161enje gorionika). Kontrola sagorevanja je vi\u0161estepena uz pomo\u0107 radnog re\u017eima na minimalnoj snazi (\u201cmodulacija\u201d). Kotao odlikuje tih rad. Regulacija kotla se obavlja pomo\u0107u panela osetljivog na dodir (touch screen). Uz dodatnu kupovinu mini wifi rutera je mogu\u0107e povezivanje regulacije kotla sa internetom i paljenje\/ga\u0161enje kotla putem aplikacije na mobilnom telefonu (android, ios). Unutra\u0161nji kazan kotla je sa\u010dinjen od \u010deli\u010dnog kotlovskog lima debljine 5 milimetara, dok su ostale stranice kotla koje nisu u kontaktu sa vatrom, debljine 4mm. Kotao TOBY ispunjava najstro\u017eije ekolo\u0161ke zahteve kad su u pitanju emisije \u0161tetnih \u010destica. Sve emisione vrednosti su u okviru referentnih vrednosti na nivou Evropske unije te ispunjava uslove za subvencionisanje od strane pojedinih dr\u017eava i regija.Kotao Toby je namenjen sagorevanju drvenog peleta na principu potpritiska 20-30-50 KW. Dopadljivog izgleda i kompaktnih dimenzija sa spremnikom za pelet iznad samog kotla, kotao radi na principu potpritiska \u0161to omogu\u0107ava godi\u0161nje u\u0161tede goriva do 15%. Svi procesi rada su automatski (paljenje, sagorevanje, ga\u0161enje gorionika). Kontrola sagorevanja je vi\u0161estepena uz pomo\u0107 radnog re\u017eima na minimalnoj snazi (\u201cmodulacija\u201d). Kotao odlikuje tih rad. Regulacija kotla se obavlja pomo\u0107u panela osetljivog na dodir (touch screen). Uz dodatnu kupovinu mini wifi rutera je mogu\u0107e povezivanje regulacije kotla sa internetom i paljenje\/ga\u0161enje kotla putem aplikacije na mobilnom telefonu (android, ios). Unutra\u0161nji kazan kotla je sa\u010dinjen od \u010deli\u010dnog kotlovskog lima debljine 5 milimetara, dok su ostale stranice kotla koje nisu u kontaktu sa vatrom, debljine 4mm. Kotao TOBY ispunjava najstro\u017eije ekolo\u0161ke zahteve kad su u pitanju emisije \u0161tetnih \u010destica. Sve emisione vrednosti su u okviru referentnih vrednosti na nivou Evropske unije te ispunjava uslove za subvencionisanje od strane pojedinih dr\u017eava i regija.<\/p>","protected":false},"excerpt":{"rendered":"<p>Kotao Toby je namenjen sagorevanju drvenog peleta na principu potpritiska 20-30-50 KW. Dopadljivog izgleda i kompaktnih dimenzija sa spremnikom za pelet iznad samog kotla, kotao radi na principu potpritiska \u0161to omogu\u0107ava godi\u0161nje u\u0161tede goriva do 15%. Svi procesi rada su automatski (paljenje, sagorevanje, ga\u0161enje gorionika). Kontrola sagorevanja je vi\u0161estepena uz pomo\u0107 radnog re\u017eima na minimalnoj [&hellip;]<\/p>\n","protected":false},"featured_media":16119,"template":"","meta":[],"product_brand":[4195],"product_cat":[4205,4917],"product_tag":[],"class_list":{"0":"post-16118","1":"product","2":"type-product","3":"status-publish","4":"has-post-thumbnail","6":"product_brand-termomont","7":"product_cat-kotlovi-i-kamini-na-pelet","8":"product_cat-kotlovi-na-pelet","10":"first","11":"instock","12":"purchasable","13":"product-type-simple"},"_links":{"self":[{"href":"https:\/\/hidroterm.dmcsrbija.com\/ru\/wp-json\/wp\/v2\/product\/16118","targetHints":{"allow":["GET"]}}],"collection":[{"href":"https:\/\/hidroterm.dmcsrbija.com\/ru\/wp-json\/wp\/v2\/product"}],"about":[{"href":"https:\/\/hidroterm.dmcsrbija.com\/ru\/wp-json\/wp\/v2\/types\/product"}],"wp:featuredmedia":[{"embeddable":true,"href":"https:\/\/hidroterm.dmcsrbija.com\/ru\/wp-json\/wp\/v2\/media\/16119"}],"wp:attachment":[{"href":"https:\/\/hidroterm.dmcsrbija.com\/ru\/wp-json\/wp\/v2\/media?parent=16118"}],"wp:term":[{"taxonomy":"product_brand","embeddable":true,"href":"https:\/\/hidroterm.dmcsrbija.com\/ru\/wp-json\/wp\/v2\/product_brand?post=16118"},{"taxonomy":"product_cat","embeddable":true,"href":"https:\/\/hidroterm.dmcsrbija.com\/ru\/wp-json\/wp\/v2\/product_cat?post=16118"},{"taxonomy":"product_tag","embeddable":true,"href":"https:\/\/hidroterm.dmcsrbija.com\/ru\/wp-json\/wp\/v2\/product_tag?post=16118"}],"curies":[{"name":"wp","href":"https:\/\/api.w.org\/{rel}","templated":true}]}}