{"id":16116,"date":"2025-07-15T10:59:04","date_gmt":"2025-07-15T08:59:04","guid":{"rendered":"https:\/\/foxit-technology.com\/proizvod\/kotao-na-pelet-termomont-b-model\/"},"modified":"2025-10-11T08:53:54","modified_gmt":"2025-10-11T06:53:54","slug":"kotao-na-pelet-termomont-b-model","status":"publish","type":"product","link":"https:\/\/hidroterm.dmcsrbija.com\/ru\/proizvod\/kotao-na-pelet-termomont-b-model\/","title":{"rendered":"Kotao na pelet Termomont B model"},"content":{"rendered":"<p>Kotlovi Toby su namenjeni isklju\u010divo sme\u0161taju u kotlarnicama. Poseduju toplotnu izolaciju tako da najve\u0107i deo svoje toplotne energije predaju instalaciji centralnog grejanja. Oznaka B zna\u010di da su dimenzije kotla posebno prilago\u0111ene za sme\u0161taj kotlova u manje prostorije ili gde je problem da kotao pro\u0111e kroz odre\u0111ene uske prolaze i sli\u010dno. Tako\u0111e pre\u010dnik izvoda dimnih gasova kod svih modela Toby B zaklju\u010dno sa 50 kW iznosi 80mm za razliku od 120mm koliko je kod klasi\u010dnog TOBY modela. Svi modeli postoje i kao SET izvedba: To zna\u010di da su svi elementi kotlarnice ve\u0107 ugra\u0111eni u kotao: Cirkulaciona pumpa, ekspanziona posuda, sigurnosni ventil. Prilikom porud\u017ebine potrebno naglasiti da li se radi o obi\u010dnoj ili SET izvedbi. Princip rada je isti kao i kod standardnih TOBY kotlova. Svi procesi rada su automatski (paljenje, sagorevanje, ga\u0161enje gorionika). Kontrola sagorevanja je vi\u0161estepena uz pomo\u0107 radnog re\u017eima na minimalnoj snazi (\u201cmodulacija\u201d). Kupovinom dodatnog rutera postoji mogu\u0107nost povezivanja kotla putem be\u017ei\u010dne konekcije na internet; daljinsko paljenje i kontrola putem aplikacije na mobilnom telefonu (sa android ili ios platforme). Kotao TOBY ispunjava najstro\u017eije ekolo\u0161ke zahteve kad su u pitanju emisije \u0161tetnih \u010destica. Sve emisione vrednosti su u okviru referentnih vrednosti za najvi\u0161u klasu kotlova (Klasa 5).<\/p>\n<p>* Uz kotao se isporu\u010duju cirkulaciona pumpa, ekspanziona posuda, sigurnosni ventil.<\/p>","protected":false},"excerpt":{"rendered":"<p>Kotlovi Toby su namenjeni isklju\u010divo sme\u0161taju u kotlarnicama. Poseduju toplotnu izolaciju tako da najve\u0107i deo svoje toplotne energije predaju instalaciji centralnog grejanja. Oznaka B zna\u010di da su dimenzije kotla posebno prilago\u0111ene za sme\u0161taj kotlova u manje prostorije ili gde je problem da kotao pro\u0111e kroz odre\u0111ene uske prolaze i sli\u010dno. Tako\u0111e pre\u010dnik izvoda dimnih gasova [&hellip;]<\/p>\n","protected":false},"featured_media":16117,"template":"","meta":[],"product_brand":[4195],"product_cat":[4205,4917],"product_tag":[],"class_list":{"0":"post-16116","1":"product","2":"type-product","3":"status-publish","4":"has-post-thumbnail","6":"product_brand-termomont","7":"product_cat-kotlovi-i-kamini-na-pelet","8":"product_cat-kotlovi-na-pelet","10":"first","11":"instock","12":"purchasable","13":"product-type-simple"},"_links":{"self":[{"href":"https:\/\/hidroterm.dmcsrbija.com\/ru\/wp-json\/wp\/v2\/product\/16116","targetHints":{"allow":["GET"]}}],"collection":[{"href":"https:\/\/hidroterm.dmcsrbija.com\/ru\/wp-json\/wp\/v2\/product"}],"about":[{"href":"https:\/\/hidroterm.dmcsrbija.com\/ru\/wp-json\/wp\/v2\/types\/product"}],"wp:featuredmedia":[{"embeddable":true,"href":"https:\/\/hidroterm.dmcsrbija.com\/ru\/wp-json\/wp\/v2\/media\/16117"}],"wp:attachment":[{"href":"https:\/\/hidroterm.dmcsrbija.com\/ru\/wp-json\/wp\/v2\/media?parent=16116"}],"wp:term":[{"taxonomy":"product_brand","embeddable":true,"href":"https:\/\/hidroterm.dmcsrbija.com\/ru\/wp-json\/wp\/v2\/product_brand?post=16116"},{"taxonomy":"product_cat","embeddable":true,"href":"https:\/\/hidroterm.dmcsrbija.com\/ru\/wp-json\/wp\/v2\/product_cat?post=16116"},{"taxonomy":"product_tag","embeddable":true,"href":"https:\/\/hidroterm.dmcsrbija.com\/ru\/wp-json\/wp\/v2\/product_tag?post=16116"}],"curies":[{"name":"wp","href":"https:\/\/api.w.org\/{rel}","templated":true}]}}