{"id":16114,"date":"2025-07-15T10:59:04","date_gmt":"2025-07-15T08:59:04","guid":{"rendered":"https:\/\/foxit-technology.com\/proizvod\/kamin-na-pelet-termomont-toby\/"},"modified":"2025-07-17T11:59:44","modified_gmt":"2025-07-17T09:59:44","slug":"kamin-na-pelet-termomont-toby","status":"publish","type":"product","link":"https:\/\/hidroterm.dmcsrbija.com\/ru\/proizvod\/kamin-na-pelet-termomont-toby\/","title":{"rendered":"Kamin na pelet Termomont Toby"},"content":{"rendered":"<p>Kotlovski kamini TOBY H su namenjeni isklju\u010divo sme\u0161taju u samim stambenim prostorijama. Za razliku od kotla TOBY (B) verzija H ozna\u010dava da su ovi kotlovi eta\u017enog tipa tojest namenjeni sme\u0161taju unutar stambene zone. Nemaju izolaciju na sebi te toplotu osim instalaciji centralnog grejanja predaju i okolini direktnim zra\u010denjem toplote. Kamin je u potpunosti unapre\u0111en i redizajniran u odnosu na prethodnu verziju: TOBY H je prvi kotao sa automatskim \u010di\u0161\u0107enjem gorionika na doma\u0107em tr\u017ei\u0161tu! Prednosti su vi\u0161estruke: bolje sagorevanje \u2013 ve\u0107a efikasnost, gorionik je \u201eotporniji\u201c na pelet promenljivog kvaliteta (naj\u010de\u0161\u0107i slu\u010daj na doma\u0107em tr\u017ei\u0161tu), kotao je potrebno re\u0111e \u010distiti nego kod drugih proizvo\u0111a\u010da. Svi procesi rada su automatski (paljenje, sagorevanje, ga\u0161enje gorionika). Kontrola sagorevanja je vi\u0161estepena uz pomo\u0107 radnog re\u017eima na minimalnoj snazi (\u201cmodulacija\u201d). Slede\u0107i elementi kotlarnice su ve\u0107 ugra\u0111eni u kotao: cirkulaciona pumpa, ekspanziona posuda, sigurnosni ventil. Kotao-kamin je mogu\u0107e povezati sa sobnim termostatom (preporu\u010denog proizvo\u0111a\u010da \u2013 SALUS). Kupovinom dodatnog rutera postoji mogu\u0107nost povezivanja kotla putem be\u017ei\u010dne konekcije na internet; daljinsko paljenje i kontrola putem aplikacije na mobilnom telefonu (sa android ili ios platforme).<\/p>","protected":false},"excerpt":{"rendered":"<p>Kotlovski kamini TOBY H su namenjeni isklju\u010divo sme\u0161taju u samim stambenim prostorijama. Za razliku od kotla TOBY (B) verzija H ozna\u010dava da su ovi kotlovi eta\u017enog tipa tojest namenjeni sme\u0161taju unutar stambene zone. Nemaju izolaciju na sebi te toplotu osim instalaciji centralnog grejanja predaju i okolini direktnim zra\u010denjem toplote. Kamin je u potpunosti unapre\u0111en i [&hellip;]<\/p>\n","protected":false},"featured_media":16115,"template":"","meta":[],"product_brand":[4195],"product_cat":[4208,4205],"product_tag":[],"class_list":{"0":"post-16114","1":"product","2":"type-product","3":"status-publish","4":"has-post-thumbnail","6":"product_brand-termomont","7":"product_cat-kotlovi-i-kamini-na-pelet-kotlovi-i-kamini-na-pelet","8":"product_cat-kotlovi-i-kamini-na-pelet","10":"first","11":"instock","12":"purchasable","13":"product-type-simple"},"_links":{"self":[{"href":"https:\/\/hidroterm.dmcsrbija.com\/ru\/wp-json\/wp\/v2\/product\/16114","targetHints":{"allow":["GET"]}}],"collection":[{"href":"https:\/\/hidroterm.dmcsrbija.com\/ru\/wp-json\/wp\/v2\/product"}],"about":[{"href":"https:\/\/hidroterm.dmcsrbija.com\/ru\/wp-json\/wp\/v2\/types\/product"}],"wp:featuredmedia":[{"embeddable":true,"href":"https:\/\/hidroterm.dmcsrbija.com\/ru\/wp-json\/wp\/v2\/media\/16115"}],"wp:attachment":[{"href":"https:\/\/hidroterm.dmcsrbija.com\/ru\/wp-json\/wp\/v2\/media?parent=16114"}],"wp:term":[{"taxonomy":"product_brand","embeddable":true,"href":"https:\/\/hidroterm.dmcsrbija.com\/ru\/wp-json\/wp\/v2\/product_brand?post=16114"},{"taxonomy":"product_cat","embeddable":true,"href":"https:\/\/hidroterm.dmcsrbija.com\/ru\/wp-json\/wp\/v2\/product_cat?post=16114"},{"taxonomy":"product_tag","embeddable":true,"href":"https:\/\/hidroterm.dmcsrbija.com\/ru\/wp-json\/wp\/v2\/product_tag?post=16114"}],"curies":[{"name":"wp","href":"https:\/\/api.w.org\/{rel}","templated":true}]}}