{"id":16112,"date":"2025-07-15T10:59:04","date_gmt":"2025-07-15T08:59:04","guid":{"rendered":"https:\/\/foxit-technology.com\/proizvod\/kotao-na-pelet-alfa-plam-commo-compact\/"},"modified":"2025-10-11T08:54:03","modified_gmt":"2025-10-11T06:54:03","slug":"kotao-na-pelet-alfa-plam-commo-compact","status":"publish","type":"product","link":"https:\/\/hidroterm.dmcsrbija.com\/ru\/proizvod\/kotao-na-pelet-alfa-plam-commo-compact\/","title":{"rendered":"Kotao na pelet Alfa plam Commo Compact"},"content":{"rendered":"<p>Kotao Alfa Plam Commo Compact je kotao na pelet \u010diji su omota\u010d i vrata lo\u017ei\u0161ta izra\u0111eni od kvalitetnog lima koji je za\u0161ti\u0107en farbom i lakom otpornim na visoke temperature. Postoji mogu\u0107nost rada na 5 nivoa snage i nedeljno programiranje rada kotla. Komponente neophodne za funkcionisanje sistema za grejanje su fabri\u010dki ugra\u0111ene u proizvod.<\/p>\n<p>&nbsp;<\/p>\n<p><span style=\"color: #ff0000;\">Pu\u0161tanje u rad od strane ovla\u0161\u0107enog servisera ura\u010dunato u cenu.<\/span><\/p>\n<p><img decoding=\"async\" src=\"images\/alfa_-_5g_25250.png\" alt=\"alfa 5g 25250\" \/><\/p>","protected":false},"excerpt":{"rendered":"<p><img decoding=\"async\" src=\"images\/alfa_-_5g_25250.png\" alt=\"alfa 5g 25250\" \/><\/p>","protected":false},"featured_media":16113,"template":"","meta":[],"product_brand":[4202],"product_cat":[4205,4917],"product_tag":[],"class_list":{"0":"post-16112","1":"product","2":"type-product","3":"status-publish","4":"has-post-thumbnail","6":"product_brand-alfa-plam","7":"product_cat-kotlovi-i-kamini-na-pelet","8":"product_cat-kotlovi-na-pelet","10":"first","11":"instock","12":"purchasable","13":"product-type-simple"},"_links":{"self":[{"href":"https:\/\/hidroterm.dmcsrbija.com\/ru\/wp-json\/wp\/v2\/product\/16112","targetHints":{"allow":["GET"]}}],"collection":[{"href":"https:\/\/hidroterm.dmcsrbija.com\/ru\/wp-json\/wp\/v2\/product"}],"about":[{"href":"https:\/\/hidroterm.dmcsrbija.com\/ru\/wp-json\/wp\/v2\/types\/product"}],"wp:featuredmedia":[{"embeddable":true,"href":"https:\/\/hidroterm.dmcsrbija.com\/ru\/wp-json\/wp\/v2\/media\/16113"}],"wp:attachment":[{"href":"https:\/\/hidroterm.dmcsrbija.com\/ru\/wp-json\/wp\/v2\/media?parent=16112"}],"wp:term":[{"taxonomy":"product_brand","embeddable":true,"href":"https:\/\/hidroterm.dmcsrbija.com\/ru\/wp-json\/wp\/v2\/product_brand?post=16112"},{"taxonomy":"product_cat","embeddable":true,"href":"https:\/\/hidroterm.dmcsrbija.com\/ru\/wp-json\/wp\/v2\/product_cat?post=16112"},{"taxonomy":"product_tag","embeddable":true,"href":"https:\/\/hidroterm.dmcsrbija.com\/ru\/wp-json\/wp\/v2\/product_tag?post=16112"}],"curies":[{"name":"wp","href":"https:\/\/api.w.org\/{rel}","templated":true}]}}