{"id":16110,"date":"2025-07-15T10:59:04","date_gmt":"2025-07-15T08:59:04","guid":{"rendered":"https:\/\/foxit-technology.com\/proizvod\/kotao-na-pelet-alfa-plam-grande\/"},"modified":"2025-10-11T08:54:12","modified_gmt":"2025-10-11T06:54:12","slug":"kotao-na-pelet-alfa-plam-grande","status":"publish","type":"product","link":"https:\/\/hidroterm.dmcsrbija.com\/ru\/proizvod\/kotao-na-pelet-alfa-plam-grande\/","title":{"rendered":"Kotao na pelet Alfa plam Grande"},"content":{"rendered":"<p>Kotao Alfa Plam Grande je kotao na pelet \u010diji je omota\u010d izra\u0111en od kvalitetnog lima, za\u0161ti\u0107en u procesu farbanja i lakiranja i otporan na visoke temperature. Poseduje \u010deli\u010dna vrata lo\u017ei\u0161ta i termi\u010dku izolacija kotla mineralnom vunom. U gornjem delu kotla ispod rezervora za pelet je prostor za odlaganje priru\u010dnih sredstava za odr\u017eavanje kotla.<\/p>","protected":false},"excerpt":{"rendered":"<p>Kotao Alfa Plam Grande je kotao na pelet \u010diji je omota\u010d izra\u0111en od kvalitetnog lima, za\u0161ti\u0107en u procesu farbanja i lakiranja i otporan na visoke temperature. Poseduje \u010deli\u010dna vrata lo\u017ei\u0161ta i termi\u010dku izolacija kotla mineralnom vunom. U gornjem delu kotla ispod rezervora za pelet je prostor za odlaganje priru\u010dnih sredstava za odr\u017eavanje kotla.<\/p>","protected":false},"featured_media":16111,"template":"","meta":[],"product_brand":[4202],"product_cat":[4205,4917],"product_tag":[],"class_list":{"0":"post-16110","1":"product","2":"type-product","3":"status-publish","4":"has-post-thumbnail","6":"product_brand-alfa-plam","7":"product_cat-kotlovi-i-kamini-na-pelet","8":"product_cat-kotlovi-na-pelet","10":"first","11":"instock","12":"purchasable","13":"product-type-simple"},"_links":{"self":[{"href":"https:\/\/hidroterm.dmcsrbija.com\/ru\/wp-json\/wp\/v2\/product\/16110","targetHints":{"allow":["GET"]}}],"collection":[{"href":"https:\/\/hidroterm.dmcsrbija.com\/ru\/wp-json\/wp\/v2\/product"}],"about":[{"href":"https:\/\/hidroterm.dmcsrbija.com\/ru\/wp-json\/wp\/v2\/types\/product"}],"wp:featuredmedia":[{"embeddable":true,"href":"https:\/\/hidroterm.dmcsrbija.com\/ru\/wp-json\/wp\/v2\/media\/16111"}],"wp:attachment":[{"href":"https:\/\/hidroterm.dmcsrbija.com\/ru\/wp-json\/wp\/v2\/media?parent=16110"}],"wp:term":[{"taxonomy":"product_brand","embeddable":true,"href":"https:\/\/hidroterm.dmcsrbija.com\/ru\/wp-json\/wp\/v2\/product_brand?post=16110"},{"taxonomy":"product_cat","embeddable":true,"href":"https:\/\/hidroterm.dmcsrbija.com\/ru\/wp-json\/wp\/v2\/product_cat?post=16110"},{"taxonomy":"product_tag","embeddable":true,"href":"https:\/\/hidroterm.dmcsrbija.com\/ru\/wp-json\/wp\/v2\/product_tag?post=16110"}],"curies":[{"name":"wp","href":"https:\/\/api.w.org\/{rel}","templated":true}]}}