{"id":16106,"date":"2025-07-15T10:58:54","date_gmt":"2025-07-15T08:58:54","guid":{"rendered":"https:\/\/foxit-technology.com\/proizvod\/kamin-na-pelet-radijator-kraljevo-bio-lux\/"},"modified":"2025-07-17T11:59:45","modified_gmt":"2025-07-17T09:59:45","slug":"kamin-na-pelet-radijator-kraljevo-bio-lux","status":"publish","type":"product","link":"https:\/\/hidroterm.dmcsrbija.com\/ru\/proizvod\/kamin-na-pelet-radijator-kraljevo-bio-lux\/","title":{"rendered":"Kamin na pelet Radijator Kraljevo Bio Lux"},"content":{"rendered":"<p>Kamin Radijator Kraljevo Bio Lux namenjen je sagorevanju drvenog peleta pre\u010dnika 6mm i du\u017eine do 25mm a sve prema standardu izrade peleta ONORM M 7135. Mogu\u0107nost monta\u017ee na fasadne dimjake minimalnog pre\u010dnika 100mm. Dimni izlaz iz kamina pre\u010dnika 80mm. Snaga preneta na kotlovski deo a koja se predaje radijatorima je 14 kW. Snaga koja se emituje u okolni prostor zra\u010denjem 6 kW. U kompletu je sa pumpom, posudom, presotatom za vodu i vazduh. Stepen iskori\u0161\u0107enja je preko 90%.<\/p>\n<p>*Uz&nbsp;kamin se dobija pumpa i posuda.<\/p>","protected":false},"excerpt":{"rendered":"<p>Kamin Radijator Kraljevo Bio Lux namenjen je sagorevanju drvenog peleta pre\u010dnika 6mm i du\u017eine do 25mm a sve prema standardu izrade peleta ONORM M 7135. Mogu\u0107nost monta\u017ee na fasadne dimjake minimalnog pre\u010dnika 100mm. Dimni izlaz iz kamina pre\u010dnika 80mm. Snaga preneta na kotlovski deo a koja se predaje radijatorima je 14 kW. Snaga koja se [&hellip;]<\/p>\n","protected":false},"featured_media":16107,"template":"","meta":[],"product_brand":[4197],"product_cat":[4208,4205],"product_tag":[],"class_list":{"0":"post-16106","1":"product","2":"type-product","3":"status-publish","4":"has-post-thumbnail","6":"product_brand-radijator-kraljevo","7":"product_cat-kotlovi-i-kamini-na-pelet-kotlovi-i-kamini-na-pelet","8":"product_cat-kotlovi-i-kamini-na-pelet","10":"first","11":"instock","12":"purchasable","13":"product-type-simple"},"_links":{"self":[{"href":"https:\/\/hidroterm.dmcsrbija.com\/ru\/wp-json\/wp\/v2\/product\/16106","targetHints":{"allow":["GET"]}}],"collection":[{"href":"https:\/\/hidroterm.dmcsrbija.com\/ru\/wp-json\/wp\/v2\/product"}],"about":[{"href":"https:\/\/hidroterm.dmcsrbija.com\/ru\/wp-json\/wp\/v2\/types\/product"}],"wp:featuredmedia":[{"embeddable":true,"href":"https:\/\/hidroterm.dmcsrbija.com\/ru\/wp-json\/wp\/v2\/media\/16107"}],"wp:attachment":[{"href":"https:\/\/hidroterm.dmcsrbija.com\/ru\/wp-json\/wp\/v2\/media?parent=16106"}],"wp:term":[{"taxonomy":"product_brand","embeddable":true,"href":"https:\/\/hidroterm.dmcsrbija.com\/ru\/wp-json\/wp\/v2\/product_brand?post=16106"},{"taxonomy":"product_cat","embeddable":true,"href":"https:\/\/hidroterm.dmcsrbija.com\/ru\/wp-json\/wp\/v2\/product_cat?post=16106"},{"taxonomy":"product_tag","embeddable":true,"href":"https:\/\/hidroterm.dmcsrbija.com\/ru\/wp-json\/wp\/v2\/product_tag?post=16106"}],"curies":[{"name":"wp","href":"https:\/\/api.w.org\/{rel}","templated":true}]}}