{"id":16104,"date":"2025-07-15T10:58:54","date_gmt":"2025-07-15T08:58:54","guid":{"rendered":"https:\/\/foxit-technology.com\/proizvod\/kotao-radijator-kraljevo-bio-lux-uni\/"},"modified":"2025-10-11T08:57:00","modified_gmt":"2025-10-11T06:57:00","slug":"kotao-radijator-kraljevo-bio-lux-uni","status":"publish","type":"product","link":"https:\/\/hidroterm.dmcsrbija.com\/ru\/proizvod\/kotao-radijator-kraljevo-bio-lux-uni\/","title":{"rendered":"Kotao Radijator Kraljevo Bio Lux Uni"},"content":{"rendered":"<p>BIOlux UNI 20 namenjen je sagorevanju drvenog peleta. Drveni peleti su dobijeni od 100% celuloze. Ostaci drveta pod visokim pritiskom su sabijeni u pelet pre\u010dnika 6mm i du\u017eine 2-3cm.<br \/>\nBIOlux UNI 20 se instalira u kotlarnici ili u drugim prostojima,s tim \u0161to ima prednost u situacijama gde su potrebne \u0161to kompaktnije dimenzije.\u00a0Mogu\u0107nost\u00a0ugradnje Wi-Fi modema za be\u017ei\u010dno upravljanje sagorevanjem putem aplikacije za pametni telefon.<\/p>","protected":false},"excerpt":{"rendered":"<p>BIOlux UNI 20 namenjen je sagorevanju drvenog peleta. Drveni peleti su dobijeni od 100% celuloze. Ostaci drveta pod visokim pritiskom su sabijeni u pelet pre\u010dnika 6mm i du\u017eine 2-3cm. BIOlux UNI 20 se instalira u kotlarnici ili u drugim prostojima,s tim \u0161to ima prednost u situacijama gde su potrebne \u0161to kompaktnije dimenzije.\u00a0Mogu\u0107nost\u00a0ugradnje Wi-Fi modema za [&hellip;]<\/p>\n","protected":false},"featured_media":16105,"template":"","meta":[],"product_brand":[4197],"product_cat":[4205,4917],"product_tag":[],"class_list":{"0":"post-16104","1":"product","2":"type-product","3":"status-publish","4":"has-post-thumbnail","6":"product_brand-radijator-kraljevo","7":"product_cat-kotlovi-i-kamini-na-pelet","8":"product_cat-kotlovi-na-pelet","10":"first","11":"instock","12":"purchasable","13":"product-type-simple"},"_links":{"self":[{"href":"https:\/\/hidroterm.dmcsrbija.com\/ru\/wp-json\/wp\/v2\/product\/16104","targetHints":{"allow":["GET"]}}],"collection":[{"href":"https:\/\/hidroterm.dmcsrbija.com\/ru\/wp-json\/wp\/v2\/product"}],"about":[{"href":"https:\/\/hidroterm.dmcsrbija.com\/ru\/wp-json\/wp\/v2\/types\/product"}],"wp:featuredmedia":[{"embeddable":true,"href":"https:\/\/hidroterm.dmcsrbija.com\/ru\/wp-json\/wp\/v2\/media\/16105"}],"wp:attachment":[{"href":"https:\/\/hidroterm.dmcsrbija.com\/ru\/wp-json\/wp\/v2\/media?parent=16104"}],"wp:term":[{"taxonomy":"product_brand","embeddable":true,"href":"https:\/\/hidroterm.dmcsrbija.com\/ru\/wp-json\/wp\/v2\/product_brand?post=16104"},{"taxonomy":"product_cat","embeddable":true,"href":"https:\/\/hidroterm.dmcsrbija.com\/ru\/wp-json\/wp\/v2\/product_cat?post=16104"},{"taxonomy":"product_tag","embeddable":true,"href":"https:\/\/hidroterm.dmcsrbija.com\/ru\/wp-json\/wp\/v2\/product_tag?post=16104"}],"curies":[{"name":"wp","href":"https:\/\/api.w.org\/{rel}","templated":true}]}}