{"id":16102,"date":"2025-07-15T10:58:54","date_gmt":"2025-07-15T08:58:54","guid":{"rendered":"https:\/\/foxit-technology.com\/proizvod\/kotao-radijator-kraljevo-compact-25\/"},"modified":"2025-10-11T08:57:09","modified_gmt":"2025-10-11T06:57:09","slug":"kotao-radijator-kraljevo-compact-25","status":"publish","type":"product","link":"https:\/\/hidroterm.dmcsrbija.com\/ru\/proizvod\/kotao-radijator-kraljevo-compact-25\/","title":{"rendered":"Kotao Radijator Kraljevo Compact 25"},"content":{"rendered":"<p>Kotao Radijator Kraljevo Compact 25 kotao namenjen je sagorevanju drvenog peleta pre\u010dnika 6 ili 8mm i du\u017eine 25mm. Pelet mora da odgovara standardu ONORM M 7135. Snaga kotla je 20kw. U okviru kotla instalirani su i odgovaraju\u0107a cirkulaciona pumpa i ekspanziona posuda od 10 litara.Kotao se isporu\u010duje i sa mehani\u010dkim sigurnosnim i odzra\u010dnim ventilom. Stepen korisnosti je preko 92%. Mogu\u0107nost ugradjivanja sobnog sedmodnevnog termostata.<\/p>","protected":false},"excerpt":{"rendered":"<p>Kotao Radijator Kraljevo Compact 25 kotao namenjen je sagorevanju drvenog peleta pre\u010dnika 6 ili 8mm i du\u017eine 25mm. Pelet mora da odgovara standardu ONORM M 7135. Snaga kotla je 20kw. U okviru kotla instalirani su i odgovaraju\u0107a cirkulaciona pumpa i ekspanziona posuda od 10 litara.Kotao se isporu\u010duje i sa mehani\u010dkim sigurnosnim i odzra\u010dnim ventilom. Stepen [&hellip;]<\/p>\n","protected":false},"featured_media":16103,"template":"","meta":[],"product_brand":[4197],"product_cat":[4205,4917],"product_tag":[],"class_list":{"0":"post-16102","1":"product","2":"type-product","3":"status-publish","4":"has-post-thumbnail","6":"product_brand-radijator-kraljevo","7":"product_cat-kotlovi-i-kamini-na-pelet","8":"product_cat-kotlovi-na-pelet","10":"first","11":"instock","12":"purchasable","13":"product-type-simple"},"_links":{"self":[{"href":"https:\/\/hidroterm.dmcsrbija.com\/ru\/wp-json\/wp\/v2\/product\/16102","targetHints":{"allow":["GET"]}}],"collection":[{"href":"https:\/\/hidroterm.dmcsrbija.com\/ru\/wp-json\/wp\/v2\/product"}],"about":[{"href":"https:\/\/hidroterm.dmcsrbija.com\/ru\/wp-json\/wp\/v2\/types\/product"}],"wp:featuredmedia":[{"embeddable":true,"href":"https:\/\/hidroterm.dmcsrbija.com\/ru\/wp-json\/wp\/v2\/media\/16103"}],"wp:attachment":[{"href":"https:\/\/hidroterm.dmcsrbija.com\/ru\/wp-json\/wp\/v2\/media?parent=16102"}],"wp:term":[{"taxonomy":"product_brand","embeddable":true,"href":"https:\/\/hidroterm.dmcsrbija.com\/ru\/wp-json\/wp\/v2\/product_brand?post=16102"},{"taxonomy":"product_cat","embeddable":true,"href":"https:\/\/hidroterm.dmcsrbija.com\/ru\/wp-json\/wp\/v2\/product_cat?post=16102"},{"taxonomy":"product_tag","embeddable":true,"href":"https:\/\/hidroterm.dmcsrbija.com\/ru\/wp-json\/wp\/v2\/product_tag?post=16102"}],"curies":[{"name":"wp","href":"https:\/\/api.w.org\/{rel}","templated":true}]}}