{"id":16100,"date":"2025-07-15T10:58:54","date_gmt":"2025-07-15T08:58:54","guid":{"rendered":"https:\/\/foxit-technology.com\/proizvod\/kotao-radijtor-kraljevo-tkan\/"},"modified":"2025-07-15T10:59:00","modified_gmt":"2025-07-15T08:59:00","slug":"kotao-radijtor-kraljevo-tkan","status":"publish","type":"product","link":"https:\/\/hidroterm.dmcsrbija.com\/ru\/proizvod\/kotao-radijtor-kraljevo-tkan\/","title":{"rendered":"Kotao Radijtor Kraljevo TKAN"},"content":{"rendered":"<p>Kotlovi Radijator Kraljevo Tkan su \u010deli\u010dini kotlovi sa automatskim lozenjem na bio masu (pelet, ko\u0161tice vi\u0161nje i tre\u0161nje, opiljci iz drvoprerade&#8230;). Mogu\u0107nost lo\u017eenja na \u010dvrsto gorivo( drvo, ugalj,&#8230;) i tada je lo\u017eenje ru\u010dno. U sebi ima ventilator koji poma\u017ee sagrevanju kada se lo\u017ei na \u010dvrsto gorivo. 90% je stepen korisnosti na pelet.<\/p>","protected":false},"excerpt":{"rendered":"<p>Kotlovi Radijator Kraljevo Tkan su \u010deli\u010dini kotlovi sa automatskim lozenjem na bio masu (pelet, ko\u0161tice vi\u0161nje i tre\u0161nje, opiljci iz drvoprerade&#8230;). Mogu\u0107nost lo\u017eenja na \u010dvrsto gorivo( drvo, ugalj,&#8230;) i tada je lo\u017eenje ru\u010dno. U sebi ima ventilator koji poma\u017ee sagrevanju kada se lo\u017ei na \u010dvrsto gorivo. 90% je stepen korisnosti na pelet.<\/p>","protected":false},"featured_media":16101,"template":"","meta":[],"product_brand":[4197],"product_cat":[4206,4205,4207],"product_tag":[],"class_list":{"0":"post-16100","1":"product","2":"type-product","3":"status-publish","4":"has-post-thumbnail","6":"product_brand-radijator-kraljevo","7":"product_cat-kombinovani-kotlovi-cvrsto","8":"product_cat-kotlovi-i-kamini-na-pelet","9":"product_cat-pelet","11":"first","12":"instock","13":"purchasable","14":"product-type-simple"},"_links":{"self":[{"href":"https:\/\/hidroterm.dmcsrbija.com\/ru\/wp-json\/wp\/v2\/product\/16100","targetHints":{"allow":["GET"]}}],"collection":[{"href":"https:\/\/hidroterm.dmcsrbija.com\/ru\/wp-json\/wp\/v2\/product"}],"about":[{"href":"https:\/\/hidroterm.dmcsrbija.com\/ru\/wp-json\/wp\/v2\/types\/product"}],"wp:featuredmedia":[{"embeddable":true,"href":"https:\/\/hidroterm.dmcsrbija.com\/ru\/wp-json\/wp\/v2\/media\/16101"}],"wp:attachment":[{"href":"https:\/\/hidroterm.dmcsrbija.com\/ru\/wp-json\/wp\/v2\/media?parent=16100"}],"wp:term":[{"taxonomy":"product_brand","embeddable":true,"href":"https:\/\/hidroterm.dmcsrbija.com\/ru\/wp-json\/wp\/v2\/product_brand?post=16100"},{"taxonomy":"product_cat","embeddable":true,"href":"https:\/\/hidroterm.dmcsrbija.com\/ru\/wp-json\/wp\/v2\/product_cat?post=16100"},{"taxonomy":"product_tag","embeddable":true,"href":"https:\/\/hidroterm.dmcsrbija.com\/ru\/wp-json\/wp\/v2\/product_tag?post=16100"}],"curies":[{"name":"wp","href":"https:\/\/api.w.org\/{rel}","templated":true}]}}