{"id":16098,"date":"2025-07-15T10:58:54","date_gmt":"2025-07-15T08:58:54","guid":{"rendered":"https:\/\/foxit-technology.com\/proizvod\/bosch-pelet-set\/"},"modified":"2025-07-15T10:59:00","modified_gmt":"2025-07-15T08:59:00","slug":"bosch-pelet-set","status":"publish","type":"product","link":"https:\/\/hidroterm.dmcsrbija.com\/ru\/proizvod\/bosch-pelet-set\/","title":{"rendered":"Bosch pelet set"},"content":{"rendered":"<p>Bosch pelet set predstavlja idealnu kombinaciju savremene tehnologije grejanja. U ponudi su dva gorionika, snage do 34 kW i od 55 kW, odnosno 3 razli\u010dita seta za pelete. Set \u0107ete odabrati na bazi dva podatka: raspolo\u017eiove visine dimnjaka i potrebne snage za grejanje. Za ku\u0107e sa ni\u017eim dimnjakom (do 7m) na raspolaganju su snage 27 i 32 kW, a za ku\u0107e sa boljim dimnjakom 27, 32 i 45 kW. Veoma je bitno da se koristi kvalitetan pelet, izra\u0111en od drveta, koji garantuje ravnomeran i stabilan rad, i najmanju potro\u0161nju u kilogramima. Na gorionike PELET BRENN se mo\u017ee povezati sobni termostat, \u010dime obezbe\u0111ujete da u sobama imate konstantnu temperaturu. Kada se dostigne \u017eeljena temperatura, gorionik se gasi, a kada se spusti, ponovo se pali. Na ovaj na\u010din se \u0161tedi gorivo, a korisnici kona\u010dno imaju pravi komfor grejanja.<\/p>","protected":false},"excerpt":{"rendered":"<p>Bosch pelet set predstavlja idealnu kombinaciju savremene tehnologije grejanja. U ponudi su dva gorionika, snage do 34 kW i od 55 kW, odnosno 3 razli\u010dita seta za pelete. Set \u0107ete odabrati na bazi dva podatka: raspolo\u017eiove visine dimnjaka i potrebne snage za grejanje. Za ku\u0107e sa ni\u017eim dimnjakom (do 7m) na raspolaganju su snage 27 [&hellip;]<\/p>\n","protected":false},"featured_media":16099,"template":"","meta":[],"product_brand":[4210],"product_cat":[4206,4205,4207],"product_tag":[],"class_list":{"0":"post-16098","1":"product","2":"type-product","3":"status-publish","4":"has-post-thumbnail","6":"product_brand-bosch","7":"product_cat-kombinovani-kotlovi-cvrsto","8":"product_cat-kotlovi-i-kamini-na-pelet","9":"product_cat-pelet","11":"first","12":"instock","13":"purchasable","14":"product-type-simple"},"_links":{"self":[{"href":"https:\/\/hidroterm.dmcsrbija.com\/ru\/wp-json\/wp\/v2\/product\/16098","targetHints":{"allow":["GET"]}}],"collection":[{"href":"https:\/\/hidroterm.dmcsrbija.com\/ru\/wp-json\/wp\/v2\/product"}],"about":[{"href":"https:\/\/hidroterm.dmcsrbija.com\/ru\/wp-json\/wp\/v2\/types\/product"}],"wp:featuredmedia":[{"embeddable":true,"href":"https:\/\/hidroterm.dmcsrbija.com\/ru\/wp-json\/wp\/v2\/media\/16099"}],"wp:attachment":[{"href":"https:\/\/hidroterm.dmcsrbija.com\/ru\/wp-json\/wp\/v2\/media?parent=16098"}],"wp:term":[{"taxonomy":"product_brand","embeddable":true,"href":"https:\/\/hidroterm.dmcsrbija.com\/ru\/wp-json\/wp\/v2\/product_brand?post=16098"},{"taxonomy":"product_cat","embeddable":true,"href":"https:\/\/hidroterm.dmcsrbija.com\/ru\/wp-json\/wp\/v2\/product_cat?post=16098"},{"taxonomy":"product_tag","embeddable":true,"href":"https:\/\/hidroterm.dmcsrbija.com\/ru\/wp-json\/wp\/v2\/product_tag?post=16098"}],"curies":[{"name":"wp","href":"https:\/\/api.w.org\/{rel}","templated":true}]}}