{"id":16094,"date":"2025-07-15T10:58:54","date_gmt":"2025-07-15T08:58:54","guid":{"rendered":"https:\/\/foxit-technology.com\/proizvod\/kotao-na-pelet-kepo-ac\/"},"modified":"2025-10-11T08:57:38","modified_gmt":"2025-10-11T06:57:38","slug":"kotao-na-pelet-kepo-ac","status":"publish","type":"product","link":"https:\/\/hidroterm.dmcsrbija.com\/ru\/proizvod\/kotao-na-pelet-kepo-ac\/","title":{"rendered":"Kotao na pelet Kepo AC"},"content":{"rendered":"<p style=\"text-align: justify;\">Kepo kotlove na pelet karakteri\u0161e visok nivo zavr\u0161ne obrade, kvalitet materijala i komponenti koji se u njih ugra\u0111uju, visok nivo stepena iskori\u0161\u0107enja energije 91%, velika autonomija rada i lako odr\u017eavanje. U zavisnosti od zadatih parametara Kepo kotlovi funkcioni\u0161u potpuno automatski (serija AC), \u0161to omogu\u0107ava da mo\u017eete isprogramirati sedmodnevni re\u017eim njihovog rada: kada da se upale, kada da se ugase i koju temperaturu da odr\u017eavaju u zadatom periodu. Kotlovi serije MC podrazumevaju ru\u010dno \u010di\u0161\u0107enje gorionika. Pored elektronike koja reguli\u0161e rad kotla, nalaze se cirkulaciona pumpa, ekspanziona posuda, sigurnosni ventil, rezervoar za pelet, ispusna slavina i automatska ozraka. Da bi zaokru\u017eili kompletnu investiciju, potrebni su Vam radijatori, radijatorski ventil i cevni razvod.<\/p>\n<div id=\"gtx-trans\" style=\"position: absolute; left: -40px; top: 147px;\"><\/div>","protected":false},"excerpt":{"rendered":"<p>Kepo kotlove na pelet karakteri\u0161e visok nivo zavr\u0161ne obrade, kvalitet materijala i komponenti koji se u njih ugra\u0111uju, visok nivo stepena iskori\u0161\u0107enja energije 91%, velika autonomija rada i lako odr\u017eavanje. U zavisnosti od zadatih parametara Kepo kotlovi funkcioni\u0161u potpuno automatski (serija AC), \u0161to omogu\u0107ava da mo\u017eete isprogramirati sedmodnevni re\u017eim njihovog rada: kada da se upale, [&hellip;]<\/p>\n","protected":false},"featured_media":16095,"template":"","meta":[],"product_brand":[4209],"product_cat":[4205,4917],"product_tag":[],"class_list":{"0":"post-16094","1":"product","2":"type-product","3":"status-publish","4":"has-post-thumbnail","6":"product_brand-kepo","7":"product_cat-kotlovi-i-kamini-na-pelet","8":"product_cat-kotlovi-na-pelet","10":"first","11":"instock","12":"purchasable","13":"product-type-simple"},"_links":{"self":[{"href":"https:\/\/hidroterm.dmcsrbija.com\/ru\/wp-json\/wp\/v2\/product\/16094","targetHints":{"allow":["GET"]}}],"collection":[{"href":"https:\/\/hidroterm.dmcsrbija.com\/ru\/wp-json\/wp\/v2\/product"}],"about":[{"href":"https:\/\/hidroterm.dmcsrbija.com\/ru\/wp-json\/wp\/v2\/types\/product"}],"wp:featuredmedia":[{"embeddable":true,"href":"https:\/\/hidroterm.dmcsrbija.com\/ru\/wp-json\/wp\/v2\/media\/16095"}],"wp:attachment":[{"href":"https:\/\/hidroterm.dmcsrbija.com\/ru\/wp-json\/wp\/v2\/media?parent=16094"}],"wp:term":[{"taxonomy":"product_brand","embeddable":true,"href":"https:\/\/hidroterm.dmcsrbija.com\/ru\/wp-json\/wp\/v2\/product_brand?post=16094"},{"taxonomy":"product_cat","embeddable":true,"href":"https:\/\/hidroterm.dmcsrbija.com\/ru\/wp-json\/wp\/v2\/product_cat?post=16094"},{"taxonomy":"product_tag","embeddable":true,"href":"https:\/\/hidroterm.dmcsrbija.com\/ru\/wp-json\/wp\/v2\/product_tag?post=16094"}],"curies":[{"name":"wp","href":"https:\/\/api.w.org\/{rel}","templated":true}]}}