{"id":16090,"date":"2025-07-15T10:58:54","date_gmt":"2025-07-15T08:58:54","guid":{"rendered":"https:\/\/foxit-technology.com\/proizvod\/kamin-na-pelet-abc-vesta\/"},"modified":"2025-07-17T11:59:45","modified_gmt":"2025-07-17T09:59:45","slug":"kamin-na-pelet-abc-vesta","status":"publish","type":"product","link":"https:\/\/hidroterm.dmcsrbija.com\/ru\/proizvod\/kamin-na-pelet-abc-vesta\/","title":{"rendered":"Kamin na pelet ABC Vesta"},"content":{"rendered":"<p>Kamin na pelet Vesta proizvo\u0111a\u010da ABC U\u017eice je namenjen eta\u017enom grejanju. Ukupne snage 21kw, 18kw prenosi sistemu za centralno grejanje, a 3kw zra\u010di u prostoriji u kojoj se nalazi. Kamin na pelet Vesta je fabri\u010dki opremljena sa cirkulacionom pumpom, ekspanzionom posudom, sigurnosnim ventilom, automatskim odzra\u010dnim lon\u010detom. Po izgledu je vrlo sli\u010dna Super Vulkanu, samo \u0161to nema naprednu funkciju samo\u010di\u0161\u0107enja.<\/p>","protected":false},"excerpt":{"rendered":"<p>Kamin na pelet Vesta proizvo\u0111a\u010da ABC U\u017eice je namenjen eta\u017enom grejanju. Ukupne snage 21kw, 18kw prenosi sistemu za centralno grejanje, a 3kw zra\u010di u prostoriji u kojoj se nalazi. Kamin na pelet Vesta je fabri\u010dki opremljena sa cirkulacionom pumpom, ekspanzionom posudom, sigurnosnim ventilom, automatskim odzra\u010dnim lon\u010detom. Po izgledu je vrlo sli\u010dna Super Vulkanu, samo \u0161to [&hellip;]<\/p>\n","protected":false},"featured_media":16091,"template":"","meta":[],"product_brand":[4196],"product_cat":[4208,4205],"product_tag":[],"class_list":{"0":"post-16090","1":"product","2":"type-product","3":"status-publish","4":"has-post-thumbnail","6":"product_brand-abc-uzice","7":"product_cat-kotlovi-i-kamini-na-pelet-kotlovi-i-kamini-na-pelet","8":"product_cat-kotlovi-i-kamini-na-pelet","10":"first","11":"instock","12":"purchasable","13":"product-type-simple"},"_links":{"self":[{"href":"https:\/\/hidroterm.dmcsrbija.com\/ru\/wp-json\/wp\/v2\/product\/16090","targetHints":{"allow":["GET"]}}],"collection":[{"href":"https:\/\/hidroterm.dmcsrbija.com\/ru\/wp-json\/wp\/v2\/product"}],"about":[{"href":"https:\/\/hidroterm.dmcsrbija.com\/ru\/wp-json\/wp\/v2\/types\/product"}],"wp:featuredmedia":[{"embeddable":true,"href":"https:\/\/hidroterm.dmcsrbija.com\/ru\/wp-json\/wp\/v2\/media\/16091"}],"wp:attachment":[{"href":"https:\/\/hidroterm.dmcsrbija.com\/ru\/wp-json\/wp\/v2\/media?parent=16090"}],"wp:term":[{"taxonomy":"product_brand","embeddable":true,"href":"https:\/\/hidroterm.dmcsrbija.com\/ru\/wp-json\/wp\/v2\/product_brand?post=16090"},{"taxonomy":"product_cat","embeddable":true,"href":"https:\/\/hidroterm.dmcsrbija.com\/ru\/wp-json\/wp\/v2\/product_cat?post=16090"},{"taxonomy":"product_tag","embeddable":true,"href":"https:\/\/hidroterm.dmcsrbija.com\/ru\/wp-json\/wp\/v2\/product_tag?post=16090"}],"curies":[{"name":"wp","href":"https:\/\/api.w.org\/{rel}","templated":true}]}}