{"id":16088,"date":"2025-07-15T10:58:54","date_gmt":"2025-07-15T08:58:54","guid":{"rendered":"https:\/\/foxit-technology.com\/proizvod\/kotao-abc-combo\/"},"modified":"2025-07-15T10:58:58","modified_gmt":"2025-07-15T08:58:58","slug":"kotao-abc-combo","status":"publish","type":"product","link":"https:\/\/hidroterm.dmcsrbija.com\/ru\/proizvod\/kotao-abc-combo\/","title":{"rendered":"Kotao ABC Combo"},"content":{"rendered":"<p>Kotao Combo je kombinovani kotao namenjen je prvenstveno grejanju na pelet ali se mogu koristiti i za grejanje na \u010dvrsto gorivo ukoliko se u njega doda posebna re\u0161etka predvi\u0111ena za kori\u0161\u0107enje \u010dvrstog goriva. Visok stepen iskori\u0161\u0107enja omogu\u0107ava maksimalno u\u017eivanje. Dostupan u snagama 25 kW, 40 kW i 60 kW.&nbsp;<\/p>","protected":false},"excerpt":{"rendered":"<p>Kotao Combo je kombinovani kotao namenjen je prvenstveno grejanju na pelet ali se mogu koristiti i za grejanje na \u010dvrsto gorivo ukoliko se u njega doda posebna re\u0161etka predvi\u0111ena za kori\u0161\u0107enje \u010dvrstog goriva. Visok stepen iskori\u0161\u0107enja omogu\u0107ava maksimalno u\u017eivanje. Dostupan u snagama 25 kW, 40 kW i 60 kW.&nbsp;<\/p>","protected":false},"featured_media":16089,"template":"","meta":[],"product_brand":[4196],"product_cat":[4206,4205,4207],"product_tag":[],"class_list":{"0":"post-16088","1":"product","2":"type-product","3":"status-publish","4":"has-post-thumbnail","6":"product_brand-abc-uzice","7":"product_cat-kombinovani-kotlovi-cvrsto","8":"product_cat-kotlovi-i-kamini-na-pelet","9":"product_cat-pelet","11":"first","12":"instock","13":"purchasable","14":"product-type-simple"},"_links":{"self":[{"href":"https:\/\/hidroterm.dmcsrbija.com\/ru\/wp-json\/wp\/v2\/product\/16088","targetHints":{"allow":["GET"]}}],"collection":[{"href":"https:\/\/hidroterm.dmcsrbija.com\/ru\/wp-json\/wp\/v2\/product"}],"about":[{"href":"https:\/\/hidroterm.dmcsrbija.com\/ru\/wp-json\/wp\/v2\/types\/product"}],"wp:featuredmedia":[{"embeddable":true,"href":"https:\/\/hidroterm.dmcsrbija.com\/ru\/wp-json\/wp\/v2\/media\/16089"}],"wp:attachment":[{"href":"https:\/\/hidroterm.dmcsrbija.com\/ru\/wp-json\/wp\/v2\/media?parent=16088"}],"wp:term":[{"taxonomy":"product_brand","embeddable":true,"href":"https:\/\/hidroterm.dmcsrbija.com\/ru\/wp-json\/wp\/v2\/product_brand?post=16088"},{"taxonomy":"product_cat","embeddable":true,"href":"https:\/\/hidroterm.dmcsrbija.com\/ru\/wp-json\/wp\/v2\/product_cat?post=16088"},{"taxonomy":"product_tag","embeddable":true,"href":"https:\/\/hidroterm.dmcsrbija.com\/ru\/wp-json\/wp\/v2\/product_tag?post=16088"}],"curies":[{"name":"wp","href":"https:\/\/api.w.org\/{rel}","templated":true}]}}