{"id":16086,"date":"2025-07-15T10:58:54","date_gmt":"2025-07-15T08:58:54","guid":{"rendered":"https:\/\/foxit-technology.com\/proizvod\/kotao-na-pelet-termal\/"},"modified":"2025-10-11T08:56:14","modified_gmt":"2025-10-11T06:56:14","slug":"kotao-na-pelet-termal","status":"publish","type":"product","link":"https:\/\/hidroterm.dmcsrbija.com\/ru\/proizvod\/kotao-na-pelet-termal\/","title":{"rendered":"Kotao na pelet Termal"},"content":{"rendered":"<p>Kotlovi na pelet Thermal namenjeni su za centralno grejanje stambenih ili manjih poslovnih povr\u0161ina. Rade automatski, doziranjem peleta pomo\u0107u transportnog pu\u017ea iz spremnika za pelet koji je deo ure\u0111aja, sme\u0161tenog iznad kotlovskog dela ure\u0111aja. Plamen koji se razvija u kotlu tokom normalnog izgaranja drvenog peleta osloba\u0111a upravo onu koli\u010dinu CO2 koja se osloba\u0111a sagorevanjem drveta. Pomo\u0107u vrhunske regulacije ugra\u0111ene u kotao mogu\u0107e je pode\u0161avati temperaturu u prostoriji. Postoji mogu\u0107nost programiranog rada, a \u010deli\u010dna konstrukcija i moderni dizajn samo su neke karakteristike koje doprinose visokom stepenu iskori\u0161\u0107enja. Kod kotla Termal 25 ekspanziona posuda, pumpa i sigurnosni ventil su integrisani u kotlu dok je kod kotlova Termal 34 i 50 za\u0161titna pumpa (slu\u017ei samo za cirkulaciju vode u kotlu kao za\u0161tita od kondenzacije) i hidrauli\u010dna skretnica.<\/p>","protected":false},"excerpt":{"rendered":"<p>Kotlovi na pelet Thermal namenjeni su za centralno grejanje stambenih ili manjih poslovnih povr\u0161ina. Rade automatski, doziranjem peleta pomo\u0107u transportnog pu\u017ea iz spremnika za pelet koji je deo ure\u0111aja, sme\u0161tenog iznad kotlovskog dela ure\u0111aja. Plamen koji se razvija u kotlu tokom normalnog izgaranja drvenog peleta osloba\u0111a upravo onu koli\u010dinu CO2 koja se osloba\u0111a sagorevanjem drveta. [&hellip;]<\/p>\n","protected":false},"featured_media":16087,"template":"","meta":[],"product_brand":[4194],"product_cat":[4205,4917],"product_tag":[],"class_list":{"0":"post-16086","1":"product","2":"type-product","3":"status-publish","4":"has-post-thumbnail","6":"product_brand-termal","7":"product_cat-kotlovi-i-kamini-na-pelet","8":"product_cat-kotlovi-na-pelet","10":"first","11":"instock","12":"purchasable","13":"product-type-simple"},"_links":{"self":[{"href":"https:\/\/hidroterm.dmcsrbija.com\/ru\/wp-json\/wp\/v2\/product\/16086","targetHints":{"allow":["GET"]}}],"collection":[{"href":"https:\/\/hidroterm.dmcsrbija.com\/ru\/wp-json\/wp\/v2\/product"}],"about":[{"href":"https:\/\/hidroterm.dmcsrbija.com\/ru\/wp-json\/wp\/v2\/types\/product"}],"wp:featuredmedia":[{"embeddable":true,"href":"https:\/\/hidroterm.dmcsrbija.com\/ru\/wp-json\/wp\/v2\/media\/16087"}],"wp:attachment":[{"href":"https:\/\/hidroterm.dmcsrbija.com\/ru\/wp-json\/wp\/v2\/media?parent=16086"}],"wp:term":[{"taxonomy":"product_brand","embeddable":true,"href":"https:\/\/hidroterm.dmcsrbija.com\/ru\/wp-json\/wp\/v2\/product_brand?post=16086"},{"taxonomy":"product_cat","embeddable":true,"href":"https:\/\/hidroterm.dmcsrbija.com\/ru\/wp-json\/wp\/v2\/product_cat?post=16086"},{"taxonomy":"product_tag","embeddable":true,"href":"https:\/\/hidroterm.dmcsrbija.com\/ru\/wp-json\/wp\/v2\/product_tag?post=16086"}],"curies":[{"name":"wp","href":"https:\/\/api.w.org\/{rel}","templated":true}]}}