{"id":16084,"date":"2025-07-15T10:58:54","date_gmt":"2025-07-15T08:58:54","guid":{"rendered":"https:\/\/foxit-technology.com\/proizvod\/kamin-na-pelet-termal\/"},"modified":"2025-07-17T11:59:46","modified_gmt":"2025-07-17T09:59:46","slug":"kamin-na-pelet-termal","status":"publish","type":"product","link":"https:\/\/hidroterm.dmcsrbija.com\/ru\/proizvod\/kamin-na-pelet-termal\/","title":{"rendered":"Kamin na pelet Termal"},"content":{"rendered":"<p>Kamini Thermal namenjeni su zagrevanju manjih stambenih ili poslovnih povr\u0161ina. Osim efekta grejanja poseban ugo\u0111aj daje plamen koji je vidljiv na prednjoj strani kamina. Kamini raspola\u017eu vrhunskom regulacijom koja omogu\u0107ava lako upravljanje temperaturom u prostoriji. \u010ci\u0161\u0107enje se vr\u0161i kroz prednja vrata i koje zbog prostora u kome je sme\u0161ten kamin preporu\u010dujemo da se uradi usisiva\u010dem. Kod kamina Termal ekspanziona posuda, cirkulaciona pumpa (Wilo RS 25\/6) i sigurnosni ventil su integrisani. Dostupan u snagama 15 kW, 20 kW i 25 kW.<\/p>","protected":false},"excerpt":{"rendered":"<p>Kamini Thermal namenjeni su zagrevanju manjih stambenih ili poslovnih povr\u0161ina. Osim efekta grejanja poseban ugo\u0111aj daje plamen koji je vidljiv na prednjoj strani kamina. Kamini raspola\u017eu vrhunskom regulacijom koja omogu\u0107ava lako upravljanje temperaturom u prostoriji. \u010ci\u0161\u0107enje se vr\u0161i kroz prednja vrata i koje zbog prostora u kome je sme\u0161ten kamin preporu\u010dujemo da se uradi usisiva\u010dem. [&hellip;]<\/p>\n","protected":false},"featured_media":16085,"template":"","meta":[],"product_brand":[4194],"product_cat":[4208,4205],"product_tag":[],"class_list":{"0":"post-16084","1":"product","2":"type-product","3":"status-publish","4":"has-post-thumbnail","6":"product_brand-termal","7":"product_cat-kotlovi-i-kamini-na-pelet-kotlovi-i-kamini-na-pelet","8":"product_cat-kotlovi-i-kamini-na-pelet","10":"first","11":"instock","12":"purchasable","13":"product-type-simple"},"_links":{"self":[{"href":"https:\/\/hidroterm.dmcsrbija.com\/ru\/wp-json\/wp\/v2\/product\/16084","targetHints":{"allow":["GET"]}}],"collection":[{"href":"https:\/\/hidroterm.dmcsrbija.com\/ru\/wp-json\/wp\/v2\/product"}],"about":[{"href":"https:\/\/hidroterm.dmcsrbija.com\/ru\/wp-json\/wp\/v2\/types\/product"}],"wp:featuredmedia":[{"embeddable":true,"href":"https:\/\/hidroterm.dmcsrbija.com\/ru\/wp-json\/wp\/v2\/media\/16085"}],"wp:attachment":[{"href":"https:\/\/hidroterm.dmcsrbija.com\/ru\/wp-json\/wp\/v2\/media?parent=16084"}],"wp:term":[{"taxonomy":"product_brand","embeddable":true,"href":"https:\/\/hidroterm.dmcsrbija.com\/ru\/wp-json\/wp\/v2\/product_brand?post=16084"},{"taxonomy":"product_cat","embeddable":true,"href":"https:\/\/hidroterm.dmcsrbija.com\/ru\/wp-json\/wp\/v2\/product_cat?post=16084"},{"taxonomy":"product_tag","embeddable":true,"href":"https:\/\/hidroterm.dmcsrbija.com\/ru\/wp-json\/wp\/v2\/product_tag?post=16084"}],"curies":[{"name":"wp","href":"https:\/\/api.w.org\/{rel}","templated":true}]}}