{"id":16082,"date":"2025-07-15T10:58:54","date_gmt":"2025-07-15T08:58:54","guid":{"rendered":"https:\/\/foxit-technology.com\/proizvod\/kotao-na-pelet-mareli-cmb\/"},"modified":"2025-10-11T08:56:04","modified_gmt":"2025-10-11T06:56:04","slug":"kotao-na-pelet-mareli-cmb","status":"publish","type":"product","link":"https:\/\/hidroterm.dmcsrbija.com\/ru\/proizvod\/kotao-na-pelet-mareli-cmb\/","title":{"rendered":"Kotao na pelet Mareli CMB"},"content":{"rendered":"<p>Kotao Mareli CMB45 kotao ima cevni sistem za prenos energije izra\u0111en od ner\u0111aju\u0107eg \u010delika. Svi priklju\u010dci potrebni za njegov rad su sa gornje strane a proizvod dolazi u kombinaciji sa Samba pelet gorionikom. Kotao ima mogu\u0107nost moduliranja, savremenu elektroniku i spremnik.<\/p>","protected":false},"excerpt":{"rendered":"<p>Kotao Mareli CMB45 kotao ima cevni sistem za prenos energije izra\u0111en od ner\u0111aju\u0107eg \u010delika. Svi priklju\u010dci potrebni za njegov rad su sa gornje strane a proizvod dolazi u kombinaciji sa Samba pelet gorionikom. Kotao ima mogu\u0107nost moduliranja, savremenu elektroniku i spremnik.<\/p>","protected":false},"featured_media":16083,"template":"","meta":[],"product_brand":[4192],"product_cat":[4205,4917],"product_tag":[],"class_list":{"0":"post-16082","1":"product","2":"type-product","3":"status-publish","4":"has-post-thumbnail","6":"product_brand-mareli","7":"product_cat-kotlovi-i-kamini-na-pelet","8":"product_cat-kotlovi-na-pelet","10":"first","11":"instock","12":"purchasable","13":"product-type-simple"},"_links":{"self":[{"href":"https:\/\/hidroterm.dmcsrbija.com\/ru\/wp-json\/wp\/v2\/product\/16082","targetHints":{"allow":["GET"]}}],"collection":[{"href":"https:\/\/hidroterm.dmcsrbija.com\/ru\/wp-json\/wp\/v2\/product"}],"about":[{"href":"https:\/\/hidroterm.dmcsrbija.com\/ru\/wp-json\/wp\/v2\/types\/product"}],"wp:featuredmedia":[{"embeddable":true,"href":"https:\/\/hidroterm.dmcsrbija.com\/ru\/wp-json\/wp\/v2\/media\/16083"}],"wp:attachment":[{"href":"https:\/\/hidroterm.dmcsrbija.com\/ru\/wp-json\/wp\/v2\/media?parent=16082"}],"wp:term":[{"taxonomy":"product_brand","embeddable":true,"href":"https:\/\/hidroterm.dmcsrbija.com\/ru\/wp-json\/wp\/v2\/product_brand?post=16082"},{"taxonomy":"product_cat","embeddable":true,"href":"https:\/\/hidroterm.dmcsrbija.com\/ru\/wp-json\/wp\/v2\/product_cat?post=16082"},{"taxonomy":"product_tag","embeddable":true,"href":"https:\/\/hidroterm.dmcsrbija.com\/ru\/wp-json\/wp\/v2\/product_tag?post=16082"}],"curies":[{"name":"wp","href":"https:\/\/api.w.org\/{rel}","templated":true}]}}