{"id":16080,"date":"2025-07-15T10:58:54","date_gmt":"2025-07-15T08:58:54","guid":{"rendered":"https:\/\/foxit-technology.com\/proizvod\/kotao-na-pelet-mareli-mp35\/"},"modified":"2025-10-11T08:55:55","modified_gmt":"2025-10-11T06:55:55","slug":"kotao-na-pelet-mareli-mp35","status":"publish","type":"product","link":"https:\/\/hidroterm.dmcsrbija.com\/ru\/proizvod\/kotao-na-pelet-mareli-mp35\/","title":{"rendered":"Kotao na pelet Mareli MP35"},"content":{"rendered":"<p>Kotao Mareli MP je nova generacija kotlova na pelet. Karakteri\u0161e se visokim stepenom efikasnosti,koristi cevasti sistem za prenos toplote koji je izra\u0111en od ner\u0111ajuc\u0301eg \u010delika. U kombinaciji sa Mareli SMB linijom gorionika na pelet, ovaj kotao ima automatizovani sistem \u010di\u0161\u0107enja.<\/p>\n<p><em><strong><em><strong>*U junu mesecu uz svaki kupljeni kamin se dobija pumpa, <\/strong><\/em><\/strong><strong>ekspanziona posuda i sobni be\u017ei\u010dni termostat Q7 ili usisiva\u010d za pelet na poklon.<\/strong><\/em><\/p>\n<p><em><strong>*Garancija na kotao 5 godina, 2 godine na elektro komponente.<\/strong><\/em><\/p>","protected":false},"excerpt":{"rendered":"<p>Kotao Mareli MP je nova generacija kotlova na pelet. Karakteri\u0161e se visokim stepenom efikasnosti,koristi cevasti sistem za prenos toplote koji je izra\u0111en od ner\u0111ajuc\u0301eg \u010delika. U kombinaciji sa Mareli SMB linijom gorionika na pelet, ovaj kotao ima automatizovani sistem \u010di\u0161\u0107enja. *U junu mesecu uz svaki kupljeni kamin se dobija pumpa, ekspanziona posuda i sobni be\u017ei\u010dni [&hellip;]<\/p>\n","protected":false},"featured_media":16081,"template":"","meta":[],"product_brand":[4192],"product_cat":[4205,4917],"product_tag":[],"class_list":{"0":"post-16080","1":"product","2":"type-product","3":"status-publish","4":"has-post-thumbnail","6":"product_brand-mareli","7":"product_cat-kotlovi-i-kamini-na-pelet","8":"product_cat-kotlovi-na-pelet","10":"first","11":"instock","12":"purchasable","13":"product-type-simple"},"_links":{"self":[{"href":"https:\/\/hidroterm.dmcsrbija.com\/ru\/wp-json\/wp\/v2\/product\/16080","targetHints":{"allow":["GET"]}}],"collection":[{"href":"https:\/\/hidroterm.dmcsrbija.com\/ru\/wp-json\/wp\/v2\/product"}],"about":[{"href":"https:\/\/hidroterm.dmcsrbija.com\/ru\/wp-json\/wp\/v2\/types\/product"}],"wp:featuredmedia":[{"embeddable":true,"href":"https:\/\/hidroterm.dmcsrbija.com\/ru\/wp-json\/wp\/v2\/media\/16081"}],"wp:attachment":[{"href":"https:\/\/hidroterm.dmcsrbija.com\/ru\/wp-json\/wp\/v2\/media?parent=16080"}],"wp:term":[{"taxonomy":"product_brand","embeddable":true,"href":"https:\/\/hidroterm.dmcsrbija.com\/ru\/wp-json\/wp\/v2\/product_brand?post=16080"},{"taxonomy":"product_cat","embeddable":true,"href":"https:\/\/hidroterm.dmcsrbija.com\/ru\/wp-json\/wp\/v2\/product_cat?post=16080"},{"taxonomy":"product_tag","embeddable":true,"href":"https:\/\/hidroterm.dmcsrbija.com\/ru\/wp-json\/wp\/v2\/product_tag?post=16080"}],"curies":[{"name":"wp","href":"https:\/\/api.w.org\/{rel}","templated":true}]}}