{"id":16078,"date":"2025-07-15T10:58:54","date_gmt":"2025-07-15T08:58:54","guid":{"rendered":"https:\/\/foxit-technology.com\/proizvod\/kotao-na-pelet-mareli-ecostar-sbn\/"},"modified":"2025-10-11T08:55:47","modified_gmt":"2025-10-11T06:55:47","slug":"kotao-na-pelet-mareli-ecostar-sbn","status":"publish","type":"product","link":"https:\/\/hidroterm.dmcsrbija.com\/ru\/proizvod\/kotao-na-pelet-mareli-ecostar-sbn\/","title":{"rendered":"Kotao na pelet Mareli ECOSTAR (SBN)"},"content":{"rendered":"<p>Novi model kotla na pelet dobro poznatog proizvo\u0111a\u010da Mareli &#8211; SBN-35. Maksimalne snage do 35kW. Odgovara zahtevima onih potro\u0161a\u010da koji \u017eele ve\u0107i kapacitet spremnika gde ovaj model mo\u017ee ponuditi \u010dak 110kg kapaciteta. Otuda je izra\u017eena i visina kotla a na prednjpj strani se nalazi i pokazatelj nivoa peleta u spremniku. Poseduje turbulatore u cevima i mogu\u0107no\u0161\u0107u automatskog \u010di\u0161\u0107enja jer se jednostavnim povla\u010denjem ru\u010dke turbulatori protresaju i sav pepeo iz njih pada u prednji deo kotla. Nema potrebe za otvaranjem bo\u010dnih stranica \u0161to apsolutno pojednostavljuje proces \u010di\u0161\u0107enja kotla.<\/p>\n<p><em><strong>*Garancija na kotao 5 godina, 2 godine na elektro komponente.<\/strong><\/em><\/p>","protected":false},"excerpt":{"rendered":"<p>Novi model kotla na pelet dobro poznatog proizvo\u0111a\u010da Mareli &#8211; SBN-35. Maksimalne snage do 35kW. Odgovara zahtevima onih potro\u0161a\u010da koji \u017eele ve\u0107i kapacitet spremnika gde ovaj model mo\u017ee ponuditi \u010dak 110kg kapaciteta. Otuda je izra\u017eena i visina kotla a na prednjpj strani se nalazi i pokazatelj nivoa peleta u spremniku. Poseduje turbulatore u cevima i [&hellip;]<\/p>\n","protected":false},"featured_media":16079,"template":"","meta":[],"product_brand":[4192],"product_cat":[4205,4917],"product_tag":[],"class_list":{"0":"post-16078","1":"product","2":"type-product","3":"status-publish","4":"has-post-thumbnail","6":"product_brand-mareli","7":"product_cat-kotlovi-i-kamini-na-pelet","8":"product_cat-kotlovi-na-pelet","10":"first","11":"instock","12":"purchasable","13":"product-type-simple"},"_links":{"self":[{"href":"https:\/\/hidroterm.dmcsrbija.com\/ru\/wp-json\/wp\/v2\/product\/16078","targetHints":{"allow":["GET"]}}],"collection":[{"href":"https:\/\/hidroterm.dmcsrbija.com\/ru\/wp-json\/wp\/v2\/product"}],"about":[{"href":"https:\/\/hidroterm.dmcsrbija.com\/ru\/wp-json\/wp\/v2\/types\/product"}],"wp:featuredmedia":[{"embeddable":true,"href":"https:\/\/hidroterm.dmcsrbija.com\/ru\/wp-json\/wp\/v2\/media\/16079"}],"wp:attachment":[{"href":"https:\/\/hidroterm.dmcsrbija.com\/ru\/wp-json\/wp\/v2\/media?parent=16078"}],"wp:term":[{"taxonomy":"product_brand","embeddable":true,"href":"https:\/\/hidroterm.dmcsrbija.com\/ru\/wp-json\/wp\/v2\/product_brand?post=16078"},{"taxonomy":"product_cat","embeddable":true,"href":"https:\/\/hidroterm.dmcsrbija.com\/ru\/wp-json\/wp\/v2\/product_cat?post=16078"},{"taxonomy":"product_tag","embeddable":true,"href":"https:\/\/hidroterm.dmcsrbija.com\/ru\/wp-json\/wp\/v2\/product_tag?post=16078"}],"curies":[{"name":"wp","href":"https:\/\/api.w.org\/{rel}","templated":true}]}}