{"id":16074,"date":"2025-07-15T10:58:54","date_gmt":"2025-07-15T08:58:54","guid":{"rendered":"https:\/\/foxit-technology.com\/proizvod\/kamin-na-pelet-mareli-psn\/"},"modified":"2025-07-17T11:59:46","modified_gmt":"2025-07-17T09:59:46","slug":"kamin-na-pelet-mareli-psn","status":"publish","type":"product","link":"https:\/\/hidroterm.dmcsrbija.com\/ru\/proizvod\/kamin-na-pelet-mareli-psn\/","title":{"rendered":"Kamin na pelet Mareli PSN"},"content":{"rendered":"<p>Kamini na pelet Mareli PSN predstavljaju seriju kamina na pelet karakteri\u0161e se ugra\u0111enom inteligentnom elektronskom kontrolom \u0161to omogu\u0107ava jednostavniju upotreba kamina. Kamin ima i precizni termostat koji obezbe\u0111uje savr\u0161enu kontrolu temperature u Va\u0161em domu. Paljenje se vr\u0161i kroz kerami\u010dke greja\u010de koji pale pelet u sekundi. Jednostavnije odr\u017eavanje omogu\u0107uje izmenjen dizajn pepeljare i ru\u010dicu za \u010di\u0161\u0107enje dimnih kanala. Dostupan u snagama 12 kW, 15 kW, 18 kW, 24 kW i 30 kW.<\/p>\n<p><i>*Sa pumpom i ekspanzionom posudom<\/i><\/p>\n<p><em><strong>*Garancija na kotao 5 godina, 2 godine na elektro komponente.<\/strong><\/em><\/p>\n<p>&nbsp;<\/p>","protected":false},"excerpt":{"rendered":"<p>Kamini na pelet Mareli PSN predstavljaju seriju kamina na pelet karakteri\u0161e se ugra\u0111enom inteligentnom elektronskom kontrolom \u0161to omogu\u0107ava jednostavniju upotreba kamina. Kamin ima i precizni termostat koji obezbe\u0111uje savr\u0161enu kontrolu temperature u Va\u0161em domu. Paljenje se vr\u0161i kroz kerami\u010dke greja\u010de koji pale pelet u sekundi. Jednostavnije odr\u017eavanje omogu\u0107uje izmenjen dizajn pepeljare i ru\u010dicu za \u010di\u0161\u0107enje [&hellip;]<\/p>\n","protected":false},"featured_media":16075,"template":"","meta":[],"product_brand":[4192],"product_cat":[4208,4205],"product_tag":[],"class_list":{"0":"post-16074","1":"product","2":"type-product","3":"status-publish","4":"has-post-thumbnail","6":"product_brand-mareli","7":"product_cat-kotlovi-i-kamini-na-pelet-kotlovi-i-kamini-na-pelet","8":"product_cat-kotlovi-i-kamini-na-pelet","10":"first","11":"instock","12":"purchasable","13":"product-type-simple"},"_links":{"self":[{"href":"https:\/\/hidroterm.dmcsrbija.com\/ru\/wp-json\/wp\/v2\/product\/16074","targetHints":{"allow":["GET"]}}],"collection":[{"href":"https:\/\/hidroterm.dmcsrbija.com\/ru\/wp-json\/wp\/v2\/product"}],"about":[{"href":"https:\/\/hidroterm.dmcsrbija.com\/ru\/wp-json\/wp\/v2\/types\/product"}],"wp:featuredmedia":[{"embeddable":true,"href":"https:\/\/hidroterm.dmcsrbija.com\/ru\/wp-json\/wp\/v2\/media\/16075"}],"wp:attachment":[{"href":"https:\/\/hidroterm.dmcsrbija.com\/ru\/wp-json\/wp\/v2\/media?parent=16074"}],"wp:term":[{"taxonomy":"product_brand","embeddable":true,"href":"https:\/\/hidroterm.dmcsrbija.com\/ru\/wp-json\/wp\/v2\/product_brand?post=16074"},{"taxonomy":"product_cat","embeddable":true,"href":"https:\/\/hidroterm.dmcsrbija.com\/ru\/wp-json\/wp\/v2\/product_cat?post=16074"},{"taxonomy":"product_tag","embeddable":true,"href":"https:\/\/hidroterm.dmcsrbija.com\/ru\/wp-json\/wp\/v2\/product_tag?post=16074"}],"curies":[{"name":"wp","href":"https:\/\/api.w.org\/{rel}","templated":true}]}}