{"id":16072,"date":"2025-07-15T10:58:54","date_gmt":"2025-07-15T08:58:54","guid":{"rendered":"https:\/\/foxit-technology.com\/proizvod\/kamin-na-pelet-mareli-uno\/"},"modified":"2025-10-11T10:54:17","modified_gmt":"2025-10-11T08:54:17","slug":"kamin-na-pelet-mareli-uno","status":"publish","type":"product","link":"https:\/\/hidroterm.dmcsrbija.com\/ru\/proizvod\/kamin-na-pelet-mareli-uno\/","title":{"rendered":"Kamin na pelet Mareli UNO 13 Kw (1kW+12kW)"},"content":{"rendered":"<h2 data-start=\"83\" data-end=\"131\"><strong data-start=\"83\" data-end=\"129\">Kamin na pelet Mareli UNO 13 kW (1kW+12kW)<\/strong><\/h2>\n<p data-start=\"133\" data-end=\"436\">Novo u ponudi! Kamin Mareli UNO predstavlja savremeno i prakti\u010dno re\u0161enje za grejanje doma, kombinuju\u0107i moderan dizajn i naprednu tehnologiju. Ovaj kamin radi sa snagom od <strong data-start=\"305\" data-end=\"329\">13 kW (1 kW + 12 kW)<\/strong>, pru\u017eaju\u0107i optimalnu toplotu za prostorije srednje veli\u010dine, uz maksimalnu efikasnost i u\u0161tedu energije.<\/p>\n<p data-start=\"438\" data-end=\"771\">Kamin Mareli UNO poseduje <strong data-start=\"464\" data-end=\"533\">senzor za automatsku regulaciju protoka vazduha i koli\u010dine peleta<\/strong>, \u0161to omogu\u0107ava stalnu optimalnu temperaturu i minimalnu potro\u0161nju goriva. Unutar kamina se nalazi <strong data-start=\"632\" data-end=\"662\">pumpa i ekspanziona posuda<\/strong>, \u010dime je omogu\u0107ena jednostavna integracija sa sistemom centralnog grejanja i ravnomerna raspodela toplote.<\/p>\n<p data-start=\"773\" data-end=\"961\">Odr\u017eavanje je olak\u0161ano zahvaljuju\u0107i <strong data-start=\"809\" data-end=\"861\">mehanizmu za poluautomatsko \u010di\u0161\u0107enje turbulatora<\/strong> putem ru\u010dice, \u0161to zna\u010dajno smanjuje potrebu za manuelnim \u010di\u0161\u0107enjem i pove\u0107ava dugove\u010dnost kamina.<\/p>\n<h3 data-start=\"1217\" data-end=\"1279\"><strong data-start=\"1220\" data-end=\"1277\">Tehni\u010dke prednosti i za\u0161to odabrati Mareli UNO 13 kW:<\/strong><\/h3>\n<ul data-start=\"1280\" data-end=\"1670\">\n<li data-start=\"1280\" data-end=\"1342\">\n<p data-start=\"1282\" data-end=\"1342\">Visoka efikasnost grejanja i precizna kontrola temperature-sa senzorom za automatsku regulaciju protoka vazduha i koli\u010dine peleta<\/p>\n<\/li>\n<li data-start=\"1343\" data-end=\"1424\">\n<p data-start=\"1345\" data-end=\"1424\">Integrisana pumpa i ekspanziona posuda za povezivanje sa centralnim grejanjem-pumpa i ekspanziona posuda se nalaze u unutra\u0161njosti kamina<\/p>\n<\/li>\n<li data-start=\"1425\" data-end=\"1508\">\n<p data-start=\"1427\" data-end=\"1508\">Automatska regulacija protoka vazduha i koli\u010dine peleta za ekonomi\u010dnu potro\u0161nju<\/p>\n<\/li>\n<li data-start=\"1509\" data-end=\"1573\">\n<p data-start=\"1511\" data-end=\"1573\">Poluautomatsko \u010di\u0161\u0107enje turbulatora(ru\u010dica) \u2013 jednostavno odr\u017eavanje<\/p>\n<\/li>\n<li data-start=\"1574\" data-end=\"1618\">\n<p data-start=\"1576\" data-end=\"1618\">Elegantan i moderan dizajn u \u010detiri boje<\/p>\n<\/li>\n<li data-start=\"1619\" data-end=\"1670\">\n<p data-start=\"1621\" data-end=\"1670\">Brza isporuka i pu\u0161tanje u rad uklju\u010deno u cenu<\/p>\n<\/li>\n<\/ul>\n<p data-start=\"1672\" data-end=\"1822\"><strong data-start=\"1672\" data-end=\"1692\">Mareli UNO 13 kW<\/strong> je idealan izbor za one koji tra\u017ee pouzdan, efikasan i moderan kamin na pelet koji donosi toplinu, u\u0161tedu i udobnost u va\u0161 dom.<\/p>\n<table>\n<thead>\n<tr>\n<th>Model<\/th>\n<th>Snaga<\/th>\n<th>Pokriva povr\u0161inu<\/th>\n<\/tr>\n<\/thead>\n<tbody>\n<tr>\n<td>Kamin na pelet Mareli DUO<\/td>\n<td>13 kW<\/td>\n<td>70-90 m\u00b2<\/td>\n<\/tr>\n<tr>\n<td>Kamin na pelet Mareli DUO<\/td>\n<td>18 kW<\/td>\n<td>do 120 m\u00b2<\/td>\n<\/tr>\n<tr>\n<td>Kamin na pelet Mareli DUO<\/td>\n<td>24 kW<\/td>\n<td>do 150 m\u00b2<\/td>\n<\/tr>\n<tr>\n<td>Kamin na pelet Mareli DUO<\/td>\n<td>30 kW<\/td>\n<td>do 180 m\u00b2<\/td>\n<\/tr>\n<\/tbody>\n<\/table>\n<p><em>* Pokrivene povr\u0161ine podrazumevaju stolariju i izolaciju u kvalitetnoj varijanti.<\/em><\/p>\n<p><em>Kamin Mareli UNO dostupan je u <strong data-start=\"994\" data-end=\"1029\">krem, bordo, sivoj i crnoj boji<\/strong>, prilago\u0111avaju\u0107i se svakom enterijeru.<\/em><\/p>\n<p><em>Dostupne boje:<\/em><\/p>\n<ul>\n<li>Crna \u26ab\ufe0f<\/li>\n<li>Bordo \ud83d\udd34<\/li>\n<li>Krem \ud83d\udfe4<\/li>\n<li>Siva \u26aa\ufe0f<\/li>\n<\/ul>\n<p data-start=\"1635\" data-end=\"1662\"><strong data-start=\"1638\" data-end=\"1660\">Dodatne prednosti:<\/strong><\/p>\n<ul data-start=\"1663\" data-end=\"1828\">\n<li data-start=\"1663\" data-end=\"1727\">\n<p data-start=\"1665\" data-end=\"1727\">Garancija 5 godina na kotao i 2 godine na elektro komponente<\/p>\n<\/li>\n<li data-start=\"1728\" data-end=\"1761\">\n<p data-start=\"1730\" data-end=\"1761\">Modeli su sa pumpom i posudom<\/p>\n<\/li>\n<\/ul>\n<p style=\"color: red;\">*Isporuka na teritoriji cele Srbije<\/p>\n<p style=\"color: red;\">*Pu\u0161tanje u rad ura\u010dunato u cenu<\/p>\n<p><strong><em>*Odabir snage kotla je na investitoru i projektantu grejne mre\u017ee<\/em><\/strong><\/p>","protected":false},"excerpt":{"rendered":"<p>Kamin na pelet Mareli UNO 13 kW kombinuje moderan dizajn i visoku efikasnost grejanja. Opremljen je automatskom regulacijom protoka vazduha i koli\u010dine peleta, pumpom i ekspanzionom posudom, kao i mehanizmom za poluautomatsko \u010di\u0161\u0107enje turbulatora. Dostupan u vi\u0161e boja, sa isporukom i pu\u0161tanjem u rad ura\u010dunatim u cenu.<\/p>","protected":false},"featured_media":21894,"template":"","meta":[],"product_brand":[4192],"product_cat":[4208,4205],"product_tag":[],"class_list":{"0":"post-16072","1":"product","2":"type-product","3":"status-publish","4":"has-post-thumbnail","6":"product_brand-mareli","7":"product_cat-kotlovi-i-kamini-na-pelet-kotlovi-i-kamini-na-pelet","8":"product_cat-kotlovi-i-kamini-na-pelet","10":"first","11":"instock","12":"purchasable","13":"product-type-simple"},"_links":{"self":[{"href":"https:\/\/hidroterm.dmcsrbija.com\/ru\/wp-json\/wp\/v2\/product\/16072","targetHints":{"allow":["GET"]}}],"collection":[{"href":"https:\/\/hidroterm.dmcsrbija.com\/ru\/wp-json\/wp\/v2\/product"}],"about":[{"href":"https:\/\/hidroterm.dmcsrbija.com\/ru\/wp-json\/wp\/v2\/types\/product"}],"wp:featuredmedia":[{"embeddable":true,"href":"https:\/\/hidroterm.dmcsrbija.com\/ru\/wp-json\/wp\/v2\/media\/21894"}],"wp:attachment":[{"href":"https:\/\/hidroterm.dmcsrbija.com\/ru\/wp-json\/wp\/v2\/media?parent=16072"}],"wp:term":[{"taxonomy":"product_brand","embeddable":true,"href":"https:\/\/hidroterm.dmcsrbija.com\/ru\/wp-json\/wp\/v2\/product_brand?post=16072"},{"taxonomy":"product_cat","embeddable":true,"href":"https:\/\/hidroterm.dmcsrbija.com\/ru\/wp-json\/wp\/v2\/product_cat?post=16072"},{"taxonomy":"product_tag","embeddable":true,"href":"https:\/\/hidroterm.dmcsrbija.com\/ru\/wp-json\/wp\/v2\/product_tag?post=16072"}],"curies":[{"name":"wp","href":"https:\/\/api.w.org\/{rel}","templated":true}]}}