{"id":16070,"date":"2025-07-15T10:58:54","date_gmt":"2025-07-15T08:58:54","guid":{"rendered":"https:\/\/foxit-technology.com\/proizvod\/mareli-pelet-set\/"},"modified":"2025-07-15T10:58:54","modified_gmt":"2025-07-15T08:58:54","slug":"mareli-pelet-set","status":"publish","type":"product","link":"https:\/\/hidroterm.dmcsrbija.com\/ru\/proizvod\/mareli-pelet-set\/","title":{"rendered":"Mareli pelet set"},"content":{"rendered":"<p>Mareli Calisto je kombinovani \u010deli\u010dni kotao na \u010dvrsto gorivo. Ovaj kotao je prilago\u0111en za kori\u0161\u0107enje peleta uz dodatak gorionika na pelet. Regulator promaje je ura\u010dunat u cenu kotla. Set se sastoji od \u010deli\u010dnog kotla Mareli Calisto, gorionika EasyPel i spremnika za pelet zapremine 140 kg. Ugradnjom gorionika na pelet zna\u010dajno se produ\u017euje vek trajanja kotla. Lako\u0107a promene ogreva ne zahteva izmene i prepravke na samom kotlu. Dostupan u snagama 24 kW, 35 kW i 48 kW.<\/p>\n<p><strong><em>Napomena: Pu\u0161tanje u rad nije ura\u010dunato u cenu.<\/em><\/strong><\/p>","protected":false},"excerpt":{"rendered":"<p>Mareli Calisto je kombinovani \u010deli\u010dni kotao na \u010dvrsto gorivo. Ovaj kotao je prilago\u0111en za kori\u0161\u0107enje peleta uz dodatak gorionika na pelet. Regulator promaje je ura\u010dunat u cenu kotla. Set se sastoji od \u010deli\u010dnog kotla Mareli Calisto, gorionika EasyPel i spremnika za pelet zapremine 140 kg. Ugradnjom gorionika na pelet zna\u010dajno se produ\u017euje vek trajanja kotla. [&hellip;]<\/p>\n","protected":false},"featured_media":16071,"template":"","meta":[],"product_brand":[4192],"product_cat":[4206,4205,4207],"product_tag":[],"class_list":{"0":"post-16070","1":"product","2":"type-product","3":"status-publish","4":"has-post-thumbnail","6":"product_brand-mareli","7":"product_cat-kombinovani-kotlovi-cvrsto","8":"product_cat-kotlovi-i-kamini-na-pelet","9":"product_cat-pelet","11":"first","12":"instock","13":"purchasable","14":"product-type-simple"},"_links":{"self":[{"href":"https:\/\/hidroterm.dmcsrbija.com\/ru\/wp-json\/wp\/v2\/product\/16070","targetHints":{"allow":["GET"]}}],"collection":[{"href":"https:\/\/hidroterm.dmcsrbija.com\/ru\/wp-json\/wp\/v2\/product"}],"about":[{"href":"https:\/\/hidroterm.dmcsrbija.com\/ru\/wp-json\/wp\/v2\/types\/product"}],"wp:featuredmedia":[{"embeddable":true,"href":"https:\/\/hidroterm.dmcsrbija.com\/ru\/wp-json\/wp\/v2\/media\/16071"}],"wp:attachment":[{"href":"https:\/\/hidroterm.dmcsrbija.com\/ru\/wp-json\/wp\/v2\/media?parent=16070"}],"wp:term":[{"taxonomy":"product_brand","embeddable":true,"href":"https:\/\/hidroterm.dmcsrbija.com\/ru\/wp-json\/wp\/v2\/product_brand?post=16070"},{"taxonomy":"product_cat","embeddable":true,"href":"https:\/\/hidroterm.dmcsrbija.com\/ru\/wp-json\/wp\/v2\/product_cat?post=16070"},{"taxonomy":"product_tag","embeddable":true,"href":"https:\/\/hidroterm.dmcsrbija.com\/ru\/wp-json\/wp\/v2\/product_tag?post=16070"}],"curies":[{"name":"wp","href":"https:\/\/api.w.org\/{rel}","templated":true}]}}