{"id":16068,"date":"2025-07-15T10:58:54","date_gmt":"2025-07-15T08:58:54","guid":{"rendered":"https:\/\/foxit-technology.com\/proizvod\/kotao-na-pelet-mareli-pb\/"},"modified":"2025-10-11T08:54:30","modified_gmt":"2025-10-11T06:54:30","slug":"kotao-na-pelet-mareli-pb","status":"publish","type":"product","link":"https:\/\/hidroterm.dmcsrbija.com\/ru\/proizvod\/kotao-na-pelet-mareli-pb\/","title":{"rendered":"Kotao na pelet Mareli PB"},"content":{"rendered":"<p>Kotlovi na pelet Mareli koriste isklju\u010divo pelet kao gorivo. Ovi kotlovi u sebi imaju rezervoar za pelet kapaciteta 25 do 30 kg, zapremina vode u kotlu je 74l. Pre\u010dnik dimnja\u010de je 80mm. Poseduje funkciju automatskog paljenja kao i elektronsku kontrolu na srpskom jeziku. Stepen iskori\u0161\u0107enja je preko 92%. Dostupan u snagama 18 kW, 24 kW i 30 kW.<\/p>\n<p>Kotao dolazi sa pumpom i posudom &#8211; \u010di\u0161\u0107enje nakon tone peleta od napred.<\/p>\n<p><em><strong>*Garancija na kotao 5 godina, 2 godine na elektro komponente.<\/strong><\/em><\/p>","protected":false},"excerpt":{"rendered":"<p>Kotlovi na pelet Mareli koriste isklju\u010divo pelet kao gorivo. Ovi kotlovi u sebi imaju rezervoar za pelet kapaciteta 25 do 30 kg, zapremina vode u kotlu je 74l. Pre\u010dnik dimnja\u010de je 80mm. Poseduje funkciju automatskog paljenja kao i elektronsku kontrolu na srpskom jeziku. Stepen iskori\u0161\u0107enja je preko 92%. Dostupan u snagama 18 kW, 24 kW [&hellip;]<\/p>\n","protected":false},"featured_media":16069,"template":"","meta":[],"product_brand":[4192],"product_cat":[4205,4917],"product_tag":[],"class_list":{"0":"post-16068","1":"product","2":"type-product","3":"status-publish","4":"has-post-thumbnail","6":"product_brand-mareli","7":"product_cat-kotlovi-i-kamini-na-pelet","8":"product_cat-kotlovi-na-pelet","10":"first","11":"instock","12":"purchasable","13":"product-type-simple"},"_links":{"self":[{"href":"https:\/\/hidroterm.dmcsrbija.com\/ru\/wp-json\/wp\/v2\/product\/16068","targetHints":{"allow":["GET"]}}],"collection":[{"href":"https:\/\/hidroterm.dmcsrbija.com\/ru\/wp-json\/wp\/v2\/product"}],"about":[{"href":"https:\/\/hidroterm.dmcsrbija.com\/ru\/wp-json\/wp\/v2\/types\/product"}],"wp:featuredmedia":[{"embeddable":true,"href":"https:\/\/hidroterm.dmcsrbija.com\/ru\/wp-json\/wp\/v2\/media\/16069"}],"wp:attachment":[{"href":"https:\/\/hidroterm.dmcsrbija.com\/ru\/wp-json\/wp\/v2\/media?parent=16068"}],"wp:term":[{"taxonomy":"product_brand","embeddable":true,"href":"https:\/\/hidroterm.dmcsrbija.com\/ru\/wp-json\/wp\/v2\/product_brand?post=16068"},{"taxonomy":"product_cat","embeddable":true,"href":"https:\/\/hidroterm.dmcsrbija.com\/ru\/wp-json\/wp\/v2\/product_cat?post=16068"},{"taxonomy":"product_tag","embeddable":true,"href":"https:\/\/hidroterm.dmcsrbija.com\/ru\/wp-json\/wp\/v2\/product_tag?post=16068"}],"curies":[{"name":"wp","href":"https:\/\/api.w.org\/{rel}","templated":true}]}}