{"id":16066,"date":"2025-07-15T10:58:35","date_gmt":"2025-07-15T08:58:35","guid":{"rendered":"https:\/\/foxit-technology.com\/proizvod\/kamin-na-pelet-mareli-ps\/"},"modified":"2025-10-11T13:52:04","modified_gmt":"2025-10-11T11:52:04","slug":"kamin-na-pelet-mareli-ps","status":"publish","type":"product","link":"https:\/\/hidroterm.dmcsrbija.com\/ru\/proizvod\/kamin-na-pelet-mareli-ps\/","title":{"rendered":"Kamin na pelet Mareli PS"},"content":{"rendered":"<h3 data-start=\"102\" data-end=\"132\">Kamin na pelet Mareli PS<\/h3>\n<p data-start=\"134\" data-end=\"454\">\u043f\u0435\u043b\u043b\u0435\u0442\u043d\u044b\u0435 \u0433\u0440\u0443\u0437\u043e\u0432\u0438\u043a\u0438 <strong data-start=\"150\" data-end=\"163\">Mareli PS<\/strong> koriste isklju\u010divo pelet kao gorivo, pru\u017eaju\u0107i ekolo\u0161ko i ekonomi\u010dno grejanje va\u0161eg doma. Ovi kamini su namenjeni za <strong data-start=\"281\" data-end=\"300\">eta\u017eno grejanje<\/strong>, istovremeno greju prostoriju u kojoj se nalaze, a deo svoje snage prenose na sistem centralnog grejanja, \u010dime obezbe\u0111uju ravnomernu raspodelu toplote.<\/p>\n<p data-start=\"456\" data-end=\"716\">Kamin Mareli PS poseduje <strong data-start=\"481\" data-end=\"504\">automatsko paljenje<\/strong> i <strong data-start=\"507\" data-end=\"549\">elektronsku kontrolu na srpskom jeziku<\/strong>, \u0161to olak\u0161ava kori\u0161\u0107enje i pode\u0161avanje temperature. Sa stepenom iskori\u0161\u0107enja preko <strong data-start=\"633\" data-end=\"640\">92%<\/strong>, ovaj kamin garantuje maksimalnu efikasnost i minimalnu potro\u0161nju goriva.<\/p>\n<p data-start=\"718\" data-end=\"836\">Kamini Mareli PS dostupni su u snagama <strong data-start=\"757\" data-end=\"781\">18 kW, 24 kW i 30 kW<\/strong>, prilago\u0111avaju\u0107i se potrebama razli\u010ditih prostorija.<\/p>\n<p data-start=\"838\" data-end=\"871\"><strong data-start=\"838\" data-end=\"869\">Prednosti Mareli PS kamina:<\/strong><\/p>\n<ul data-start=\"872\" data-end=\"1091\">\n<li data-start=\"872\" data-end=\"930\">\n<p data-start=\"874\" data-end=\"930\">Automatsko paljenje i jednostavna elektronska kontrola<\/p>\n<\/li>\n<li data-start=\"931\" data-end=\"990\">\n<p data-start=\"933\" data-end=\"990\">Eta\u017eno grejanje sa prenosom toplote na centralni sistem<\/p>\n<\/li>\n<li data-start=\"991\" data-end=\"1027\">\n<p data-start=\"993\" data-end=\"1027\">Visok stepen iskori\u0161\u0107enja (&gt;92%)<\/p>\n<\/li>\n<li data-start=\"1028\" data-end=\"1062\">\n<p data-start=\"1030\" data-end=\"1062\">Ekolo\u0161ko i ekonomi\u010dno grejanje<\/p>\n<\/li>\n<li data-start=\"1063\" data-end=\"1091\">\n<p data-start=\"1065\" data-end=\"1091\">Pouzdan i moderan dizajn<\/p>\n<\/li>\n<\/ul>\n<p style=\"color: red;\">*Garancija 5 godina na kotao, 2 godine na elektro komponente*<\/p>\n<p>&nbsp;<\/p>\n<p data-start=\"1184\" data-end=\"1330\"><strong data-start=\"1184\" data-end=\"1197\">Mareli PS<\/strong> je idealan izbor za one koji \u017eele efikasan, moderan i pouzdan kamin na pelet, sa maksimalnom kontrolom i jednostavnim odr\u017eavanjem.<\/p>\n<p>&nbsp;<\/p>","protected":false},"excerpt":{"rendered":"<p>Kamin na pelet Mareli PS koristi isklju\u010divo pelet, sa automatskim paljenjem i elektronskom kontrolom, za eta\u017eno grejanje i maksimalnu efikasnost (&gt;92%).<\/p>","protected":false},"featured_media":16067,"template":"","meta":[],"product_brand":[4192],"product_cat":[4208,4205],"product_tag":[],"class_list":{"0":"post-16066","1":"product","2":"type-product","3":"status-publish","4":"has-post-thumbnail","6":"product_brand-mareli","7":"product_cat-kotlovi-i-kamini-na-pelet-kotlovi-i-kamini-na-pelet","8":"product_cat-kotlovi-i-kamini-na-pelet","10":"first","11":"instock","12":"purchasable","13":"product-type-simple"},"_links":{"self":[{"href":"https:\/\/hidroterm.dmcsrbija.com\/ru\/wp-json\/wp\/v2\/product\/16066","targetHints":{"allow":["GET"]}}],"collection":[{"href":"https:\/\/hidroterm.dmcsrbija.com\/ru\/wp-json\/wp\/v2\/product"}],"about":[{"href":"https:\/\/hidroterm.dmcsrbija.com\/ru\/wp-json\/wp\/v2\/types\/product"}],"wp:featuredmedia":[{"embeddable":true,"href":"https:\/\/hidroterm.dmcsrbija.com\/ru\/wp-json\/wp\/v2\/media\/16067"}],"wp:attachment":[{"href":"https:\/\/hidroterm.dmcsrbija.com\/ru\/wp-json\/wp\/v2\/media?parent=16066"}],"wp:term":[{"taxonomy":"product_brand","embeddable":true,"href":"https:\/\/hidroterm.dmcsrbija.com\/ru\/wp-json\/wp\/v2\/product_brand?post=16066"},{"taxonomy":"product_cat","embeddable":true,"href":"https:\/\/hidroterm.dmcsrbija.com\/ru\/wp-json\/wp\/v2\/product_cat?post=16066"},{"taxonomy":"product_tag","embeddable":true,"href":"https:\/\/hidroterm.dmcsrbija.com\/ru\/wp-json\/wp\/v2\/product_tag?post=16066"}],"curies":[{"name":"wp","href":"https:\/\/api.w.org\/{rel}","templated":true}]}}