{"id":16060,"date":"2025-07-15T10:58:35","date_gmt":"2025-07-15T08:58:35","guid":{"rendered":"https:\/\/foxit-technology.com\/proizvod\/set-na-pelet-centrometal-pel-tec-e\/"},"modified":"2025-10-11T08:58:50","modified_gmt":"2025-10-11T06:58:50","slug":"set-na-pelet-centrometal-pel-tec-e","status":"publish","type":"product","link":"https:\/\/hidroterm.dmcsrbija.com\/ru\/proizvod\/set-na-pelet-centrometal-pel-tec-e\/","title":{"rendered":"Set na pelet Centrometal Pel Tec E"},"content":{"rendered":"<p>Kotao Centrometal Pel Tec E su \u010deli\u010dni kotlovi namenjeni za kori\u0161\u0107enje ikslju\u010divo drvenog peleta kao ogrevnog materijala. Kotao u sebi sadr\u017ei gorionik sa funkcijom automatske potpale i samo\u010di\u0161\u0107enja \u0161to omogu\u0107ava pouzdan rad i sa peletom lo\u0161ijeg kvaliteta. Funkcija automatskog \u010di\u0161\u0107enja dimovodnih cevi osigurava ujedna\u010denu izmenu toplote, visok i ujedna\u010den stepen iskori\u0161\u0107enja kotla. Mogu\u0107nost modulacije rada kotla i kontrole nivoa peleta u rezervoaru. Integrisana za\u0161tita povratnog voda kotla osigurava besprekoran rad kotla i kod ni\u017eih temperatura povrata. Kotao PelTec je mogu\u0107e nadograditi lambda sondu za dodatnu optimalizaciju procesa sagorevanja. Rezervoar peleta je sastavni deo kotla. Kotao se isporu\u010duje u delovima zbog lak\u0161eg unosa u kotlarnicu. PelTec E je ima ugra\u0111enu elektronsku moduliraju\u0107u pumpu kotla.<\/p>","protected":false},"excerpt":{"rendered":"<p>Kotao Centrometal Pel Tec E su \u010deli\u010dni kotlovi namenjeni za kori\u0161\u0107enje ikslju\u010divo drvenog peleta kao ogrevnog materijala. Kotao u sebi sadr\u017ei gorionik sa funkcijom automatske potpale i samo\u010di\u0161\u0107enja \u0161to omogu\u0107ava pouzdan rad i sa peletom lo\u0161ijeg kvaliteta. Funkcija automatskog \u010di\u0161\u0107enja dimovodnih cevi osigurava ujedna\u010denu izmenu toplote, visok i ujedna\u010den stepen iskori\u0161\u0107enja kotla. Mogu\u0107nost modulacije rada [&hellip;]<\/p>\n","protected":false},"featured_media":16061,"template":"","meta":[],"product_brand":[4199],"product_cat":[4205,4917],"product_tag":[],"class_list":{"0":"post-16060","1":"product","2":"type-product","3":"status-publish","4":"has-post-thumbnail","6":"product_brand-centrometal","7":"product_cat-kotlovi-i-kamini-na-pelet","8":"product_cat-kotlovi-na-pelet","10":"first","11":"instock","12":"purchasable","13":"product-type-simple"},"_links":{"self":[{"href":"https:\/\/hidroterm.dmcsrbija.com\/ru\/wp-json\/wp\/v2\/product\/16060","targetHints":{"allow":["GET"]}}],"collection":[{"href":"https:\/\/hidroterm.dmcsrbija.com\/ru\/wp-json\/wp\/v2\/product"}],"about":[{"href":"https:\/\/hidroterm.dmcsrbija.com\/ru\/wp-json\/wp\/v2\/types\/product"}],"wp:featuredmedia":[{"embeddable":true,"href":"https:\/\/hidroterm.dmcsrbija.com\/ru\/wp-json\/wp\/v2\/media\/16061"}],"wp:attachment":[{"href":"https:\/\/hidroterm.dmcsrbija.com\/ru\/wp-json\/wp\/v2\/media?parent=16060"}],"wp:term":[{"taxonomy":"product_brand","embeddable":true,"href":"https:\/\/hidroterm.dmcsrbija.com\/ru\/wp-json\/wp\/v2\/product_brand?post=16060"},{"taxonomy":"product_cat","embeddable":true,"href":"https:\/\/hidroterm.dmcsrbija.com\/ru\/wp-json\/wp\/v2\/product_cat?post=16060"},{"taxonomy":"product_tag","embeddable":true,"href":"https:\/\/hidroterm.dmcsrbija.com\/ru\/wp-json\/wp\/v2\/product_tag?post=16060"}],"curies":[{"name":"wp","href":"https:\/\/api.w.org\/{rel}","templated":true}]}}