{"id":16058,"date":"2025-07-15T10:58:35","date_gmt":"2025-07-15T08:58:35","guid":{"rendered":"https:\/\/foxit-technology.com\/proizvod\/kamin-na-pelet-centrometal-z6\/"},"modified":"2025-07-17T11:59:46","modified_gmt":"2025-07-17T09:59:46","slug":"kamin-na-pelet-centrometal-z6","status":"publish","type":"product","link":"https:\/\/hidroterm.dmcsrbija.com\/ru\/proizvod\/kamin-na-pelet-centrometal-z6\/","title":{"rendered":"Kamin na pelet Centrometal Z6"},"content":{"rendered":"<p>Pelet sobne pe\u0107i CentroPelet Z su pe\u0107i na pelete namenjene za grejanje prostorije vazduhom uz pomo\u0107 ugra\u0111enog ventilatora. Serijski se isporu\u010duju sa digitalnom regulacijom preko koje se mo\u017ee upravljati radom pe\u0107i i odabirati dnevni program. Daljinski upravlja\u010d za CentroPelet Z6 se mora dodatno naru\u010diti.<\/p>","protected":false},"excerpt":{"rendered":"<p>Pelet sobne pe\u0107i CentroPelet Z su pe\u0107i na pelete namenjene za grejanje prostorije vazduhom uz pomo\u0107 ugra\u0111enog ventilatora. Serijski se isporu\u010duju sa digitalnom regulacijom preko koje se mo\u017ee upravljati radom pe\u0107i i odabirati dnevni program. Daljinski upravlja\u010d za CentroPelet Z6 se mora dodatno naru\u010diti.<\/p>","protected":false},"featured_media":16059,"template":"","meta":[],"product_brand":[4199],"product_cat":[4208,4205],"product_tag":[],"class_list":{"0":"post-16058","1":"product","2":"type-product","3":"status-publish","4":"has-post-thumbnail","6":"product_brand-centrometal","7":"product_cat-kotlovi-i-kamini-na-pelet-kotlovi-i-kamini-na-pelet","8":"product_cat-kotlovi-i-kamini-na-pelet","10":"first","11":"instock","12":"purchasable","13":"product-type-simple"},"_links":{"self":[{"href":"https:\/\/hidroterm.dmcsrbija.com\/ru\/wp-json\/wp\/v2\/product\/16058","targetHints":{"allow":["GET"]}}],"collection":[{"href":"https:\/\/hidroterm.dmcsrbija.com\/ru\/wp-json\/wp\/v2\/product"}],"about":[{"href":"https:\/\/hidroterm.dmcsrbija.com\/ru\/wp-json\/wp\/v2\/types\/product"}],"wp:featuredmedia":[{"embeddable":true,"href":"https:\/\/hidroterm.dmcsrbija.com\/ru\/wp-json\/wp\/v2\/media\/16059"}],"wp:attachment":[{"href":"https:\/\/hidroterm.dmcsrbija.com\/ru\/wp-json\/wp\/v2\/media?parent=16058"}],"wp:term":[{"taxonomy":"product_brand","embeddable":true,"href":"https:\/\/hidroterm.dmcsrbija.com\/ru\/wp-json\/wp\/v2\/product_brand?post=16058"},{"taxonomy":"product_cat","embeddable":true,"href":"https:\/\/hidroterm.dmcsrbija.com\/ru\/wp-json\/wp\/v2\/product_cat?post=16058"},{"taxonomy":"product_tag","embeddable":true,"href":"https:\/\/hidroterm.dmcsrbija.com\/ru\/wp-json\/wp\/v2\/product_tag?post=16058"}],"curies":[{"name":"wp","href":"https:\/\/api.w.org\/{rel}","templated":true}]}}