{"id":16056,"date":"2025-07-15T10:58:35","date_gmt":"2025-07-15T08:58:35","guid":{"rendered":"https:\/\/foxit-technology.com\/proizvod\/centrometal-pelet-set\/"},"modified":"2025-07-15T10:58:45","modified_gmt":"2025-07-15T08:58:45","slug":"centrometal-pelet-set","status":"publish","type":"product","link":"https:\/\/hidroterm.dmcsrbija.com\/ru\/proizvod\/centrometal-pelet-set\/","title":{"rendered":"Centrometal pelet set"},"content":{"rendered":"<p>Kotao Centrometal Eko CK P je kotao koji se mo\u017ee koristiti za sagorevanje \u010dvrstog goriva ali se mo\u017ee koristiti i za sagorevanje peleta ukoliko se ugradi gorionik, transporter, rezervoar i set za pelet vrata. Karakteri\u0161e se visokim stepenom iskori\u0161\u0107enja a pove\u0107anje stepena iskori\u0161\u0107enja se dobija ubacivanjem turbulatora u gornju zonu kotla. Turbulatori se dobijaju zajedno sa pelet regulacijom.<\/p>","protected":false},"excerpt":{"rendered":"<p>Kotao Centrometal Eko CK P je kotao koji se mo\u017ee koristiti za sagorevanje \u010dvrstog goriva ali se mo\u017ee koristiti i za sagorevanje peleta ukoliko se ugradi gorionik, transporter, rezervoar i set za pelet vrata. Karakteri\u0161e se visokim stepenom iskori\u0161\u0107enja a pove\u0107anje stepena iskori\u0161\u0107enja se dobija ubacivanjem turbulatora u gornju zonu kotla. Turbulatori se dobijaju zajedno [&hellip;]<\/p>\n","protected":false},"featured_media":16057,"template":"","meta":[],"product_brand":[4199],"product_cat":[4206,4205,4207],"product_tag":[],"class_list":{"0":"post-16056","1":"product","2":"type-product","3":"status-publish","4":"has-post-thumbnail","6":"product_brand-centrometal","7":"product_cat-kombinovani-kotlovi-cvrsto","8":"product_cat-kotlovi-i-kamini-na-pelet","9":"product_cat-pelet","11":"first","12":"instock","13":"purchasable","14":"product-type-simple"},"_links":{"self":[{"href":"https:\/\/hidroterm.dmcsrbija.com\/ru\/wp-json\/wp\/v2\/product\/16056","targetHints":{"allow":["GET"]}}],"collection":[{"href":"https:\/\/hidroterm.dmcsrbija.com\/ru\/wp-json\/wp\/v2\/product"}],"about":[{"href":"https:\/\/hidroterm.dmcsrbija.com\/ru\/wp-json\/wp\/v2\/types\/product"}],"wp:featuredmedia":[{"embeddable":true,"href":"https:\/\/hidroterm.dmcsrbija.com\/ru\/wp-json\/wp\/v2\/media\/16057"}],"wp:attachment":[{"href":"https:\/\/hidroterm.dmcsrbija.com\/ru\/wp-json\/wp\/v2\/media?parent=16056"}],"wp:term":[{"taxonomy":"product_brand","embeddable":true,"href":"https:\/\/hidroterm.dmcsrbija.com\/ru\/wp-json\/wp\/v2\/product_brand?post=16056"},{"taxonomy":"product_cat","embeddable":true,"href":"https:\/\/hidroterm.dmcsrbija.com\/ru\/wp-json\/wp\/v2\/product_cat?post=16056"},{"taxonomy":"product_tag","embeddable":true,"href":"https:\/\/hidroterm.dmcsrbija.com\/ru\/wp-json\/wp\/v2\/product_tag?post=16056"}],"curies":[{"name":"wp","href":"https:\/\/api.w.org\/{rel}","templated":true}]}}