{"id":16054,"date":"2025-07-15T10:58:35","date_gmt":"2025-07-15T08:58:35","guid":{"rendered":"https:\/\/foxit-technology.com\/proizvod\/kamin-na-pelet-burnit\/"},"modified":"2025-07-17T11:59:46","modified_gmt":"2025-07-17T09:59:46","slug":"kamin-na-pelet-burnit","status":"publish","type":"product","link":"https:\/\/hidroterm.dmcsrbija.com\/ru\/proizvod\/kamin-na-pelet-burnit\/","title":{"rendered":"Kamin na pelet Burnit"},"content":{"rendered":"<p>Burnit pe\u0107i na pelet dostupne su u snazi od 13 kW i 25 kW. Namenjene eta\u017enom grejanju Burnit pe\u0107i omogu\u0107avaju lako i ekolo\u0161ko grejanje u kombinaciji sa modernim dizajnom.<\/p>\n<p>*Uz kotao se dobija pumpa i ekspanziona posuda.<\/p>","protected":false},"excerpt":{"rendered":"<p>Burnit pe\u0107i na pelet dostupne su u snazi od 13 kW i 25 kW. Namenjene eta\u017enom grejanju Burnit pe\u0107i omogu\u0107avaju lako i ekolo\u0161ko grejanje u kombinaciji sa modernim dizajnom. *Uz kotao se dobija pumpa i ekspanziona posuda.<\/p>","protected":false},"featured_media":16055,"template":"","meta":[],"product_brand":[4201],"product_cat":[4208,4205],"product_tag":[],"class_list":{"0":"post-16054","1":"product","2":"type-product","3":"status-publish","4":"has-post-thumbnail","6":"product_brand-sunsystem","7":"product_cat-kotlovi-i-kamini-na-pelet-kotlovi-i-kamini-na-pelet","8":"product_cat-kotlovi-i-kamini-na-pelet","10":"first","11":"instock","12":"purchasable","13":"product-type-simple"},"_links":{"self":[{"href":"https:\/\/hidroterm.dmcsrbija.com\/ru\/wp-json\/wp\/v2\/product\/16054","targetHints":{"allow":["GET"]}}],"collection":[{"href":"https:\/\/hidroterm.dmcsrbija.com\/ru\/wp-json\/wp\/v2\/product"}],"about":[{"href":"https:\/\/hidroterm.dmcsrbija.com\/ru\/wp-json\/wp\/v2\/types\/product"}],"wp:featuredmedia":[{"embeddable":true,"href":"https:\/\/hidroterm.dmcsrbija.com\/ru\/wp-json\/wp\/v2\/media\/16055"}],"wp:attachment":[{"href":"https:\/\/hidroterm.dmcsrbija.com\/ru\/wp-json\/wp\/v2\/media?parent=16054"}],"wp:term":[{"taxonomy":"product_brand","embeddable":true,"href":"https:\/\/hidroterm.dmcsrbija.com\/ru\/wp-json\/wp\/v2\/product_brand?post=16054"},{"taxonomy":"product_cat","embeddable":true,"href":"https:\/\/hidroterm.dmcsrbija.com\/ru\/wp-json\/wp\/v2\/product_cat?post=16054"},{"taxonomy":"product_tag","embeddable":true,"href":"https:\/\/hidroterm.dmcsrbija.com\/ru\/wp-json\/wp\/v2\/product_tag?post=16054"}],"curies":[{"name":"wp","href":"https:\/\/api.w.org\/{rel}","templated":true}]}}