{"id":16052,"date":"2025-07-15T10:58:35","date_gmt":"2025-07-15T08:58:35","guid":{"rendered":"https:\/\/foxit-technology.com\/proizvod\/burnit-pelet-set\/"},"modified":"2025-07-15T10:58:44","modified_gmt":"2025-07-15T08:58:44","slug":"burnit-pelet-set","status":"publish","type":"product","link":"https:\/\/hidroterm.dmcsrbija.com\/ru\/proizvod\/burnit-pelet-set\/","title":{"rendered":"Burnit pelet set"},"content":{"rendered":"<p>Set na pelet Burnit se sastoji od kotla na \u010dvrsto goriovo Burnit i gorionika Burnit eco. Kotao i gorionik Burnit predstavljaju odli\u010dnu kombinaciju kada je u pitanju sagorevanje peleta, dok sam kotao ima visoki stepen iskori\u0161\u0107enja kada se lo\u017ei na \u010dvrsto gorivo. Da bi se sa lo\u017eenja na pelet pre\u0161lo na \u010dvrsto gorivo, potrebno je da se ugradi poklopac otvora na vratima.<\/p>","protected":false},"excerpt":{"rendered":"<p>Set na pelet Burnit se sastoji od kotla na \u010dvrsto goriovo Burnit i gorionika Burnit eco. Kotao i gorionik Burnit predstavljaju odli\u010dnu kombinaciju kada je u pitanju sagorevanje peleta, dok sam kotao ima visoki stepen iskori\u0161\u0107enja kada se lo\u017ei na \u010dvrsto gorivo. Da bi se sa lo\u017eenja na pelet pre\u0161lo na \u010dvrsto gorivo, potrebno je [&hellip;]<\/p>\n","protected":false},"featured_media":16053,"template":"","meta":[],"product_brand":[4201],"product_cat":[4206,4205,4207],"product_tag":[],"class_list":{"0":"post-16052","1":"product","2":"type-product","3":"status-publish","4":"has-post-thumbnail","6":"product_brand-sunsystem","7":"product_cat-kombinovani-kotlovi-cvrsto","8":"product_cat-kotlovi-i-kamini-na-pelet","9":"product_cat-pelet","11":"first","12":"instock","13":"purchasable","14":"product-type-simple"},"_links":{"self":[{"href":"https:\/\/hidroterm.dmcsrbija.com\/ru\/wp-json\/wp\/v2\/product\/16052","targetHints":{"allow":["GET"]}}],"collection":[{"href":"https:\/\/hidroterm.dmcsrbija.com\/ru\/wp-json\/wp\/v2\/product"}],"about":[{"href":"https:\/\/hidroterm.dmcsrbija.com\/ru\/wp-json\/wp\/v2\/types\/product"}],"wp:featuredmedia":[{"embeddable":true,"href":"https:\/\/hidroterm.dmcsrbija.com\/ru\/wp-json\/wp\/v2\/media\/16053"}],"wp:attachment":[{"href":"https:\/\/hidroterm.dmcsrbija.com\/ru\/wp-json\/wp\/v2\/media?parent=16052"}],"wp:term":[{"taxonomy":"product_brand","embeddable":true,"href":"https:\/\/hidroterm.dmcsrbija.com\/ru\/wp-json\/wp\/v2\/product_brand?post=16052"},{"taxonomy":"product_cat","embeddable":true,"href":"https:\/\/hidroterm.dmcsrbija.com\/ru\/wp-json\/wp\/v2\/product_cat?post=16052"},{"taxonomy":"product_tag","embeddable":true,"href":"https:\/\/hidroterm.dmcsrbija.com\/ru\/wp-json\/wp\/v2\/product_tag?post=16052"}],"curies":[{"name":"wp","href":"https:\/\/api.w.org\/{rel}","templated":true}]}}