{"id":16050,"date":"2025-07-15T10:58:35","date_gmt":"2025-07-15T08:58:35","guid":{"rendered":"https:\/\/foxit-technology.com\/proizvod\/ferroli-pelet-set\/"},"modified":"2025-07-15T10:58:44","modified_gmt":"2025-07-15T08:58:44","slug":"ferroli-pelet-set","status":"publish","type":"product","link":"https:\/\/hidroterm.dmcsrbija.com\/ru\/proizvod\/ferroli-pelet-set\/","title":{"rendered":"Ferroli pelet set"},"content":{"rendered":"<p>Set na pelet Ferroli sastoji se od livenog kotla i gorionika italijanskog proizvo\u0111a\u010da Ferroli. U zavisnosti snage kotla ugra\u0111uje se P7 odnosno P12 gorionik. Kotao je izra\u0111en od livenog \u010delika, namenjen lo\u017eenju drvima ili ugljem te s monta\u017eom gorionika na pelete dobijamo visokoiskoristivi kotao na pelete. S dvoje montiranih vrata lako se prebacuje s lo\u017eenja drvima ili peletima. Stepen iskori\u0161\u0107enja pri sagorevanju peleta je oko 87,7% (10% ve\u0107i nego pri lo\u017eenju na drvo). Snaga kotla lo\u017ee\u0107i na pelet kre\u0107e se od 22 kW do 48 kW.<\/p>\n<p>U set je uklju\u010deno: kotao + rezervoar + gorionik + vrata<\/p>","protected":false},"excerpt":{"rendered":"<p>Set na pelet Ferroli sastoji se od livenog kotla i gorionika italijanskog proizvo\u0111a\u010da Ferroli. U zavisnosti snage kotla ugra\u0111uje se P7 odnosno P12 gorionik. Kotao je izra\u0111en od livenog \u010delika, namenjen lo\u017eenju drvima ili ugljem te s monta\u017eom gorionika na pelete dobijamo visokoiskoristivi kotao na pelete. S dvoje montiranih vrata lako se prebacuje s lo\u017eenja [&hellip;]<\/p>\n","protected":false},"featured_media":16051,"template":"","meta":[],"product_brand":[4191],"product_cat":[4206,4205,4207],"product_tag":[],"class_list":{"0":"post-16050","1":"product","2":"type-product","3":"status-publish","4":"has-post-thumbnail","6":"product_brand-ferroli","7":"product_cat-kombinovani-kotlovi-cvrsto","8":"product_cat-kotlovi-i-kamini-na-pelet","9":"product_cat-pelet","11":"first","12":"instock","13":"purchasable","14":"product-type-simple"},"_links":{"self":[{"href":"https:\/\/hidroterm.dmcsrbija.com\/ru\/wp-json\/wp\/v2\/product\/16050","targetHints":{"allow":["GET"]}}],"collection":[{"href":"https:\/\/hidroterm.dmcsrbija.com\/ru\/wp-json\/wp\/v2\/product"}],"about":[{"href":"https:\/\/hidroterm.dmcsrbija.com\/ru\/wp-json\/wp\/v2\/types\/product"}],"wp:featuredmedia":[{"embeddable":true,"href":"https:\/\/hidroterm.dmcsrbija.com\/ru\/wp-json\/wp\/v2\/media\/16051"}],"wp:attachment":[{"href":"https:\/\/hidroterm.dmcsrbija.com\/ru\/wp-json\/wp\/v2\/media?parent=16050"}],"wp:term":[{"taxonomy":"product_brand","embeddable":true,"href":"https:\/\/hidroterm.dmcsrbija.com\/ru\/wp-json\/wp\/v2\/product_brand?post=16050"},{"taxonomy":"product_cat","embeddable":true,"href":"https:\/\/hidroterm.dmcsrbija.com\/ru\/wp-json\/wp\/v2\/product_cat?post=16050"},{"taxonomy":"product_tag","embeddable":true,"href":"https:\/\/hidroterm.dmcsrbija.com\/ru\/wp-json\/wp\/v2\/product_tag?post=16050"}],"curies":[{"name":"wp","href":"https:\/\/api.w.org\/{rel}","templated":true}]}}