{"id":16048,"date":"2025-07-15T10:58:35","date_gmt":"2025-07-15T08:58:35","guid":{"rendered":"https:\/\/foxit-technology.com\/proizvod\/set-na-pelet-megal-specijal-ferroli\/"},"modified":"2025-07-15T10:58:40","modified_gmt":"2025-07-15T08:58:40","slug":"set-na-pelet-megal-specijal-ferroli","status":"publish","type":"product","link":"https:\/\/hidroterm.dmcsrbija.com\/ru\/proizvod\/set-na-pelet-megal-specijal-ferroli\/","title":{"rendered":"Set na pelet Megal Specijal + Ferroli"},"content":{"rendered":"<p>Set se sastoji od kotla Megal specijal koji je konstrukcijski napravljen tako da je prilago\u0111en monta\u017ei gorionika na pelet. Poseduje visok stepen iskori\u0161\u0107enja. Set je vrlo isplativ ukoliko poredimo cenu i kvalitet.<\/p>","protected":false},"excerpt":{"rendered":"<p>Set se sastoji od kotla Megal specijal koji je konstrukcijski napravljen tako da je prilago\u0111en monta\u017ei gorionika na pelet. Poseduje visok stepen iskori\u0161\u0107enja. Set je vrlo isplativ ukoliko poredimo cenu i kvalitet.<\/p>","protected":false},"featured_media":16049,"template":"","meta":[],"product_brand":[],"product_cat":[4206,4205,4207],"product_tag":[],"class_list":{"0":"post-16048","1":"product","2":"type-product","3":"status-publish","4":"has-post-thumbnail","6":"product_cat-kombinovani-kotlovi-cvrsto","7":"product_cat-kotlovi-i-kamini-na-pelet","8":"product_cat-pelet","10":"first","11":"instock","12":"purchasable","13":"product-type-simple"},"_links":{"self":[{"href":"https:\/\/hidroterm.dmcsrbija.com\/ru\/wp-json\/wp\/v2\/product\/16048","targetHints":{"allow":["GET"]}}],"collection":[{"href":"https:\/\/hidroterm.dmcsrbija.com\/ru\/wp-json\/wp\/v2\/product"}],"about":[{"href":"https:\/\/hidroterm.dmcsrbija.com\/ru\/wp-json\/wp\/v2\/types\/product"}],"wp:featuredmedia":[{"embeddable":true,"href":"https:\/\/hidroterm.dmcsrbija.com\/ru\/wp-json\/wp\/v2\/media\/16049"}],"wp:attachment":[{"href":"https:\/\/hidroterm.dmcsrbija.com\/ru\/wp-json\/wp\/v2\/media?parent=16048"}],"wp:term":[{"taxonomy":"product_brand","embeddable":true,"href":"https:\/\/hidroterm.dmcsrbija.com\/ru\/wp-json\/wp\/v2\/product_brand?post=16048"},{"taxonomy":"product_cat","embeddable":true,"href":"https:\/\/hidroterm.dmcsrbija.com\/ru\/wp-json\/wp\/v2\/product_cat?post=16048"},{"taxonomy":"product_tag","embeddable":true,"href":"https:\/\/hidroterm.dmcsrbija.com\/ru\/wp-json\/wp\/v2\/product_tag?post=16048"}],"curies":[{"name":"wp","href":"https:\/\/api.w.org\/{rel}","templated":true}]}}