{"id":16047,"date":"2025-07-15T10:58:35","date_gmt":"2025-07-15T08:58:35","guid":{"rendered":"https:\/\/foxit-technology.com\/proizvod\/set-na-pelet-viadrus-easy-pel\/"},"modified":"2025-07-15T10:58:40","modified_gmt":"2025-07-15T08:58:40","slug":"set-na-pelet-viadrus-easy-pel","status":"publish","type":"product","link":"https:\/\/hidroterm.dmcsrbija.com\/ru\/proizvod\/set-na-pelet-viadrus-easy-pel\/","title":{"rendered":"Set na pelet Viadrus + Easy Pel"},"content":{"rendered":"<p>Kotao Viadrus U22 LP u kombinaciji sa Easy Pel gorionikom je dobar izbor ako \u017eelite da se grejete na ko\u0161tice \u0161ljive, vi\u0161nje, i naravno, pelet i \u010dvrsto gorivo. SET = Kotao VIADRUS LP U22 + EASY PEL gorionik + Rezervoar za pelet* *Vrata i set za pove\u0107anje efikasnosti se kupuju posebno<\/p>","protected":false},"excerpt":{"rendered":"<p>Kotao Viadrus U22 LP u kombinaciji sa Easy Pel gorionikom je dobar izbor ako \u017eelite da se grejete na ko\u0161tice \u0161ljive, vi\u0161nje, i naravno, pelet i \u010dvrsto gorivo. SET = Kotao VIADRUS LP U22 + EASY PEL gorionik + Rezervoar za pelet* *Vrata i set za pove\u0107anje efikasnosti se kupuju posebno<\/p>","protected":false},"featured_media":16045,"template":"","meta":[],"product_brand":[],"product_cat":[4206,4205,4207],"product_tag":[],"class_list":{"0":"post-16047","1":"product","2":"type-product","3":"status-publish","4":"has-post-thumbnail","6":"product_cat-kombinovani-kotlovi-cvrsto","7":"product_cat-kotlovi-i-kamini-na-pelet","8":"product_cat-pelet","10":"first","11":"instock","12":"purchasable","13":"product-type-simple"},"_links":{"self":[{"href":"https:\/\/hidroterm.dmcsrbija.com\/ru\/wp-json\/wp\/v2\/product\/16047","targetHints":{"allow":["GET"]}}],"collection":[{"href":"https:\/\/hidroterm.dmcsrbija.com\/ru\/wp-json\/wp\/v2\/product"}],"about":[{"href":"https:\/\/hidroterm.dmcsrbija.com\/ru\/wp-json\/wp\/v2\/types\/product"}],"wp:featuredmedia":[{"embeddable":true,"href":"https:\/\/hidroterm.dmcsrbija.com\/ru\/wp-json\/wp\/v2\/media\/16045"}],"wp:attachment":[{"href":"https:\/\/hidroterm.dmcsrbija.com\/ru\/wp-json\/wp\/v2\/media?parent=16047"}],"wp:term":[{"taxonomy":"product_brand","embeddable":true,"href":"https:\/\/hidroterm.dmcsrbija.com\/ru\/wp-json\/wp\/v2\/product_brand?post=16047"},{"taxonomy":"product_cat","embeddable":true,"href":"https:\/\/hidroterm.dmcsrbija.com\/ru\/wp-json\/wp\/v2\/product_cat?post=16047"},{"taxonomy":"product_tag","embeddable":true,"href":"https:\/\/hidroterm.dmcsrbija.com\/ru\/wp-json\/wp\/v2\/product_tag?post=16047"}],"curies":[{"name":"wp","href":"https:\/\/api.w.org\/{rel}","templated":true}]}}