{"id":16046,"date":"2025-07-15T10:58:35","date_gmt":"2025-07-15T08:58:35","guid":{"rendered":"https:\/\/foxit-technology.com\/proizvod\/set-na-pelet-viadrus-b-max\/"},"modified":"2025-07-15T10:58:39","modified_gmt":"2025-07-15T08:58:39","slug":"set-na-pelet-viadrus-b-max","status":"publish","type":"product","link":"https:\/\/hidroterm.dmcsrbija.com\/ru\/proizvod\/set-na-pelet-viadrus-b-max\/","title":{"rendered":"Set na pelet Viadrus + B-max"},"content":{"rendered":"<p>Kombinacija livenog kotla Viadrus U22 LP i gorionika italijanskog proizvo\u0111a\u010da B-max predstavlja pravi izbor kada je lo\u0161iji kvalitet peleta u pitanju. Ovaj gorionik ima dva pu\u017ea, tako da ne dolazi do zapu\u0161avanja. U set je uklju\u010den liveni kotao Viadrus LP U22, B-Max gorionik i rezervoar za pelet. U kotao je preporu\u010dljivo ugraditi set za pove\u0107anje stepena iskori\u0161\u0107enja u vidu \u0161amotnih cigli i livenih pregrada za usmeravanje plamena, \u010dime se podi\u017ee stepen iskori\u0161\u0107enja i preko 90%. Postoji mogu\u0107nost i kupovine samo seta za pove\u0107anje efikasnosti za korisnike koji ve\u0107 poseduju Viadrus kotlove. SET = Kotao VIADRUS LP U22 + BMAX gorionik + Rezervoar za pelet* *Vrata i set za pove\u0107anje efikasnosti se kupuju posebno<\/p>","protected":false},"excerpt":{"rendered":"<p>Kombinacija livenog kotla Viadrus U22 LP i gorionika italijanskog proizvo\u0111a\u010da B-max predstavlja pravi izbor kada je lo\u0161iji kvalitet peleta u pitanju. Ovaj gorionik ima dva pu\u017ea, tako da ne dolazi do zapu\u0161avanja. U set je uklju\u010den liveni kotao Viadrus LP U22, B-Max gorionik i rezervoar za pelet. U kotao je preporu\u010dljivo ugraditi set za pove\u0107anje [&hellip;]<\/p>\n","protected":false},"featured_media":0,"template":"","meta":[],"product_brand":[],"product_cat":[4206,4205,4207],"product_tag":[],"class_list":{"0":"post-16046","1":"product","2":"type-product","3":"status-publish","5":"product_cat-kombinovani-kotlovi-cvrsto","6":"product_cat-kotlovi-i-kamini-na-pelet","7":"product_cat-pelet","9":"first","10":"instock","11":"purchasable","12":"product-type-simple"},"_links":{"self":[{"href":"https:\/\/hidroterm.dmcsrbija.com\/ru\/wp-json\/wp\/v2\/product\/16046","targetHints":{"allow":["GET"]}}],"collection":[{"href":"https:\/\/hidroterm.dmcsrbija.com\/ru\/wp-json\/wp\/v2\/product"}],"about":[{"href":"https:\/\/hidroterm.dmcsrbija.com\/ru\/wp-json\/wp\/v2\/types\/product"}],"wp:attachment":[{"href":"https:\/\/hidroterm.dmcsrbija.com\/ru\/wp-json\/wp\/v2\/media?parent=16046"}],"wp:term":[{"taxonomy":"product_brand","embeddable":true,"href":"https:\/\/hidroterm.dmcsrbija.com\/ru\/wp-json\/wp\/v2\/product_brand?post=16046"},{"taxonomy":"product_cat","embeddable":true,"href":"https:\/\/hidroterm.dmcsrbija.com\/ru\/wp-json\/wp\/v2\/product_cat?post=16046"},{"taxonomy":"product_tag","embeddable":true,"href":"https:\/\/hidroterm.dmcsrbija.com\/ru\/wp-json\/wp\/v2\/product_tag?post=16046"}],"curies":[{"name":"wp","href":"https:\/\/api.w.org\/{rel}","templated":true}]}}