{"id":16042,"date":"2025-07-15T10:58:35","date_gmt":"2025-07-15T08:58:35","guid":{"rendered":"https:\/\/foxit-technology.com\/proizvod\/set-na-pelet-logan-ferroli\/"},"modified":"2025-07-15T10:58:37","modified_gmt":"2025-07-15T08:58:37","slug":"set-na-pelet-logan-ferroli","status":"publish","type":"product","link":"https:\/\/hidroterm.dmcsrbija.com\/ru\/proizvod\/set-na-pelet-logan-ferroli\/","title":{"rendered":"Set na pelet Logan + Ferroli"},"content":{"rendered":"<p>Liveni kotao Logan je mogu\u0107e dodatno unaprediti italijanskim gorionikom Feroli kako bi se omogu\u0107ilo kori\u0161\u0107enje peleta \u010dime se istovremeno obezbe\u0111uje maksimalna iskori\u0161\u0107enost ovog kotla. Dodatnom ugradnjom donjih vrata i usmeriva\u010da plamena, obezbe\u0111uje se lako i efikasno prela\u017eenje sa \u010dvrstog goriva na pelet i obrnuto.<\/p>\n<p>*Uz kotao se dobijaju i rezervna vrata. Mogu\u0107a je korekcija cena ukoliko se ne isporu\u010duju dodatna vrata.<\/p>","protected":false},"excerpt":{"rendered":"<p>Liveni kotao Logan je mogu\u0107e dodatno unaprediti italijanskim gorionikom Feroli kako bi se omogu\u0107ilo kori\u0161\u0107enje peleta \u010dime se istovremeno obezbe\u0111uje maksimalna iskori\u0161\u0107enost ovog kotla. Dodatnom ugradnjom donjih vrata i usmeriva\u010da plamena, obezbe\u0111uje se lako i efikasno prela\u017eenje sa \u010dvrstog goriva na pelet i obrnuto. *Uz kotao se dobijaju i rezervna vrata. Mogu\u0107a je korekcija cena [&hellip;]<\/p>\n","protected":false},"featured_media":16043,"template":"","meta":[],"product_brand":[4187],"product_cat":[4206,4205,4207],"product_tag":[],"class_list":{"0":"post-16042","1":"product","2":"type-product","3":"status-publish","4":"has-post-thumbnail","6":"product_brand-logan","7":"product_cat-kombinovani-kotlovi-cvrsto","8":"product_cat-kotlovi-i-kamini-na-pelet","9":"product_cat-pelet","11":"first","12":"instock","13":"purchasable","14":"product-type-simple"},"_links":{"self":[{"href":"https:\/\/hidroterm.dmcsrbija.com\/ru\/wp-json\/wp\/v2\/product\/16042","targetHints":{"allow":["GET"]}}],"collection":[{"href":"https:\/\/hidroterm.dmcsrbija.com\/ru\/wp-json\/wp\/v2\/product"}],"about":[{"href":"https:\/\/hidroterm.dmcsrbija.com\/ru\/wp-json\/wp\/v2\/types\/product"}],"wp:featuredmedia":[{"embeddable":true,"href":"https:\/\/hidroterm.dmcsrbija.com\/ru\/wp-json\/wp\/v2\/media\/16043"}],"wp:attachment":[{"href":"https:\/\/hidroterm.dmcsrbija.com\/ru\/wp-json\/wp\/v2\/media?parent=16042"}],"wp:term":[{"taxonomy":"product_brand","embeddable":true,"href":"https:\/\/hidroterm.dmcsrbija.com\/ru\/wp-json\/wp\/v2\/product_brand?post=16042"},{"taxonomy":"product_cat","embeddable":true,"href":"https:\/\/hidroterm.dmcsrbija.com\/ru\/wp-json\/wp\/v2\/product_cat?post=16042"},{"taxonomy":"product_tag","embeddable":true,"href":"https:\/\/hidroterm.dmcsrbija.com\/ru\/wp-json\/wp\/v2\/product_tag?post=16042"}],"curies":[{"name":"wp","href":"https:\/\/api.w.org\/{rel}","templated":true}]}}