{"id":16038,"date":"2025-07-15T10:58:35","date_gmt":"2025-07-15T08:58:35","guid":{"rendered":"https:\/\/foxit-technology.com\/proizvod\/set-za-povecanje-efikasnosti-za-kotlove-sa-gorionikom-za-pelet\/"},"modified":"2025-07-15T10:58:37","modified_gmt":"2025-07-15T08:58:37","slug":"set-za-povecanje-efikasnosti-za-kotlove-sa-gorionikom-za-pelet","status":"publish","type":"product","link":"https:\/\/hidroterm.dmcsrbija.com\/ru\/proizvod\/set-za-povecanje-efikasnosti-za-kotlove-sa-gorionikom-za-pelet\/","title":{"rendered":"Set za pove\u0107anje efikasnosti za kotlove sa gorionikom za pelet"},"content":{"rendered":"<p>U Viadrus setove na pelet je preporu\u010dljivo ugraditi set za pove\u0107anje stepena iskori\u0161\u0107enja u vidu \u0161amotnih cigli , \u010dime se podi\u017ee stepen iskori\u0161\u0107enja i preko 90%. Postoji mogu\u0107nost i kupovine samo seta za pove\u0107anje efikasnosti za korisnike koji ve\u0107 poseduju kotlove. Ovaj komplet nije obavezan ali je vi\u0161estruko koristan, glavna uloga kompleta je da kontroli\u0161e brzinu i usmeri plamen da ima \u0161to du\u017ei put kroz kotao kako bi se pove\u0107alo iskori\u0161\u0107enje kotla i smanjila potro\u0161nja.<\/p>\n<p>Struktura seta: 6*&nbsp; \u0161amotna cigla<\/p>","protected":false},"excerpt":{"rendered":"<p>U Viadrus setove na pelet je preporu\u010dljivo ugraditi set za pove\u0107anje stepena iskori\u0161\u0107enja u vidu \u0161amotnih cigli , \u010dime se podi\u017ee stepen iskori\u0161\u0107enja i preko 90%. Postoji mogu\u0107nost i kupovine samo seta za pove\u0107anje efikasnosti za korisnike koji ve\u0107 poseduju kotlove. Ovaj komplet nije obavezan ali je vi\u0161estruko koristan, glavna uloga kompleta je da kontroli\u0161e [&hellip;]<\/p>\n","protected":false},"featured_media":16039,"template":"","meta":[],"product_brand":[],"product_cat":[4206,4205,4207],"product_tag":[],"class_list":{"0":"post-16038","1":"product","2":"type-product","3":"status-publish","4":"has-post-thumbnail","6":"product_cat-kombinovani-kotlovi-cvrsto","7":"product_cat-kotlovi-i-kamini-na-pelet","8":"product_cat-pelet","10":"first","11":"instock","12":"purchasable","13":"product-type-simple"},"_links":{"self":[{"href":"https:\/\/hidroterm.dmcsrbija.com\/ru\/wp-json\/wp\/v2\/product\/16038","targetHints":{"allow":["GET"]}}],"collection":[{"href":"https:\/\/hidroterm.dmcsrbija.com\/ru\/wp-json\/wp\/v2\/product"}],"about":[{"href":"https:\/\/hidroterm.dmcsrbija.com\/ru\/wp-json\/wp\/v2\/types\/product"}],"wp:featuredmedia":[{"embeddable":true,"href":"https:\/\/hidroterm.dmcsrbija.com\/ru\/wp-json\/wp\/v2\/media\/16039"}],"wp:attachment":[{"href":"https:\/\/hidroterm.dmcsrbija.com\/ru\/wp-json\/wp\/v2\/media?parent=16038"}],"wp:term":[{"taxonomy":"product_brand","embeddable":true,"href":"https:\/\/hidroterm.dmcsrbija.com\/ru\/wp-json\/wp\/v2\/product_brand?post=16038"},{"taxonomy":"product_cat","embeddable":true,"href":"https:\/\/hidroterm.dmcsrbija.com\/ru\/wp-json\/wp\/v2\/product_cat?post=16038"},{"taxonomy":"product_tag","embeddable":true,"href":"https:\/\/hidroterm.dmcsrbija.com\/ru\/wp-json\/wp\/v2\/product_tag?post=16038"}],"curies":[{"name":"wp","href":"https:\/\/api.w.org\/{rel}","templated":true}]}}