{"id":16036,"date":"2025-07-15T10:58:35","date_gmt":"2025-07-15T08:58:35","guid":{"rendered":"https:\/\/foxit-technology.com\/proizvod\/set-na-pelet-viadrus-lp-ferroli\/"},"modified":"2025-07-15T10:58:36","modified_gmt":"2025-07-15T08:58:36","slug":"set-na-pelet-viadrus-lp-ferroli","status":"publish","type":"product","link":"https:\/\/hidroterm.dmcsrbija.com\/ru\/proizvod\/set-na-pelet-viadrus-lp-ferroli\/","title":{"rendered":"Set na pelet Viadrus LP + Ferroli"},"content":{"rendered":"<p>Kada se radi o setovima na pelet, kombinacija Viadrus U22LP kotla i Ferroli gorionika, predstavlja pravi izbor. U kotao je preporu\u010dljivo ugraditi set za pove\u0107anje stepena iskori\u0161\u0107enja u vidu \u0161amotnih cigli i livenih pregrada za usmeravanje plamena, \u010dime se podi\u017ee stepen iskori\u0161\u0107enja i preko 90%. Postoji mogu\u0107nost i kupovine samo seta za pove\u0107anje efikasnosti za korisnike koji ve\u0107 poseduju Viadrus kotlove. U setu se dobija liveni kotao marke Viadrus, Ferroli gorionik i rezervoar za pelet kapaciteta 140kg. Na Viadrus koltlove sa 3 do 6 \u010dlanka ugra\u0111uje se gorionik Ferroli P7, dok se na kotlove koji imaju 7 do 10 \u010dlanaka ugra\u0111uje gorionik Ferroli P12.<\/p>\n<p>SET = Kotao VIADRUS LP U22 + FERROLI gorionik + Rezervoar za pelet*<\/p>\n<p>*Vrata i set za pove\u0107anje efikasnosti se kupuju posebno.<\/p>","protected":false},"excerpt":{"rendered":"<p>Kada se radi o setovima na pelet, kombinacija Viadrus U22LP kotla i Ferroli gorionika, predstavlja pravi izbor. U kotao je preporu\u010dljivo ugraditi set za pove\u0107anje stepena iskori\u0161\u0107enja u vidu \u0161amotnih cigli i livenih pregrada za usmeravanje plamena, \u010dime se podi\u017ee stepen iskori\u0161\u0107enja i preko 90%. Postoji mogu\u0107nost i kupovine samo seta za pove\u0107anje efikasnosti za [&hellip;]<\/p>\n","protected":false},"featured_media":16037,"template":"","meta":[],"product_brand":[],"product_cat":[4206,4205,4207],"product_tag":[],"class_list":{"0":"post-16036","1":"product","2":"type-product","3":"status-publish","4":"has-post-thumbnail","6":"product_cat-kombinovani-kotlovi-cvrsto","7":"product_cat-kotlovi-i-kamini-na-pelet","8":"product_cat-pelet","10":"first","11":"instock","12":"purchasable","13":"product-type-simple"},"_links":{"self":[{"href":"https:\/\/hidroterm.dmcsrbija.com\/ru\/wp-json\/wp\/v2\/product\/16036","targetHints":{"allow":["GET"]}}],"collection":[{"href":"https:\/\/hidroterm.dmcsrbija.com\/ru\/wp-json\/wp\/v2\/product"}],"about":[{"href":"https:\/\/hidroterm.dmcsrbija.com\/ru\/wp-json\/wp\/v2\/types\/product"}],"wp:featuredmedia":[{"embeddable":true,"href":"https:\/\/hidroterm.dmcsrbija.com\/ru\/wp-json\/wp\/v2\/media\/16037"}],"wp:attachment":[{"href":"https:\/\/hidroterm.dmcsrbija.com\/ru\/wp-json\/wp\/v2\/media?parent=16036"}],"wp:term":[{"taxonomy":"product_brand","embeddable":true,"href":"https:\/\/hidroterm.dmcsrbija.com\/ru\/wp-json\/wp\/v2\/product_brand?post=16036"},{"taxonomy":"product_cat","embeddable":true,"href":"https:\/\/hidroterm.dmcsrbija.com\/ru\/wp-json\/wp\/v2\/product_cat?post=16036"},{"taxonomy":"product_tag","embeddable":true,"href":"https:\/\/hidroterm.dmcsrbija.com\/ru\/wp-json\/wp\/v2\/product_tag?post=16036"}],"curies":[{"name":"wp","href":"https:\/\/api.w.org\/{rel}","templated":true}]}}