{"id":16032,"date":"2025-07-15T10:58:35","date_gmt":"2025-07-15T08:58:35","guid":{"rendered":"https:\/\/foxit-technology.com\/proizvod\/kotao-alfa-plam-wood\/"},"modified":"2025-07-15T10:58:35","modified_gmt":"2025-07-15T08:58:35","slug":"kotao-alfa-plam-wood","status":"publish","type":"product","link":"https:\/\/hidroterm.dmcsrbija.com\/ru\/proizvod\/kotao-alfa-plam-wood\/","title":{"rendered":"Kotao Alfa Plam Wood"},"content":{"rendered":"<p>Alfa Plam je kreirao moderan dizajn kotla koji je namenjen za uklapanje u svaki prostor. Unutra\u0161njost kotla izra\u0111ena je od kotlovskog lima a lo\u017ei\u0161te od specijalnog vodohla\u0111enog \u010delika. Kotao se karakteri\u0161e dobrom izolacijom a velika zapremina lo\u017ei\u0161ta produ\u017eava vreme izme\u0111u dva lo\u017ei\u0161ta. U kotlu se nalazi toplotni izmenjiva\u010d koji slu\u017ei kao termoosigura\u010d kao za\u0161tita od eventualnog pregrevanja kotla (ako je povezan sa termoventilom). Automatski regulator vazduha omogu\u0107ava da se preko temperature vode u kotlu pode\u0161ava snaga kotla. Dostupan u snagama od 25 kW do 50 kW.<\/p>","protected":false},"excerpt":{"rendered":"<p>Alfa Plam je kreirao moderan dizajn kotla koji je namenjen za uklapanje u svaki prostor. Unutra\u0161njost kotla izra\u0111ena je od kotlovskog lima a lo\u017ei\u0161te od specijalnog vodohla\u0111enog \u010delika. Kotao se karakteri\u0161e dobrom izolacijom a velika zapremina lo\u017ei\u0161ta produ\u017eava vreme izme\u0111u dva lo\u017ei\u0161ta. U kotlu se nalazi toplotni izmenjiva\u010d koji slu\u017ei kao termoosigura\u010d kao za\u0161tita od [&hellip;]<\/p>\n","protected":false},"featured_media":16033,"template":"","meta":[],"product_brand":[4202],"product_cat":[4193,4189],"product_tag":[],"class_list":{"0":"post-16032","1":"product","2":"type-product","3":"status-publish","4":"has-post-thumbnail","6":"product_brand-alfa-plam","7":"product_cat-celicni-kotlovi","8":"product_cat-kotlovi-na-cvrsto-gorivo","10":"first","11":"instock","12":"purchasable","13":"product-type-simple"},"_links":{"self":[{"href":"https:\/\/hidroterm.dmcsrbija.com\/ru\/wp-json\/wp\/v2\/product\/16032","targetHints":{"allow":["GET"]}}],"collection":[{"href":"https:\/\/hidroterm.dmcsrbija.com\/ru\/wp-json\/wp\/v2\/product"}],"about":[{"href":"https:\/\/hidroterm.dmcsrbija.com\/ru\/wp-json\/wp\/v2\/types\/product"}],"wp:featuredmedia":[{"embeddable":true,"href":"https:\/\/hidroterm.dmcsrbija.com\/ru\/wp-json\/wp\/v2\/media\/16033"}],"wp:attachment":[{"href":"https:\/\/hidroterm.dmcsrbija.com\/ru\/wp-json\/wp\/v2\/media?parent=16032"}],"wp:term":[{"taxonomy":"product_brand","embeddable":true,"href":"https:\/\/hidroterm.dmcsrbija.com\/ru\/wp-json\/wp\/v2\/product_brand?post=16032"},{"taxonomy":"product_cat","embeddable":true,"href":"https:\/\/hidroterm.dmcsrbija.com\/ru\/wp-json\/wp\/v2\/product_cat?post=16032"},{"taxonomy":"product_tag","embeddable":true,"href":"https:\/\/hidroterm.dmcsrbija.com\/ru\/wp-json\/wp\/v2\/product_tag?post=16032"}],"curies":[{"name":"wp","href":"https:\/\/api.w.org\/{rel}","templated":true}]}}