{"id":16030,"date":"2025-07-15T10:58:24","date_gmt":"2025-07-15T08:58:24","guid":{"rendered":"https:\/\/foxit-technology.com\/proizvod\/kotao-burnit-wbs\/"},"modified":"2025-07-15T10:58:32","modified_gmt":"2025-07-15T08:58:32","slug":"kotao-burnit-wbs","status":"publish","type":"product","link":"https:\/\/hidroterm.dmcsrbija.com\/ru\/proizvod\/kotao-burnit-wbs\/","title":{"rendered":"Kotao Burnit WBS"},"content":{"rendered":"<p>Burnit \u010deli\u010dni kotlovi na \u010dvrsto gorivo (drva i ugalj) sa mogu\u0107no\u0161\u0107u ugradnje gorionika na pelet. Otvor za gorionik sa posebno izra\u0111enim prirubnicama se nalazi na donjim vratima na kojima se montira Burnit gorionik za pelet. Kotao je izra\u0111en od kotlovskog \u010delika debljine 5 mm u komori za sagorevanje i 4 mm na hladnoj strani. Lo\u017ei\u0161te ima veliku povr\u0161inu za prenos toplote, velika vrata i lo\u017ei\u0161te je velikih dimenzija omogu\u0107ava lako lo\u017eenje (cepanice du\u017eine do 50cm). Lo\u017ei\u0161te poseduje i dodatnu metalnu za\u0161titnu re\u0161etku koja \u0161titi vodeni rost od o\u0161te\u0107enja i vatre. Sagorevanje kontroli\u0161e termostatski regulator promaje, potpuno mehani\u010dki ure\u0111aj koji obezbe\u0111uje krajnju pouzdanost. Na taj na\u010din se kontroli\u0161e dotok vazduha u komoru za sagorevanje, \u010dime se posti\u017ee optimalni re\u017eim rada kotla.<\/p>\n<p><em>*Isporu\u010duje se sa regulatorom promaje.<\/em><\/p>\n<div>Kotao na \u010dvrsto gorivo BURNiT WBS prednosti:<\/div>\n<div>&nbsp;<\/div>\n<div>\u2666&nbsp;Lo\u017ei\u0161te ima&nbsp;<b>veliku povr\u0161inu<\/b>&nbsp;za prenos toplote<\/div>\n<div>\u2666&nbsp;<b>Velika vrata&nbsp;<\/b>lo\u017ei\u0161ta omogu\u0107avanju lako lo\u017eenje \u010dvrstim gorivom (du\u017eina trupaca i do 50 cm)<\/div>\n<div>\u2666&nbsp;Dodatna metalna re\u0161etka za \u017ear&nbsp;<b>\u0161titi vodeni rost od o\u0161te\u0107enja i vatre<\/b><\/div>\n<div>\u2666&nbsp;Rebrasta povr\u0161ina lo\u017ei\u0161ta i tri promaje&nbsp;<b>pobolj\u0161avaju razmenu toplote<\/b><\/div>\n<div>\u2666&nbsp;Prirubnica na donjim vratima za montiranje gorionika na gas, naftu ili pelet (opciono)<\/div>\n<div>\u2666&nbsp;<b>Sigurnosni ure\u0111aji<\/b>:<\/div>\n<div>&nbsp;&nbsp; 1. Termostatski regulator promaje<\/div>\n<div>&nbsp;&nbsp; 2. Sigurnosni ventil 3 bara<\/div>\n<div>&nbsp;&nbsp; 3. Za\u0161titna zmija (izmenjiva\u010d) \u2013 u slu\u010daju pregrevanja, kroz nju proti\u010de hladna voda, koja sni\u017eava temperaturu kotla. Povezivanje kotla na vodovodnu mre\u017eu mora biti izvr\u0161eno pomo\u0107u termza\u0161titnog ventila (nije u sklopu kompleta).<\/div>","protected":false},"excerpt":{"rendered":"<p>Burnit \u010deli\u010dni kotlovi na \u010dvrsto gorivo (drva i ugalj) sa mogu\u0107no\u0161\u0107u ugradnje gorionika na pelet. Otvor za gorionik sa posebno izra\u0111enim prirubnicama se nalazi na donjim vratima na kojima se montira Burnit gorionik za pelet. Kotao je izra\u0111en od kotlovskog \u010delika debljine 5 mm u komori za sagorevanje i 4 mm na hladnoj strani. Lo\u017ei\u0161te [&hellip;]<\/p>\n","protected":false},"featured_media":16031,"template":"","meta":[],"product_brand":[4201],"product_cat":[4193,4189],"product_tag":[],"class_list":{"0":"post-16030","1":"product","2":"type-product","3":"status-publish","4":"has-post-thumbnail","6":"product_brand-sunsystem","7":"product_cat-celicni-kotlovi","8":"product_cat-kotlovi-na-cvrsto-gorivo","10":"first","11":"instock","12":"purchasable","13":"product-type-simple"},"_links":{"self":[{"href":"https:\/\/hidroterm.dmcsrbija.com\/ru\/wp-json\/wp\/v2\/product\/16030","targetHints":{"allow":["GET"]}}],"collection":[{"href":"https:\/\/hidroterm.dmcsrbija.com\/ru\/wp-json\/wp\/v2\/product"}],"about":[{"href":"https:\/\/hidroterm.dmcsrbija.com\/ru\/wp-json\/wp\/v2\/types\/product"}],"wp:featuredmedia":[{"embeddable":true,"href":"https:\/\/hidroterm.dmcsrbija.com\/ru\/wp-json\/wp\/v2\/media\/16031"}],"wp:attachment":[{"href":"https:\/\/hidroterm.dmcsrbija.com\/ru\/wp-json\/wp\/v2\/media?parent=16030"}],"wp:term":[{"taxonomy":"product_brand","embeddable":true,"href":"https:\/\/hidroterm.dmcsrbija.com\/ru\/wp-json\/wp\/v2\/product_brand?post=16030"},{"taxonomy":"product_cat","embeddable":true,"href":"https:\/\/hidroterm.dmcsrbija.com\/ru\/wp-json\/wp\/v2\/product_cat?post=16030"},{"taxonomy":"product_tag","embeddable":true,"href":"https:\/\/hidroterm.dmcsrbija.com\/ru\/wp-json\/wp\/v2\/product_tag?post=16030"}],"curies":[{"name":"wp","href":"https:\/\/api.w.org\/{rel}","templated":true}]}}