{"id":16028,"date":"2025-07-15T10:58:24","date_gmt":"2025-07-15T08:58:24","guid":{"rendered":"https:\/\/foxit-technology.com\/proizvod\/kotao-sukomplam-100kw-2mw\/"},"modified":"2025-07-15T10:58:32","modified_gmt":"2025-07-15T08:58:32","slug":"kotao-sukomplam-100kw-2mw","status":"publish","type":"product","link":"https:\/\/hidroterm.dmcsrbija.com\/ru\/proizvod\/kotao-sukomplam-100kw-2mw\/","title":{"rendered":"Kotao \u0160ukomplam 100kW-2MW"},"content":{"rendered":"<p>\u0160ukomplam mega su prvenstveno namenjeni spaljivanju raznog drvenog otpada. Tropromajni kotlovi sa visokim stepenom iskori\u0161\u0107enja namenjeni su zahtevima za velikom snagom kotlova. Dostupni u snagama od 100kW do 2 mW.<\/p>","protected":false},"excerpt":{"rendered":"<p>\u0160ukomplam mega su prvenstveno namenjeni spaljivanju raznog drvenog otpada. Tropromajni kotlovi sa visokim stepenom iskori\u0161\u0107enja namenjeni su zahtevima za velikom snagom kotlova. Dostupni u snagama od 100kW do 2 mW.<\/p>","protected":false},"featured_media":16029,"template":"","meta":[],"product_brand":[4200],"product_cat":[4193,4189],"product_tag":[],"class_list":{"0":"post-16028","1":"product","2":"type-product","3":"status-publish","4":"has-post-thumbnail","6":"product_brand-sukom","7":"product_cat-celicni-kotlovi","8":"product_cat-kotlovi-na-cvrsto-gorivo","10":"first","11":"instock","12":"purchasable","13":"product-type-simple"},"_links":{"self":[{"href":"https:\/\/hidroterm.dmcsrbija.com\/ru\/wp-json\/wp\/v2\/product\/16028","targetHints":{"allow":["GET"]}}],"collection":[{"href":"https:\/\/hidroterm.dmcsrbija.com\/ru\/wp-json\/wp\/v2\/product"}],"about":[{"href":"https:\/\/hidroterm.dmcsrbija.com\/ru\/wp-json\/wp\/v2\/types\/product"}],"wp:featuredmedia":[{"embeddable":true,"href":"https:\/\/hidroterm.dmcsrbija.com\/ru\/wp-json\/wp\/v2\/media\/16029"}],"wp:attachment":[{"href":"https:\/\/hidroterm.dmcsrbija.com\/ru\/wp-json\/wp\/v2\/media?parent=16028"}],"wp:term":[{"taxonomy":"product_brand","embeddable":true,"href":"https:\/\/hidroterm.dmcsrbija.com\/ru\/wp-json\/wp\/v2\/product_brand?post=16028"},{"taxonomy":"product_cat","embeddable":true,"href":"https:\/\/hidroterm.dmcsrbija.com\/ru\/wp-json\/wp\/v2\/product_cat?post=16028"},{"taxonomy":"product_tag","embeddable":true,"href":"https:\/\/hidroterm.dmcsrbija.com\/ru\/wp-json\/wp\/v2\/product_tag?post=16028"}],"curies":[{"name":"wp","href":"https:\/\/api.w.org\/{rel}","templated":true}]}}