{"id":16026,"date":"2025-07-15T10:58:24","date_gmt":"2025-07-15T08:58:24","guid":{"rendered":"https:\/\/foxit-technology.com\/proizvod\/kotao-sukomplam-multi\/"},"modified":"2025-07-15T10:58:31","modified_gmt":"2025-07-15T08:58:31","slug":"kotao-sukomplam-multi","status":"publish","type":"product","link":"https:\/\/hidroterm.dmcsrbija.com\/ru\/proizvod\/kotao-sukomplam-multi\/","title":{"rendered":"Kotao \u0160ukomplam multi"},"content":{"rendered":"<p>\u0160ukomplam multi je kombinovani trajno\u017eare\u0107i kotao sa tri promaje. \u0160ukomplam multi su specijalizvani kotlovi namenjeni za grejanje pomo\u0107u vi\u0161e vrsta goriva. Jednostavnom ugradnjom gorionika na donjim vratima dobija se mogu\u0107nost grejanja na vi\u0161e vrsta goriva. Prilikom ugradnje gorionika unutar kotla ubacuju se turbulatori \u010dime se pove\u0107ava stepen iskori\u0161\u0107enja kotla do 90%.<\/p>","protected":false},"excerpt":{"rendered":"<p>\u0160ukomplam multi je kombinovani trajno\u017eare\u0107i kotao sa tri promaje. \u0160ukomplam multi su specijalizvani kotlovi namenjeni za grejanje pomo\u0107u vi\u0161e vrsta goriva. Jednostavnom ugradnjom gorionika na donjim vratima dobija se mogu\u0107nost grejanja na vi\u0161e vrsta goriva. Prilikom ugradnje gorionika unutar kotla ubacuju se turbulatori \u010dime se pove\u0107ava stepen iskori\u0161\u0107enja kotla do 90%.<\/p>","protected":false},"featured_media":16027,"template":"","meta":[],"product_brand":[4200],"product_cat":[4193,4189],"product_tag":[],"class_list":{"0":"post-16026","1":"product","2":"type-product","3":"status-publish","4":"has-post-thumbnail","6":"product_brand-sukom","7":"product_cat-celicni-kotlovi","8":"product_cat-kotlovi-na-cvrsto-gorivo","10":"first","11":"instock","12":"purchasable","13":"product-type-simple"},"_links":{"self":[{"href":"https:\/\/hidroterm.dmcsrbija.com\/ru\/wp-json\/wp\/v2\/product\/16026","targetHints":{"allow":["GET"]}}],"collection":[{"href":"https:\/\/hidroterm.dmcsrbija.com\/ru\/wp-json\/wp\/v2\/product"}],"about":[{"href":"https:\/\/hidroterm.dmcsrbija.com\/ru\/wp-json\/wp\/v2\/types\/product"}],"wp:featuredmedia":[{"embeddable":true,"href":"https:\/\/hidroterm.dmcsrbija.com\/ru\/wp-json\/wp\/v2\/media\/16027"}],"wp:attachment":[{"href":"https:\/\/hidroterm.dmcsrbija.com\/ru\/wp-json\/wp\/v2\/media?parent=16026"}],"wp:term":[{"taxonomy":"product_brand","embeddable":true,"href":"https:\/\/hidroterm.dmcsrbija.com\/ru\/wp-json\/wp\/v2\/product_brand?post=16026"},{"taxonomy":"product_cat","embeddable":true,"href":"https:\/\/hidroterm.dmcsrbija.com\/ru\/wp-json\/wp\/v2\/product_cat?post=16026"},{"taxonomy":"product_tag","embeddable":true,"href":"https:\/\/hidroterm.dmcsrbija.com\/ru\/wp-json\/wp\/v2\/product_tag?post=16026"}],"curies":[{"name":"wp","href":"https:\/\/api.w.org\/{rel}","templated":true}]}}